{"id":800,"date":"2018-09-13T20:45:07","date_gmt":"2018-09-13T20:45:07","guid":{"rendered":"http:\/\/veda.polac.cz\/?page_id=800"},"modified":"2018-10-27T18:53:26","modified_gmt":"2018-10-27T18:53:26","slug":"7-2","status":"publish","type":"page","link":"https:\/\/veda.polac.cz\/?page_id=800","title":{"rendered":""},"content":{"rendered":"<p style=\"text-align: center;\">Resum\u00e9 \u010dl\u00e1nku<\/p>\n<p><strong>Role kraj\u016f \u010cesk\u00e9 republiky v oblasti poskytov\u00e1n\u00ed humanit\u00e1rn\u00ed pomoci<br \/>\n<\/strong><i>Mgr. Michaela Vladykov\u00e1, Za\u0159\u00edzen\u00ed slu\u017eeb pro Ministerstvo vnitra<\/p>\n<p><\/i>T\u00e9matem p\u0159edkl\u00e1dan\u00e9 studie je humanit\u00e1rn\u00ed pomoc s d\u016frazem na roli kraj\u016f v \u010cesk\u00e9 republice. Nejprve zde zazn\u00edv\u00e1 definice st\u011b\u017eejn\u00edch pojm\u016f, kter\u00e9 souvisej\u00ed se sledovan\u00fdm t\u00e9matem. Samostatn\u00e1 pozornost je v\u011bnov\u00e1na roli kraj\u016f \u010cesk\u00e9 republiky a p\u0159\u00edklad\u016fm jejich humanit\u00e1rn\u00edho anga\u017em\u00e1 doma i v zahrani\u010d\u00ed. Autorka p\u0159in\u00e1\u0161\u00ed ilustrativn\u00ed vhled do p\u0159\u00edstupu v r\u00e1mci n\u011bkter\u00fdch kraj\u016f.<br \/>\n<strong>Kl\u00ed\u010dov\u00e1 slova:\u00a0<\/strong>humanit\u00e1rn\u00ed pomoc, kraje, spolupr\u00e1ce, nevl\u00e1dn\u00ed neziskov\u00e9 organizace.<\/p>\n<p><a href=\"https:\/\/veda.polac.cz\/?page_id=785\">03\/2014<\/a><\/p>\n","protected":false},"excerpt":{"rendered":"<p>Resum\u00e9 \u010dl\u00e1nku Role kraj\u016f \u010cesk\u00e9 republiky v oblasti poskytov\u00e1n\u00ed humanit\u00e1rn\u00ed pomoci Mgr. Michaela Vladykov\u00e1, Za\u0159\u00edzen\u00ed slu\u017eeb pro Ministerstvo vnitra T\u00e9matem p\u0159edkl\u00e1dan\u00e9 studie je humanit\u00e1rn\u00ed pomoc s d\u016frazem na roli kraj\u016f v \u010cesk\u00e9 republice. Nejprve zde zazn\u00edv\u00e1 definice st\u011b\u017eejn\u00edch pojm\u016f, kter\u00e9 souvisej\u00ed se sledovan\u00fdm t\u00e9matem. Samostatn\u00e1 pozornost je v\u011bnov\u00e1na roli kraj\u016f \u010cesk\u00e9 republiky a p\u0159\u00edklad\u016fm jejich [&hellip;]<\/p>\n","protected":false},"author":2,"featured_media":0,"parent":785,"menu_order":7,"comment_status":"closed","ping_status":"closed","template":"","meta":{"footnotes":""},"class_list":["post-800","page","type-page","status-publish","hentry"],"_links":{"self":[{"href":"https:\/\/veda.polac.cz\/index.php?rest_route=\/wp\/v2\/pages\/800","targetHints":{"allow":["GET"]}}],"collection":[{"href":"https:\/\/veda.polac.cz\/index.php?rest_route=\/wp\/v2\/pages"}],"about":[{"href":"https:\/\/veda.polac.cz\/index.php?rest_route=\/wp\/v2\/types\/page"}],"author":[{"embeddable":true,"href":"https:\/\/veda.polac.cz\/index.php?rest_route=\/wp\/v2\/users\/2"}],"replies":[{"embeddable":true,"href":"https:\/\/veda.polac.cz\/index.php?rest_route=%2Fwp%2Fv2%2Fcomments&post=800"}],"version-history":[{"count":2,"href":"https:\/\/veda.polac.cz\/index.php?rest_route=\/wp\/v2\/pages\/800\/revisions"}],"predecessor-version":[{"id":813,"href":"https:\/\/veda.polac.cz\/index.php?rest_route=\/wp\/v2\/pages\/800\/revisions\/813"}],"up":[{"embeddable":true,"href":"https:\/\/veda.polac.cz\/index.php?rest_route=\/wp\/v2\/pages\/785"}],"wp:attachment":[{"href":"https:\/\/veda.polac.cz\/index.php?rest_route=%2Fwp%2Fv2%2Fmedia&parent=800"}],"curies":[{"name":"wp","href":"https:\/\/api.w.org\/{rel}","templated":true}]}}