{"id":796,"date":"2018-09-13T20:42:51","date_gmt":"2018-09-13T20:42:51","guid":{"rendered":"http:\/\/veda.polac.cz\/?page_id=796"},"modified":"2018-10-27T18:53:26","modified_gmt":"2018-10-27T18:53:26","slug":"5-2","status":"publish","type":"page","link":"https:\/\/veda.polac.cz\/?page_id=796","title":{"rendered":""},"content":{"rendered":"<p style=\"text-align: center;\">Resum\u00e9 \u010dl\u00e1nku<\/p>\n<p><strong>Trestn\u00e1 \u010dinnost s extremistick\u00fdm podtextem a &#8222;hate crimes&#8220;<br \/>\n<\/strong><i>doc. Ing. Dr. \u0160tefan Danics, Ph.D., Fakulta bezpe\u010dnostn\u00edch managementu PA \u010cR v Praze, katedra spole\u010densk\u00fdch v\u011bd<\/p>\n<p><\/i>Autor hodl\u00e1 ve sv\u00e9m \u010dl\u00e1nku p\u0159ibl\u00ed\u017eit trestnou \u010dinnost s extremistick\u00fdm podtextem a jej\u00ed dlouhodob\u011bj\u0161\u00ed trendy v \u010cesk\u00e9 republice. Trestn\u00e1 \u010dinnost s extremistick\u00fdm podtextem v\u00e1\u017en\u011b naru\u0161uje nejenom z\u00e1kladn\u00ed lidsk\u00e1 pr\u00e1va, ale i hodnoty demokratick\u00e9ho st\u00e1tu. Tento typ trestn\u00e9 \u010dinnosti je u n\u00e1s sice margin\u00e1ln\u00ed, ale m\u00e1 vysokou latentnost a spole\u010denskou \u0161kodlivost, a proto demokratick\u00e9 st\u00e1ty po\u017eaduj\u00ed tvrd\u0161\u00ed sankce. V \u010dl\u00e1nku budou p\u0159ibl\u00ed\u017eeny i probl\u00e9my statistick\u00e9ho evidov\u00e1n\u00ed a vykazov\u00e1n\u00ed t\u00e9to trestn\u00e9 \u010dinnosti. Pro srovn\u00e1n\u00ed bude nast\u00edn\u011bn i koncept &#8222;hate crimes&#8220;.<br \/>\n<strong>Kl\u00ed\u010dov\u00e1 slova:<\/strong>\u00a0Trestn\u00e1 \u010dinnost s extremistick\u00fdm podtextem, dlouhodob\u00e9 trendy, latence, ideologick\u00e9 motivy, statistika extremistick\u00e9 kriminality, koncept &#8222;hate crimes&#8220;.<\/p>\n<p><a href=\"https:\/\/veda.polac.cz\/?page_id=785\">03\/2014<\/a><\/p>\n","protected":false},"excerpt":{"rendered":"<p>Resum\u00e9 \u010dl\u00e1nku Trestn\u00e1 \u010dinnost s extremistick\u00fdm podtextem a &#8222;hate crimes&#8220; doc. Ing. Dr. \u0160tefan Danics, Ph.D., Fakulta bezpe\u010dnostn\u00edch managementu PA \u010cR v Praze, katedra spole\u010densk\u00fdch v\u011bd Autor hodl\u00e1 ve sv\u00e9m \u010dl\u00e1nku p\u0159ibl\u00ed\u017eit trestnou \u010dinnost s extremistick\u00fdm podtextem a jej\u00ed dlouhodob\u011bj\u0161\u00ed trendy v \u010cesk\u00e9 republice. Trestn\u00e1 \u010dinnost s extremistick\u00fdm podtextem v\u00e1\u017en\u011b naru\u0161uje nejenom z\u00e1kladn\u00ed lidsk\u00e1 pr\u00e1va, [&hellip;]<\/p>\n","protected":false},"author":2,"featured_media":0,"parent":785,"menu_order":5,"comment_status":"closed","ping_status":"closed","template":"","meta":{"footnotes":""},"class_list":["post-796","page","type-page","status-publish","hentry"],"_links":{"self":[{"href":"https:\/\/veda.polac.cz\/index.php?rest_route=\/wp\/v2\/pages\/796","targetHints":{"allow":["GET"]}}],"collection":[{"href":"https:\/\/veda.polac.cz\/index.php?rest_route=\/wp\/v2\/pages"}],"about":[{"href":"https:\/\/veda.polac.cz\/index.php?rest_route=\/wp\/v2\/types\/page"}],"author":[{"embeddable":true,"href":"https:\/\/veda.polac.cz\/index.php?rest_route=\/wp\/v2\/users\/2"}],"replies":[{"embeddable":true,"href":"https:\/\/veda.polac.cz\/index.php?rest_route=%2Fwp%2Fv2%2Fcomments&post=796"}],"version-history":[{"count":2,"href":"https:\/\/veda.polac.cz\/index.php?rest_route=\/wp\/v2\/pages\/796\/revisions"}],"predecessor-version":[{"id":811,"href":"https:\/\/veda.polac.cz\/index.php?rest_route=\/wp\/v2\/pages\/796\/revisions\/811"}],"up":[{"embeddable":true,"href":"https:\/\/veda.polac.cz\/index.php?rest_route=\/wp\/v2\/pages\/785"}],"wp:attachment":[{"href":"https:\/\/veda.polac.cz\/index.php?rest_route=%2Fwp%2Fv2%2Fmedia&parent=796"}],"curies":[{"name":"wp","href":"https:\/\/api.w.org\/{rel}","templated":true}]}}