{"id":794,"date":"2018-09-13T20:42:00","date_gmt":"2018-09-13T20:42:00","guid":{"rendered":"http:\/\/veda.polac.cz\/?page_id=794"},"modified":"2018-10-27T18:53:26","modified_gmt":"2018-10-27T18:53:26","slug":"4-2","status":"publish","type":"page","link":"https:\/\/veda.polac.cz\/?page_id=794","title":{"rendered":""},"content":{"rendered":"<p style=\"text-align: center;\">Resum\u00e9 \u010dl\u00e1nku<\/p>\n<p><strong>Teoretick\u00e9 vymezen\u00ed subjekt\u016f pr\u00e1vn\u00edch vztah\u016f a jejich jedn\u00e1n\u00ed ve sv\u011btle nov\u00e9ho ob\u010dansk\u00e9ho z\u00e1kon\u00edku<br \/>\n<\/strong><i>JUDr. Zden\u011bk Fiala, Ph.D., Fakulta bezpe\u010dnostn\u00edho managementu PA \u010cR v Praze katedra ve\u0159ejn\u00e9 spr\u00e1vy<br \/>\nJUDr. Olga Sovov\u00e1, Ph.D., \u00dastav soci\u00e1ln\u00ed pr\u00e1ce Univerzity Hradec Kr\u00e1lov\u00e9<\/p>\n<p><\/i>P\u0159\u00edsp\u011bvek se zab\u00fdv\u00e1 teoretick\u00fdm vymezen\u00edm subjekt\u016f pr\u00e1vn\u00edch vztah\u016f a jejich jedn\u00e1n\u00edm v n\u00e1vaznosti na zm\u011bny, kter\u00e9 v t\u00e9to oblasti p\u0159inesla rekodifikace soukrom\u00e9ho pr\u00e1va. P\u016fvodn\u011b vznikl pro pot\u0159eby \u0161kolen\u00ed v r\u00e1mci kurz\u016f celo\u017eivotn\u00edho vzd\u011bl\u00e1v\u00e1n\u00ed, tj. text je ur\u010den prim\u00e1rn\u011b k pedagogick\u00fdm \u00fa\u010del\u016fm a tomu odpov\u00edd\u00e1 i zp\u016fsob jeho zpracov\u00e1n\u00ed a pro \u010dten\u00e1\u0159e tohoto periodika m\u016f\u017ee m\u00edt toliko informa\u010dn\u00edho hodnotu.<br \/>\n<strong>Kl\u00ed\u010dov\u00e1 slova:<\/strong>\u00a0nov\u00fd ob\u010dansk\u00fd z\u00e1kon\u00edk, subjekty pr\u00e1vn\u00edch vztah\u016f, pr\u00e1vn\u00ed jedn\u00e1n\u00ed.<i><br \/>\n<\/i><\/p>\n<p><a href=\"https:\/\/veda.polac.cz\/?page_id=785\">03\/2014<\/a><\/p>\n","protected":false},"excerpt":{"rendered":"<p>Resum\u00e9 \u010dl\u00e1nku Teoretick\u00e9 vymezen\u00ed subjekt\u016f pr\u00e1vn\u00edch vztah\u016f a jejich jedn\u00e1n\u00ed ve sv\u011btle nov\u00e9ho ob\u010dansk\u00e9ho z\u00e1kon\u00edku JUDr. Zden\u011bk Fiala, Ph.D., Fakulta bezpe\u010dnostn\u00edho managementu PA \u010cR v Praze katedra ve\u0159ejn\u00e9 spr\u00e1vy JUDr. Olga Sovov\u00e1, Ph.D., \u00dastav soci\u00e1ln\u00ed pr\u00e1ce Univerzity Hradec Kr\u00e1lov\u00e9 P\u0159\u00edsp\u011bvek se zab\u00fdv\u00e1 teoretick\u00fdm vymezen\u00edm subjekt\u016f pr\u00e1vn\u00edch vztah\u016f a jejich jedn\u00e1n\u00edm v n\u00e1vaznosti na zm\u011bny, kter\u00e9 [&hellip;]<\/p>\n","protected":false},"author":2,"featured_media":0,"parent":785,"menu_order":4,"comment_status":"closed","ping_status":"closed","template":"","meta":{"footnotes":""},"class_list":["post-794","page","type-page","status-publish","hentry"],"_links":{"self":[{"href":"https:\/\/veda.polac.cz\/index.php?rest_route=\/wp\/v2\/pages\/794","targetHints":{"allow":["GET"]}}],"collection":[{"href":"https:\/\/veda.polac.cz\/index.php?rest_route=\/wp\/v2\/pages"}],"about":[{"href":"https:\/\/veda.polac.cz\/index.php?rest_route=\/wp\/v2\/types\/page"}],"author":[{"embeddable":true,"href":"https:\/\/veda.polac.cz\/index.php?rest_route=\/wp\/v2\/users\/2"}],"replies":[{"embeddable":true,"href":"https:\/\/veda.polac.cz\/index.php?rest_route=%2Fwp%2Fv2%2Fcomments&post=794"}],"version-history":[{"count":2,"href":"https:\/\/veda.polac.cz\/index.php?rest_route=\/wp\/v2\/pages\/794\/revisions"}],"predecessor-version":[{"id":810,"href":"https:\/\/veda.polac.cz\/index.php?rest_route=\/wp\/v2\/pages\/794\/revisions\/810"}],"up":[{"embeddable":true,"href":"https:\/\/veda.polac.cz\/index.php?rest_route=\/wp\/v2\/pages\/785"}],"wp:attachment":[{"href":"https:\/\/veda.polac.cz\/index.php?rest_route=%2Fwp%2Fv2%2Fmedia&parent=794"}],"curies":[{"name":"wp","href":"https:\/\/api.w.org\/{rel}","templated":true}]}}