{"id":792,"date":"2018-09-13T20:41:02","date_gmt":"2018-09-13T20:41:02","guid":{"rendered":"http:\/\/veda.polac.cz\/?page_id=792"},"modified":"2018-10-27T18:53:26","modified_gmt":"2018-10-27T18:53:26","slug":"3-2","status":"publish","type":"page","link":"https:\/\/veda.polac.cz\/?page_id=792","title":{"rendered":""},"content":{"rendered":"<p style=\"text-align: center;\">Resum\u00e9 \u010dl\u00e1nku<\/p>\n<p><strong>Aktu\u00e1ln\u00ed problematika trestnosti pr\u00e1vnick\u00fdch osob. \u00davahy de lege lata a de lege ferenda<br \/>\n<\/strong><i>JUDr. Olga Sovov\u00e1, Ph.D., \u00dastav soci\u00e1ln\u00ed pr\u00e1ce univerzity Hradec Kr\u00e1lov\u00e9<br \/>\nprof. JUDr. Dagmar C\u00edsa\u0159ov\u00e1, DrSc., Fakulta bezpe\u010dnostn\u011b pr\u00e1vn\u00ed PA \u010cR v Praze, katedra trestn\u00edho pr\u00e1va,<\/p>\n<p><\/i>P\u0159\u00edsp\u011bvek se zab\u00fdv\u00e1 trestn\u00ed odpov\u011bdnost\u00ed pr\u00e1vnick\u00fdch osob metodou historick\u00e9ho v\u00fdkladu a v\u00fdkladu od obecn\u00e9ho ke zvl\u00e1\u0161tn\u00edmu. V \u00favodu jsou shrnuty n\u00e1zory \u010desk\u00e9 doktr\u00edny na trestn\u00ed odpov\u011bdnost pr\u00e1vnick\u00fdch osob a jej\u00ed aplikaci v \u010desk\u00e9m pr\u00e1vu. \u010cl\u00e1nek d\u00e1le poukazuje na probl\u00e9my, kter\u00e9 je nutn\u00e9 \u0159e\u0161it v souvislosti s rekodifikac\u00ed soukrom\u00e9ho pr\u00e1va. Pozornost je v\u011bnov\u00e1na odpov\u011bdnosti poskytovatele zdravotn\u00ed p\u00e9\u010de a p\u0159\u00edpadn\u00e9 mo\u017en\u00e9 p\u0159i\u010ditatelnosti t\u00e9to odpov\u011bdnosti provozovateli zdravotnick\u00e9ho za\u0159\u00edzen\u00ed. V souvislosti s novou pr\u00e1vn\u00ed \u00fapravou obchodn\u00edch korporac\u00ed a p\u00e9\u010d\u00ed \u0159\u00e1dn\u00e9ho hospod\u00e1\u0159e je diskutov\u00e1no o ot\u00e1zce odpov\u011bdnosti mladistv\u00e9ho v p\u0159\u00edpad\u011b, \u017ee je mu rozhodnut\u00edm soudu p\u0159izn\u00e1na sv\u00e9pr\u00e1vnost. Z\u00e1v\u011br \u010dl\u00e1nku se zab\u00fdv\u00e1 n\u00e1m\u011bty pro aktu\u00e1ln\u011b diskutovanou novelizaci z\u00e1kona o trestn\u00ed odpov\u011bdnosti pr\u00e1vnick\u00fdch osob.<br \/>\n<strong>Kl\u00ed\u010dov\u00e1 slova:<\/strong>\u00a0trestn\u00ed odpov\u011bdnost, p\u0159i\u010ditatelnost, pr\u00e1vnick\u00e1 osoba, fyzick\u00e1 osoba, mladistv\u00fd, obchodn\u00ed korporace, statut\u00e1rn\u00ed org\u00e1n, poskytovatel zdravotn\u00ed p\u00e9\u010de.<\/p>\n<p><a href=\"https:\/\/veda.polac.cz\/?page_id=785\">03\/2014<\/a><\/p>\n","protected":false},"excerpt":{"rendered":"<p>Resum\u00e9 \u010dl\u00e1nku Aktu\u00e1ln\u00ed problematika trestnosti pr\u00e1vnick\u00fdch osob. \u00davahy de lege lata a de lege ferenda JUDr. Olga Sovov\u00e1, Ph.D., \u00dastav soci\u00e1ln\u00ed pr\u00e1ce univerzity Hradec Kr\u00e1lov\u00e9 prof. JUDr. Dagmar C\u00edsa\u0159ov\u00e1, DrSc., Fakulta bezpe\u010dnostn\u011b pr\u00e1vn\u00ed PA \u010cR v Praze, katedra trestn\u00edho pr\u00e1va, P\u0159\u00edsp\u011bvek se zab\u00fdv\u00e1 trestn\u00ed odpov\u011bdnost\u00ed pr\u00e1vnick\u00fdch osob metodou historick\u00e9ho v\u00fdkladu a v\u00fdkladu od obecn\u00e9ho ke [&hellip;]<\/p>\n","protected":false},"author":2,"featured_media":0,"parent":785,"menu_order":3,"comment_status":"closed","ping_status":"closed","template":"","meta":{"footnotes":""},"class_list":["post-792","page","type-page","status-publish","hentry"],"_links":{"self":[{"href":"https:\/\/veda.polac.cz\/index.php?rest_route=\/wp\/v2\/pages\/792","targetHints":{"allow":["GET"]}}],"collection":[{"href":"https:\/\/veda.polac.cz\/index.php?rest_route=\/wp\/v2\/pages"}],"about":[{"href":"https:\/\/veda.polac.cz\/index.php?rest_route=\/wp\/v2\/types\/page"}],"author":[{"embeddable":true,"href":"https:\/\/veda.polac.cz\/index.php?rest_route=\/wp\/v2\/users\/2"}],"replies":[{"embeddable":true,"href":"https:\/\/veda.polac.cz\/index.php?rest_route=%2Fwp%2Fv2%2Fcomments&post=792"}],"version-history":[{"count":2,"href":"https:\/\/veda.polac.cz\/index.php?rest_route=\/wp\/v2\/pages\/792\/revisions"}],"predecessor-version":[{"id":809,"href":"https:\/\/veda.polac.cz\/index.php?rest_route=\/wp\/v2\/pages\/792\/revisions\/809"}],"up":[{"embeddable":true,"href":"https:\/\/veda.polac.cz\/index.php?rest_route=\/wp\/v2\/pages\/785"}],"wp:attachment":[{"href":"https:\/\/veda.polac.cz\/index.php?rest_route=%2Fwp%2Fv2%2Fmedia&parent=792"}],"curies":[{"name":"wp","href":"https:\/\/api.w.org\/{rel}","templated":true}]}}