{"id":785,"date":"2018-09-13T20:38:01","date_gmt":"2018-09-13T20:38:01","guid":{"rendered":"http:\/\/veda.polac.cz\/?page_id=785"},"modified":"2019-04-18T10:48:53","modified_gmt":"2019-04-18T10:48:53","slug":"03-2014","status":"publish","type":"page","link":"https:\/\/veda.polac.cz\/?page_id=785","title":{"rendered":"03\/2014"},"content":{"rendered":"<p><a href=\"https:\/\/veda.polac.cz\/?page_id=771\"><strong>Hrozby a \u00fatoky z kyberprostoru\u00a0<\/strong><\/a><br \/>\nJUDr. Petr Vo\u0159\u00ed\u0161ek<\/p>\n<hr \/>\n<p><a href=\"https:\/\/veda.polac.cz\/?page_id=790\"><strong>Anal\u00fdza v\u00fdsledk\u016f celo\u017eivotn\u00edho vzd\u011bl\u00e1v\u00e1n\u00ed na Policejn\u00ed akademii \u010cR v Praze v akademick\u00e9m roce 2013\/2014 a jejich srovn\u00e1n\u00ed s p\u0159edch\u00e1zej\u00edc\u00edm obdob\u00edm 2012\/2013\u00a0<\/strong><\/a><br \/>\nDr. Zden\u011bk Kova\u0159\u00edk, CSc., Mgr. Jarmila Chvostkov\u00e1<\/p>\n<hr \/>\n<p><a href=\"https:\/\/veda.polac.cz\/?page_id=792\"><strong>Aktu\u00e1ln\u00ed problematika trestnosti pr\u00e1vnick\u00fdch osob<\/strong><\/a><br \/>\n\u00davahy de lege lata a de lege ferenda<br \/>\nJUDr. Olga Sovov\u00e1, Ph.D., prof. JUDr. Dagmar C\u00edsa\u0159ov\u00e1, DrSc.<\/p>\n<hr \/>\n<p><a href=\"https:\/\/veda.polac.cz\/?page_id=794\"><strong>Teoretick\u00e9 vymezen\u00ed subjekt\u016f pr\u00e1vn\u00edch vztah\u016f a jejich jedn\u00e1n\u00ed ve sv\u011btle nov\u00e9ho ob\u010dansk\u00e9ho z\u00e1kon\u00edku\u00a0<\/strong><\/a><br \/>\nJUDr. Zden\u011bk Fiala, Ph.D., JUDr. Olga Sovov\u00e1, Ph.D.<\/p>\n<hr \/>\n<p><a href=\"https:\/\/veda.polac.cz\/?page_id=796\"><strong>Trestn\u00e1 \u010dinnost s extremistick\u00fdm podtextem a &#8222;hate crimes&#8220;\u00a0<\/strong><\/a><br \/>\ndoc. Ing. Dr. \u0160tefan Danics, Ph.D.<\/p>\n<hr \/>\n<p><a href=\"https:\/\/veda.polac.cz\/?page_id=798\"><strong>Specifick\u00fd model zaji\u0161\u0165ov\u00e1n\u00ed bezpe\u010dnosti v n\u011bkter\u00fdch statut\u00e1rn\u00edch m\u011bstech Rakouska\u00a0<\/strong><\/a><br \/>\nMgr. Old\u0159ich Krul\u00edk, Ph.D.<\/p>\n<hr \/>\n<p><a href=\"https:\/\/veda.polac.cz\/?page_id=800\"><strong>Role kraj\u016f \u010cesk\u00e9 republiky v oblasti poskytov\u00e1n\u00ed humanit\u00e1rn\u00ed pomoc\u00a0<\/strong><\/a><br \/>\nMgr. Michaela Vladykov\u00e1<\/p>\n<hr \/>\n<p><a href=\"https:\/\/veda.polac.cz\/?page_id=802\"><strong>\u010c\u00ednsk\u00e1 lidov\u00e1 republika jako poskytovatel zahrani\u010dn\u00ed pomoci\u00a0<\/strong><\/a><br \/>\nMgr. Michala Feistingerov\u00e1<\/p>\n<hr \/>\n<p><strong>&#8222;Mezin\u00e1rodn\u00ed t\u00fdden&#8220; Policejn\u00ed akademie Doln\u00edho Saska 2014\u00a0<\/strong><br \/>\nMgr. Old\u0159ich Krul\u00edk, Ph.D.<\/p>\n<hr \/>\n<p><a href=\"https:\/\/veda.polac.cz\/?page_id=235\">Zp\u011bt<\/a><\/p>\n","protected":false},"excerpt":{"rendered":"<p>Hrozby a \u00fatoky z kyberprostoru\u00a0 JUDr. Petr Vo\u0159\u00ed\u0161ek Anal\u00fdza v\u00fdsledk\u016f celo\u017eivotn\u00edho vzd\u011bl\u00e1v\u00e1n\u00ed na Policejn\u00ed akademii \u010cR v Praze v akademick\u00e9m roce 2013\/2014 a jejich srovn\u00e1n\u00ed s p\u0159edch\u00e1zej\u00edc\u00edm obdob\u00edm 2012\/2013\u00a0 Dr. Zden\u011bk Kova\u0159\u00edk, CSc., Mgr. Jarmila Chvostkov\u00e1 Aktu\u00e1ln\u00ed problematika trestnosti pr\u00e1vnick\u00fdch osob \u00davahy de lege lata a de lege ferenda JUDr. Olga Sovov\u00e1, Ph.D., prof. JUDr. [&hellip;]<\/p>\n","protected":false},"author":2,"featured_media":0,"parent":235,"menu_order":10,"comment_status":"closed","ping_status":"closed","template":"","meta":{"footnotes":""},"class_list":["post-785","page","type-page","status-publish","hentry"],"_links":{"self":[{"href":"https:\/\/veda.polac.cz\/index.php?rest_route=\/wp\/v2\/pages\/785","targetHints":{"allow":["GET"]}}],"collection":[{"href":"https:\/\/veda.polac.cz\/index.php?rest_route=\/wp\/v2\/pages"}],"about":[{"href":"https:\/\/veda.polac.cz\/index.php?rest_route=\/wp\/v2\/types\/page"}],"author":[{"embeddable":true,"href":"https:\/\/veda.polac.cz\/index.php?rest_route=\/wp\/v2\/users\/2"}],"replies":[{"embeddable":true,"href":"https:\/\/veda.polac.cz\/index.php?rest_route=%2Fwp%2Fv2%2Fcomments&post=785"}],"version-history":[{"count":3,"href":"https:\/\/veda.polac.cz\/index.php?rest_route=\/wp\/v2\/pages\/785\/revisions"}],"predecessor-version":[{"id":2638,"href":"https:\/\/veda.polac.cz\/index.php?rest_route=\/wp\/v2\/pages\/785\/revisions\/2638"}],"up":[{"embeddable":true,"href":"https:\/\/veda.polac.cz\/index.php?rest_route=\/wp\/v2\/pages\/235"}],"wp:attachment":[{"href":"https:\/\/veda.polac.cz\/index.php?rest_route=%2Fwp%2Fv2%2Fmedia&parent=785"}],"curies":[{"name":"wp","href":"https:\/\/api.w.org\/{rel}","templated":true}]}}