{"id":7842,"date":"2026-03-30T12:21:21","date_gmt":"2026-03-30T12:21:21","guid":{"rendered":"https:\/\/veda.polac.cz\/?page_id=7842"},"modified":"2026-03-30T12:21:21","modified_gmt":"2026-03-30T12:21:21","slug":"7842-2","status":"publish","type":"page","link":"https:\/\/veda.polac.cz\/?page_id=7842&lang=en","title":{"rendered":""},"content":{"rendered":"<p style=\"text-align: center;\">Resume<\/p>\n<p><strong>Typologies of Prison Adaptation: Analysis of the Approaches and Their Underlying Core<\/strong><\/p>\n<p>PhDr. Jan Draho\u0148ovsk\u00fd, University of Hradec Kr\u00e1lov\u00e9, Faculty of Education, Institute of Social Studies, Department of Cultural and Religious Studies<\/p>\n<p><strong>Abstract<\/strong><\/p>\n<p>The article provides a systematic and analytical overview of both influential and regionally specific typologies of prisoner adaptation to the prison environment, identifying the dimensions upon which these typologies are grounded. Drawing on this foundation, it proposes a synthetic framework comprising three cross-cutting axes: Direction (institution-oriented vs. prison subculture-oriented), Self-Regulation, and Adaptability. The contribution of the study lies in bringing conceptual clarity to a fragmented field of typologies across diverse theoretical traditions and in offering a compact analytical vocabulary that can be employed in the formulation of research questions and in the preliminary interpretive assessment of inmate behaviour within the conditions of Czech prisons.<\/p>\n<p><strong>Keywords:<\/strong> prisoner adaptation, inmate typologies, sociology of prison life, concept review.<\/p>\n<hr \/>\n<p><a href=\"https:\/\/veda.polac.cz\/?page_id=7838&amp;lang=en\">Back<\/a><\/p>\n","protected":false},"excerpt":{"rendered":"<p>Resume Typologies of Prison Adaptation: Analysis of the Approaches and Their Underlying Core PhDr. Jan Draho\u0148ovsk\u00fd, University of Hradec Kr\u00e1lov\u00e9, Faculty of Education, Institute of Social Studies, Department of Cultural and Religious Studies Abstract The article provides a systematic and analytical overview of both influential and regionally specific typologies of prisoner adaptation to the prison [&hellip;]<\/p>\n","protected":false},"author":6,"featured_media":0,"parent":0,"menu_order":0,"comment_status":"closed","ping_status":"closed","template":"","meta":{"footnotes":""},"class_list":["post-7842","page","type-page","status-publish","hentry"],"_links":{"self":[{"href":"https:\/\/veda.polac.cz\/index.php?rest_route=\/wp\/v2\/pages\/7842","targetHints":{"allow":["GET"]}}],"collection":[{"href":"https:\/\/veda.polac.cz\/index.php?rest_route=\/wp\/v2\/pages"}],"about":[{"href":"https:\/\/veda.polac.cz\/index.php?rest_route=\/wp\/v2\/types\/page"}],"author":[{"embeddable":true,"href":"https:\/\/veda.polac.cz\/index.php?rest_route=\/wp\/v2\/users\/6"}],"replies":[{"embeddable":true,"href":"https:\/\/veda.polac.cz\/index.php?rest_route=%2Fwp%2Fv2%2Fcomments&post=7842"}],"version-history":[{"count":1,"href":"https:\/\/veda.polac.cz\/index.php?rest_route=\/wp\/v2\/pages\/7842\/revisions"}],"predecessor-version":[{"id":7843,"href":"https:\/\/veda.polac.cz\/index.php?rest_route=\/wp\/v2\/pages\/7842\/revisions\/7843"}],"wp:attachment":[{"href":"https:\/\/veda.polac.cz\/index.php?rest_route=%2Fwp%2Fv2%2Fmedia&parent=7842"}],"curies":[{"name":"wp","href":"https:\/\/api.w.org\/{rel}","templated":true}]}}