{"id":7821,"date":"2026-03-26T13:45:18","date_gmt":"2026-03-26T13:45:18","guid":{"rendered":"https:\/\/veda.polac.cz\/?page_id=7821"},"modified":"2026-03-26T13:45:18","modified_gmt":"2026-03-26T13:45:18","slug":"7821-2","status":"publish","type":"page","link":"https:\/\/veda.polac.cz\/?page_id=7821","title":{"rendered":""},"content":{"rendered":"<p style=\"text-align: center;\">Resum\u00e9 \u010dl\u00e1nku<\/p>\n<p><strong>Typologie v\u011bze\u0148sk\u00e9 adaptace: Anal\u00fdza p\u0159\u00edstup\u016f a\u00a0jejich spole\u010dn\u00e9 j\u00e1dro<\/strong><\/p>\n<p><em>PhDr. Jan Draho\u0148ovsk\u00fd, <\/em><em>Univerzita Hradec Kr\u00e1lov\u00e9, \u00dastav soci\u00e1ln\u00edch studi\u00ed, Pedagogick\u00e1 fakulta<\/em><\/p>\n<p><strong>Abstrakt<\/strong><\/p>\n<p>\u010cl\u00e1nek p\u0159ehledov\u011b a analyticky mapuje vlivn\u00e9 i region\u00e1ln\u011b specifick\u00e9 typologie adaptace odsouzen\u00fdch na v\u011bze\u0148sk\u00e9 prost\u0159ed\u00ed a identifikuje dimenze, na nich\u017e jsou tyto typologie zalo\u017eeny. Na jejich z\u00e1klad\u011b navrhuje syntetick\u00fd r\u00e1mec t\u0159\u00ed pr\u016f\u0159ezov\u00fdch os:\u00a0Sm\u011b\u0159ov\u00e1n\u00ed\u00a0(orientace na instituci vs. na v\u011bze\u0148skou subkulturu),\u00a0Seberegulace a Adaptabilita. P\u0159\u00ednosem studie je zp\u0159ehledn\u011bn\u00ed rozt\u0159\u00ed\u0161t\u011bn\u00e9ho pole typologi\u00ed nap\u0159\u00ed\u010d teoretick\u00fdmi tradicemi a nab\u00eddka kompaktn\u00edho slovn\u00edku, kter\u00fd lze vyu\u017e\u00edt p\u0159i formulaci v\u00fdzkumn\u00fdch ot\u00e1zek a p\u0159i z\u00e1kladn\u00ed orienta\u010dn\u00ed interpretaci chov\u00e1n\u00ed odsouzen\u00fdch v podm\u00ednk\u00e1ch \u010desk\u00fdch v\u011bznic.<\/p>\n<p><strong>Kl\u00ed\u010dov\u00e1 slova:<\/strong> adaptace na v\u011bzen\u00ed, typologie odsouzen\u00fdch, penitenci\u00e1rn\u00ed sociologie, p\u0159ehledov\u00e1 studie.<\/p>\n<hr \/>\n<p><a href=\"https:\/\/veda.polac.cz\/?page_id=7815\">Zp\u011bt<\/a><\/p>\n","protected":false},"excerpt":{"rendered":"<p>Resum\u00e9 \u010dl\u00e1nku Typologie v\u011bze\u0148sk\u00e9 adaptace: Anal\u00fdza p\u0159\u00edstup\u016f a\u00a0jejich spole\u010dn\u00e9 j\u00e1dro PhDr. Jan Draho\u0148ovsk\u00fd, Univerzita Hradec Kr\u00e1lov\u00e9, \u00dastav soci\u00e1ln\u00edch studi\u00ed, Pedagogick\u00e1 fakulta Abstrakt \u010cl\u00e1nek p\u0159ehledov\u011b a analyticky mapuje vlivn\u00e9 i region\u00e1ln\u011b specifick\u00e9 typologie adaptace odsouzen\u00fdch na v\u011bze\u0148sk\u00e9 prost\u0159ed\u00ed a identifikuje dimenze, na nich\u017e jsou tyto typologie zalo\u017eeny. Na jejich z\u00e1klad\u011b navrhuje syntetick\u00fd r\u00e1mec t\u0159\u00ed pr\u016f\u0159ezov\u00fdch os:\u00a0Sm\u011b\u0159ov\u00e1n\u00ed\u00a0(orientace [&hellip;]<\/p>\n","protected":false},"author":6,"featured_media":0,"parent":0,"menu_order":0,"comment_status":"closed","ping_status":"closed","template":"","meta":{"footnotes":""},"class_list":["post-7821","page","type-page","status-publish","hentry"],"_links":{"self":[{"href":"https:\/\/veda.polac.cz\/index.php?rest_route=\/wp\/v2\/pages\/7821","targetHints":{"allow":["GET"]}}],"collection":[{"href":"https:\/\/veda.polac.cz\/index.php?rest_route=\/wp\/v2\/pages"}],"about":[{"href":"https:\/\/veda.polac.cz\/index.php?rest_route=\/wp\/v2\/types\/page"}],"author":[{"embeddable":true,"href":"https:\/\/veda.polac.cz\/index.php?rest_route=\/wp\/v2\/users\/6"}],"replies":[{"embeddable":true,"href":"https:\/\/veda.polac.cz\/index.php?rest_route=%2Fwp%2Fv2%2Fcomments&post=7821"}],"version-history":[{"count":1,"href":"https:\/\/veda.polac.cz\/index.php?rest_route=\/wp\/v2\/pages\/7821\/revisions"}],"predecessor-version":[{"id":7822,"href":"https:\/\/veda.polac.cz\/index.php?rest_route=\/wp\/v2\/pages\/7821\/revisions\/7822"}],"wp:attachment":[{"href":"https:\/\/veda.polac.cz\/index.php?rest_route=%2Fwp%2Fv2%2Fmedia&parent=7821"}],"curies":[{"name":"wp","href":"https:\/\/api.w.org\/{rel}","templated":true}]}}