{"id":7818,"date":"2026-03-26T13:24:51","date_gmt":"2026-03-26T13:24:51","guid":{"rendered":"https:\/\/veda.polac.cz\/?page_id=7818"},"modified":"2026-03-26T13:24:51","modified_gmt":"2026-03-26T13:24:51","slug":"7818-2","status":"publish","type":"page","link":"https:\/\/veda.polac.cz\/?page_id=7818","title":{"rendered":""},"content":{"rendered":"<p style=\"text-align: center;\">Resum\u00e9 \u010dl\u00e1nku<\/p>\n<p><strong>Drogov\u00e1 minulost v\u011bzn\u011bn\u00fdch osob a intenzita u\u017e\u00edv\u00e1n\u00ed drog<\/strong><\/p>\n<p><em>PhDr. Marcela Moulisov\u00e1, Ph.D., <\/em><em>extern\u00ed v\u00fdzkumnice<\/em><\/p>\n<p><strong>Abstrakt<\/strong><\/p>\n<p>Byl proveden v\u00fdzkum 600 v\u011bzn\u011bn\u00fdch osob. \u010cl\u00e1nek se t\u00fdk\u00e1 jen t\u011bch z\u00a0nich, kter\u00e9 uvedly, \u017ee n\u011bkdy u\u017e\u00edvaly drogy. \u0160lo o 282 mu\u017e\u016f a 157 \u017een. Podle intenzity jejich u\u017e\u00edv\u00e1n\u00ed byly definov\u00e1ny dv\u011b skupiny u\u017eivatel\u016f \u2013 ti intenzivn\u00ed (u\u017e\u00edvali r\u016fzn\u00e9 drogy \u010dasto) a ti ostatn\u00ed, m\u00e9n\u011b intenzivn\u00ed. Ve zkouman\u00e9m vzorku osob bylo proporcion\u00e1ln\u011b v\u00edce intenzivn\u00edch u\u017eivatelek \u017een ne\u017e intenzivn\u00edch u\u017eivatel\u016f mu\u017e\u016f. Zji\u0161\u0165ovalo se, kdy osoby za\u010daly s\u00a0drogami, jak\u00e9 byly toho d\u016fvody, jak\u00fdm zp\u016fsobem z\u00edsk\u00e1valy pen\u00edze na drogy a jak\u00e9 zp\u016fsoby z\u00edsk\u00e1v\u00e1n\u00ed pen\u011bz na drogy by preferovaly, jak\u00e9 m\u011bly hodnoty a jak\u00e9 bylo jejich rodinn\u00e9 prost\u0159ed\u00ed. Bylo d\u00e1le zji\u0161\u0165ov\u00e1no, za jakou trestnou \u010dinnost osoby skon\u010dily ve v\u011bzen\u00ed, a jak\u00e1 byla jejich motivace k\u00a0n\u00ed. Tyto prom\u011bnn\u00e9 byly nahl\u00ed\u017eeny jednak podle pohlav\u00ed a jednak podle m\u00edry intenzity u\u017e\u00edv\u00e1n\u00ed a cestou statistick\u00e9 v\u00fdznamnosti se hledaly souvislosti. Ve v\u0161ech sledovan\u00fdch prom\u011bnn\u00fdch se uk\u00e1zaly rozd\u00edly podle pohlav\u00ed i podle m\u00edry intenzity u\u017e\u00edv\u00e1n\u00ed. V\u00fdsledky tak\u00e9 nazna\u010duj\u00ed, \u017ee d\u011btsk\u00fd v\u011bk by mohl b\u00fdt kl\u00ed\u010dov\u00fd nejen pro rychlost n\u00e1stupu drogov\u00e9 dr\u00e1hy, ale t\u00e9\u017e pro jej\u00ed z\u00e1va\u017enost.<\/p>\n<p><strong>Kl\u00ed\u010dov\u00e1 slova: <\/strong>v\u00fdzkum; v\u011bzn\u011bn\u00e9 osoby; intenzita u\u017e\u00edv\u00e1n\u00ed drog; motivy po\u010d\u00e1tku u\u017e\u00edv\u00e1n\u00ed; motivy trestn\u00e9 \u010dinnosti; hodnoty.<\/p>\n<hr \/>\n<p><a href=\"https:\/\/veda.polac.cz\/?page_id=7815\">Zp\u011bt<\/a><\/p>\n","protected":false},"excerpt":{"rendered":"<p>Resum\u00e9 \u010dl\u00e1nku Drogov\u00e1 minulost v\u011bzn\u011bn\u00fdch osob a intenzita u\u017e\u00edv\u00e1n\u00ed drog PhDr. Marcela Moulisov\u00e1, Ph.D., extern\u00ed v\u00fdzkumnice Abstrakt Byl proveden v\u00fdzkum 600 v\u011bzn\u011bn\u00fdch osob. \u010cl\u00e1nek se t\u00fdk\u00e1 jen t\u011bch z\u00a0nich, kter\u00e9 uvedly, \u017ee n\u011bkdy u\u017e\u00edvaly drogy. \u0160lo o 282 mu\u017e\u016f a 157 \u017een. Podle intenzity jejich u\u017e\u00edv\u00e1n\u00ed byly definov\u00e1ny dv\u011b skupiny u\u017eivatel\u016f \u2013 ti intenzivn\u00ed (u\u017e\u00edvali [&hellip;]<\/p>\n","protected":false},"author":6,"featured_media":0,"parent":0,"menu_order":0,"comment_status":"closed","ping_status":"closed","template":"","meta":{"footnotes":""},"class_list":["post-7818","page","type-page","status-publish","hentry"],"_links":{"self":[{"href":"https:\/\/veda.polac.cz\/index.php?rest_route=\/wp\/v2\/pages\/7818","targetHints":{"allow":["GET"]}}],"collection":[{"href":"https:\/\/veda.polac.cz\/index.php?rest_route=\/wp\/v2\/pages"}],"about":[{"href":"https:\/\/veda.polac.cz\/index.php?rest_route=\/wp\/v2\/types\/page"}],"author":[{"embeddable":true,"href":"https:\/\/veda.polac.cz\/index.php?rest_route=\/wp\/v2\/users\/6"}],"replies":[{"embeddable":true,"href":"https:\/\/veda.polac.cz\/index.php?rest_route=%2Fwp%2Fv2%2Fcomments&post=7818"}],"version-history":[{"count":1,"href":"https:\/\/veda.polac.cz\/index.php?rest_route=\/wp\/v2\/pages\/7818\/revisions"}],"predecessor-version":[{"id":7819,"href":"https:\/\/veda.polac.cz\/index.php?rest_route=\/wp\/v2\/pages\/7818\/revisions\/7819"}],"wp:attachment":[{"href":"https:\/\/veda.polac.cz\/index.php?rest_route=%2Fwp%2Fv2%2Fmedia&parent=7818"}],"curies":[{"name":"wp","href":"https:\/\/api.w.org\/{rel}","templated":true}]}}