{"id":7815,"date":"2026-03-25T12:41:44","date_gmt":"2026-03-25T12:41:44","guid":{"rendered":"https:\/\/veda.polac.cz\/?page_id=7815"},"modified":"2026-04-01T09:18:17","modified_gmt":"2026-04-01T09:18:17","slug":"01-26","status":"publish","type":"page","link":"https:\/\/veda.polac.cz\/?page_id=7815","title":{"rendered":"01\/2026"},"content":{"rendered":"<p><a href=\"https:\/\/veda.polac.cz\/?page_id=7818\"><strong>Drogov\u00e1 minulost v\u011bzn\u011bn\u00fdch osob a intenzita u\u017e\u00edv\u00e1n\u00ed drog<\/strong><\/a><\/p>\n<p>PhDr. Marcela Moulisov\u00e1, extern\u00ed v\u00fdzkumnice<\/p>\n<p><a href=\"https:\/\/veda.polac.cz\/wp-content\/uploads\/2026\/04\/Drogova-minulost-veznenych-osob-a-intenzita-uzivani-drog.pdf\" target=\"_blank\" rel=\"noopener\">pdf form\u00e1t<\/a><\/p>\n<hr \/>\n<p><a href=\"https:\/\/veda.polac.cz\/?page_id=7821\"><strong>Typologie v\u011bze\u0148sk\u00e9 adaptace: Anal\u00fdza p\u0159\u00edstup\u016f a jejich spole\u010dn\u00e9 j\u00e1dro<\/strong><\/a><\/p>\n<p>PhDr. Jan Draho\u0148ovsk\u00fd, Univerzita Hradec Kr\u00e1lov\u00e9, Pedagogick\u00e1 fakulta, Institut soci\u00e1ln\u00edch studi\u00ed, katedra kulturn\u00edch a n\u00e1bo\u017eensk\u00fdch studi\u00ed<\/p>\n<p><a href=\"https:\/\/veda.polac.cz\/wp-content\/uploads\/2026\/03\/Typologie-vezenske-adaptace-Analyza-pristupu-a-jejich-spolecne-jadro.pdf\" target=\"_blank\" rel=\"noopener\">pdf form\u00e1t<\/a><\/p>\n<hr \/>\n<p><a href=\"https:\/\/veda.polac.cz\/?page_id=7823\"><strong>Nezletil\u00ed bez doprovodu: problematika v praxi \u010cesk\u00e9 republiky<\/strong><\/a><\/p>\n<p>PhDr. Irena Petru\u017eelov\u00e1, DiS., Policejn\u00ed akademie \u010cesk\u00e9 republiky v Praze, Fakulta bezpe\u010dnostn\u011b pr\u00e1vn\u00ed, katedra kriminoloie<br \/>\nPhDr. Ivana Oleck\u00e1, Ph.D., Policejn\u00ed akademie \u010cesk\u00e9 republiky v Praze, Fakulta bezpe\u010dnostn\u011b pr\u00e1vn\u00ed, katedra kriminologie<br \/>\nJUDr. Miloslav Smetana, Ph.D., Policejn\u00ed akademie \u010cesk\u00e9 republiky v Praze, Fakulta bezpe\u010dnostn\u011b pr\u00e1vn\u00ed, katedra policejn\u00edch \u010dinnost\u00ed<\/p>\n<p><a href=\"https:\/\/veda.polac.cz\/wp-content\/uploads\/2026\/03\/Nezletili-bez-doprovodu-problematika-v-praxi-Ceske-republiky.pdf\" target=\"_blank\" rel=\"noopener\">pdf form\u00e1t<\/a><\/p>\n<hr \/>\n<p><a href=\"https:\/\/veda.polac.cz\/?page_id=7825\"><strong>Policie \u010cesk\u00e9 republiky v n\u00e1zorech ve\u0159ejnosti<\/strong><\/a><\/p>\n<p>Mgr. Jakub Holas, Ph.D., Institut pro kriminologii a soci\u00e1ln\u00ed prevenci<\/p>\n<p><a href=\"https:\/\/veda.polac.cz\/wp-content\/uploads\/2026\/04\/Policie-Ceske-republiky-v-nazorech-verejnosti.pdf\" target=\"_blank\" rel=\"noopener\">pdf form\u00e1t<\/a><\/p>\n<hr \/>\n<p><a href=\"https:\/\/veda.polac.cz\/?page_id=7827\"><strong>\u201eT\u0159et\u00ed pozice\u201c jako specifick\u00fd aspekt soci\u00e1ln\u00edho a politick\u00e9ho spektra n\u011bkter\u00fdch st\u00e1t\u016f st\u0159edn\u00ed a v\u00fdchodn\u00ed Evropy<\/strong><\/a><\/p>\n<p>plk. Mgr. Krist\u00fdna Holubov\u00e1, Ph.D., Policejn\u00ed akademie \u010cesk\u00e9 republiky v Praze, Fakulta bezpe\u010dnostn\u00edho managementu, katedra krizov\u00e9ho \u0159\u00edzen\u00ed<br \/>\nMgr. Lenka Jakubcov\u00e1, Ph.D., Policejn\u00ed akademie \u010cesk\u00e9 republiky v Praze, Fakulta bezpe\u010dnostn\u00edho managementu, katedra krizov\u00e9ho \u0159\u00edzen\u00ed<br \/>\nMgr. Petr Kl\u00edma, MPA, Ministerstvo vnitra \u010cesk\u00e9 republiky, odbor prevence kriminality<br \/>\ndoc. Mgr. Old\u0159ich Krul\u00edk, Ph.D., Policie \u010cesk\u00e9 republiky, \u00da\u0159ad slu\u017eby krimin\u00e1ln\u00ed policie a vy\u0161et\u0159ov\u00e1n\u00ed, odbor centr\u00e1ln\u00ed analytiky<\/p>\n<p><a href=\"https:\/\/veda.polac.cz\/wp-content\/uploads\/2026\/03\/\u201eTreti-pozice-jako-specificky-aspekt-socialniho-a-politickeho-spektra-nekterych-statu-stredni-a-vychodni-Evropy.pdf\" target=\"_blank\" rel=\"noopener\">pdf form\u00e1t<\/a><\/p>\n<hr \/>\n<p>&nbsp;<\/p>\n","protected":false},"excerpt":{"rendered":"<p>Drogov\u00e1 minulost v\u011bzn\u011bn\u00fdch osob a intenzita u\u017e\u00edv\u00e1n\u00ed drog PhDr. Marcela Moulisov\u00e1, extern\u00ed v\u00fdzkumnice pdf form\u00e1t Typologie v\u011bze\u0148sk\u00e9 adaptace: Anal\u00fdza p\u0159\u00edstup\u016f a jejich spole\u010dn\u00e9 j\u00e1dro PhDr. Jan Draho\u0148ovsk\u00fd, Univerzita Hradec Kr\u00e1lov\u00e9, Pedagogick\u00e1 fakulta, Institut soci\u00e1ln\u00edch studi\u00ed, katedra kulturn\u00edch a n\u00e1bo\u017eensk\u00fdch studi\u00ed pdf form\u00e1t Nezletil\u00ed bez doprovodu: problematika v praxi \u010cesk\u00e9 republiky PhDr. Irena Petru\u017eelov\u00e1, DiS., Policejn\u00ed [&hellip;]<\/p>\n","protected":false},"author":6,"featured_media":0,"parent":0,"menu_order":0,"comment_status":"closed","ping_status":"closed","template":"","meta":{"footnotes":""},"class_list":["post-7815","page","type-page","status-publish","hentry"],"_links":{"self":[{"href":"https:\/\/veda.polac.cz\/index.php?rest_route=\/wp\/v2\/pages\/7815","targetHints":{"allow":["GET"]}}],"collection":[{"href":"https:\/\/veda.polac.cz\/index.php?rest_route=\/wp\/v2\/pages"}],"about":[{"href":"https:\/\/veda.polac.cz\/index.php?rest_route=\/wp\/v2\/types\/page"}],"author":[{"embeddable":true,"href":"https:\/\/veda.polac.cz\/index.php?rest_route=\/wp\/v2\/users\/6"}],"replies":[{"embeddable":true,"href":"https:\/\/veda.polac.cz\/index.php?rest_route=%2Fwp%2Fv2%2Fcomments&post=7815"}],"version-history":[{"count":7,"href":"https:\/\/veda.polac.cz\/index.php?rest_route=\/wp\/v2\/pages\/7815\/revisions"}],"predecessor-version":[{"id":7857,"href":"https:\/\/veda.polac.cz\/index.php?rest_route=\/wp\/v2\/pages\/7815\/revisions\/7857"}],"wp:attachment":[{"href":"https:\/\/veda.polac.cz\/index.php?rest_route=%2Fwp%2Fv2%2Fmedia&parent=7815"}],"curies":[{"name":"wp","href":"https:\/\/api.w.org\/{rel}","templated":true}]}}