{"id":7803,"date":"2025-12-30T12:50:03","date_gmt":"2025-12-30T12:50:03","guid":{"rendered":"https:\/\/veda.polac.cz\/?page_id=7803"},"modified":"2025-12-30T12:50:03","modified_gmt":"2025-12-30T12:50:03","slug":"7803-2","status":"publish","type":"page","link":"https:\/\/veda.polac.cz\/?page_id=7803&lang=en","title":{"rendered":""},"content":{"rendered":"<p style=\"text-align: center;\">Resume<\/p>\n<p><strong>Human Resources Management of the Prison Service of the Czech Republic in Figures and Data<\/strong><\/p>\n<p><em>Mgr. et Mgr. Tereza Raszkov\u00e1, <\/em><em>Institute of Criminology and Social Prevention, Police Academy of the Czech Republic in Prague<\/em><\/p>\n<p><em>Mgr. Petra Zh\u0159\u00edvalov\u00e1, Ph.D., <\/em><em>Institute of Criminology and Social Prevention<\/em><\/p>\n<p><em>PhDr. Lucie H\u00e1kov\u00e1, Ph.D., <\/em><em>Institute of Criminology and Social Prevention<\/em><\/p>\n<p><strong>Abstract<\/strong><\/p>\n<p>In recent years, human resources management has gained increasing importance, as employees are the cornerstone of every organisation\u2019s success. The\u00a0Prison Service of the Czech Republic is no exception, while it performs demanding, legally mandated tasks and plays a crucial role in ensuring public safety. Yet it has long struggled to recruit new staff and retain existing personnel and it currently faces a\u00a0substantial shortage of both employees and officers.<\/p>\n<p><strong>Keywords:<\/strong> Prison service, staff, officers, civilian employees, human resources management, security.<\/p>\n<hr \/>\n<p><a href=\"https:\/\/veda.polac.cz\/?page_id=7793&amp;lang=en\">Back<\/a><\/p>\n","protected":false},"excerpt":{"rendered":"<p>Resume Human Resources Management of the Prison Service of the Czech Republic in Figures and Data Mgr. et Mgr. Tereza Raszkov\u00e1, Institute of Criminology and Social Prevention, Police Academy of the Czech Republic in Prague Mgr. Petra Zh\u0159\u00edvalov\u00e1, Ph.D., Institute of Criminology and Social Prevention PhDr. Lucie H\u00e1kov\u00e1, Ph.D., Institute of Criminology and Social Prevention [&hellip;]<\/p>\n","protected":false},"author":6,"featured_media":0,"parent":0,"menu_order":0,"comment_status":"closed","ping_status":"closed","template":"","meta":{"footnotes":""},"class_list":["post-7803","page","type-page","status-publish","hentry"],"_links":{"self":[{"href":"https:\/\/veda.polac.cz\/index.php?rest_route=\/wp\/v2\/pages\/7803","targetHints":{"allow":["GET"]}}],"collection":[{"href":"https:\/\/veda.polac.cz\/index.php?rest_route=\/wp\/v2\/pages"}],"about":[{"href":"https:\/\/veda.polac.cz\/index.php?rest_route=\/wp\/v2\/types\/page"}],"author":[{"embeddable":true,"href":"https:\/\/veda.polac.cz\/index.php?rest_route=\/wp\/v2\/users\/6"}],"replies":[{"embeddable":true,"href":"https:\/\/veda.polac.cz\/index.php?rest_route=%2Fwp%2Fv2%2Fcomments&post=7803"}],"version-history":[{"count":1,"href":"https:\/\/veda.polac.cz\/index.php?rest_route=\/wp\/v2\/pages\/7803\/revisions"}],"predecessor-version":[{"id":7804,"href":"https:\/\/veda.polac.cz\/index.php?rest_route=\/wp\/v2\/pages\/7803\/revisions\/7804"}],"wp:attachment":[{"href":"https:\/\/veda.polac.cz\/index.php?rest_route=%2Fwp%2Fv2%2Fmedia&parent=7803"}],"curies":[{"name":"wp","href":"https:\/\/api.w.org\/{rel}","templated":true}]}}