{"id":7799,"date":"2025-12-30T12:42:08","date_gmt":"2025-12-30T12:42:08","guid":{"rendered":"https:\/\/veda.polac.cz\/?page_id=7799"},"modified":"2025-12-30T12:42:08","modified_gmt":"2025-12-30T12:42:08","slug":"7799-2","status":"publish","type":"page","link":"https:\/\/veda.polac.cz\/?page_id=7799&lang=en","title":{"rendered":""},"content":{"rendered":"<p style=\"text-align: center;\">Resume<\/p>\n<p><strong>Quo Vadis, Palack\u00fd University Olomouc, in the Field of Information Security and Protection of Soft Targets<\/strong><\/p>\n<p><em>prof. Ing. Pavel Ot\u0159\u00edsal, Ph.D., MBA, <\/em><em>Palack\u00fd University Olomouc, Faculty of Physical Culture<\/em><\/p>\n<p><em>Ing. Milo\u0161 Drdla, Dr., MBA., L.LM., Mendel University in Brno, Faculty of Business and Economics<\/em><\/p>\n<p><strong>Abstract<\/strong><\/p>\n<p>The protection of soft targets, which are associated with activities typical for universities and their environment, has become more relevant in the Czech Republic and its universities and colleges especially after the tragic events at the Faculty of Arts of Charles University at the end of 2023. The year 2024 thus became a time when colleges and universities tried to cope with this event and at the same time a period in which pro-active conditions were created to maximise the preservation of academic freedoms and minimise the impact of restrictive measures related to the protection of staff and students. The paper discusses some aspects of the implementation of measures aimed at the protection of soft targets at Palack\u00fd University Olomouc. The main attention is devoted to information about the possibilities of using the unified information platform called UPlikace, which serves as an effective tool for disseminating warning messages and crisis alerts should any part of Palack\u00fd University Olomouc be notified of non-standard behaviour, such as an attack by an armed assailant.<\/p>\n<p><strong>Keywords: <\/strong>UPlikace, Palack\u00fd University Olomouc, soft target, security, crisis information.<\/p>\n<hr \/>\n<p><a href=\"https:\/\/veda.polac.cz\/?page_id=7793&amp;lang=en\">Back<\/a><\/p>\n","protected":false},"excerpt":{"rendered":"<p>Resume Quo Vadis, Palack\u00fd University Olomouc, in the Field of Information Security and Protection of Soft Targets prof. Ing. Pavel Ot\u0159\u00edsal, Ph.D., MBA, Palack\u00fd University Olomouc, Faculty of Physical Culture Ing. Milo\u0161 Drdla, Dr., MBA., L.LM., Mendel University in Brno, Faculty of Business and Economics Abstract The protection of soft targets, which are associated with [&hellip;]<\/p>\n","protected":false},"author":6,"featured_media":0,"parent":0,"menu_order":0,"comment_status":"closed","ping_status":"closed","template":"","meta":{"footnotes":""},"class_list":["post-7799","page","type-page","status-publish","hentry"],"_links":{"self":[{"href":"https:\/\/veda.polac.cz\/index.php?rest_route=\/wp\/v2\/pages\/7799","targetHints":{"allow":["GET"]}}],"collection":[{"href":"https:\/\/veda.polac.cz\/index.php?rest_route=\/wp\/v2\/pages"}],"about":[{"href":"https:\/\/veda.polac.cz\/index.php?rest_route=\/wp\/v2\/types\/page"}],"author":[{"embeddable":true,"href":"https:\/\/veda.polac.cz\/index.php?rest_route=\/wp\/v2\/users\/6"}],"replies":[{"embeddable":true,"href":"https:\/\/veda.polac.cz\/index.php?rest_route=%2Fwp%2Fv2%2Fcomments&post=7799"}],"version-history":[{"count":1,"href":"https:\/\/veda.polac.cz\/index.php?rest_route=\/wp\/v2\/pages\/7799\/revisions"}],"predecessor-version":[{"id":7800,"href":"https:\/\/veda.polac.cz\/index.php?rest_route=\/wp\/v2\/pages\/7799\/revisions\/7800"}],"wp:attachment":[{"href":"https:\/\/veda.polac.cz\/index.php?rest_route=%2Fwp%2Fv2%2Fmedia&parent=7799"}],"curies":[{"name":"wp","href":"https:\/\/api.w.org\/{rel}","templated":true}]}}