{"id":7793,"date":"2025-12-30T11:45:14","date_gmt":"2025-12-30T11:45:14","guid":{"rendered":"https:\/\/veda.polac.cz\/?page_id=7793"},"modified":"2025-12-31T09:59:15","modified_gmt":"2025-12-31T09:59:15","slug":"04-2025","status":"publish","type":"page","link":"https:\/\/veda.polac.cz\/?page_id=7793&lang=en","title":{"rendered":"04\/2025"},"content":{"rendered":"<p><a href=\"https:\/\/veda.polac.cz\/?page_id=7795&amp;lang=en\"><strong>Resilience of Society and Its Specific Target Groups to Disinformation and Manipulative Information Activities \u2013 Influencing Factors<\/strong><\/a><br \/>\nMgr. Lenka Jakubcov\u00e1, Ph.D., Police Academy of the Czech Republic in Prague, Faculty of Security Management, Department of Crisis Management<br \/>\nDr. Zden\u011bk Kova\u0159\u00edk, CSc., Police Academy of the Czech Republic in Prague, an external researcher<\/p>\n<p><a href=\"https:\/\/veda.polac.cz\/wp-content\/uploads\/2025\/12\/Odolnost-spolecnosti-a-jejich-specifickych-cilovych-skupin-vuci-dezinformacim-a-manipulativnimu-informacnimu-pusobeni-\u2013-faktory-vlivu.pdf\" target=\"_blank\" rel=\"noopener\">pdf format<\/a><\/p>\n<hr \/>\n<p><a href=\"https:\/\/veda.polac.cz\/?page_id=7797&amp;lang=en\"><strong>Incidents in Schools in Europe as Part of Hybrid Warfare<\/strong><\/a><br \/>\nplk. Mgr. Krist\u00fdna Holubov\u00e1, Ph.D., Police Academy of the Czech Republic in Prague, Faculty of Security Management, Department of Crisis Management<br \/>\ndoc. Mgr. Old\u0159ich Krul\u00edk, Ph.D., Criminal Police and Investigation Service, Central Analytics Department<\/p>\n<p><a href=\"https:\/\/veda.polac.cz\/wp-content\/uploads\/2025\/12\/Incidenty-ve-skolnim-prostredi-v-Evrope-jako-soucast-hybridniho-pusobeni.pdf\" target=\"_blank\" rel=\"noopener\">pdf format<\/a><\/p>\n<hr \/>\n<p><a href=\"https:\/\/veda.polac.cz\/?page_id=7799&amp;lang=en\"><strong>Quo Vadis, Palack\u00fd University Olomouc, in the Field of Information Security and Protection of Soft Targets<\/strong><\/a><br \/>\nprof. Ing. Pavel Ot\u0159\u00edsal, Ph.D., MBA, Palack\u00fd University Olomouc,<br \/>\nFaculty of Physical Culture, Department of Applied Physical Activities<br \/>\nIng. Milo\u0161 Drdla, Dr., MBA., L.LM., Mendel University in Brno,<br \/>\nFaculty of Business and Economics<\/p>\n<p><a href=\"https:\/\/veda.polac.cz\/wp-content\/uploads\/2025\/12\/Quo-vadis-Univerzito-Palackeho-v-Olomouci-v-oblasti-informacniho-zajisteni-bezpecnosti-a-ochrany-mekkych-cilu.pdf\" target=\"_blank\" rel=\"noopener\">pdf format<\/a><\/p>\n<hr \/>\n<p><a href=\"https:\/\/veda.polac.cz\/?page_id=7801&amp;lang=en\"><strong>Working with Poor-Quality Fingerprints in Dactyloscopy<\/strong><\/a><br \/>\nprof. Ing. Dipl. Ing. Martin Drahansk\u00fd, Ph.D., Police Academy of the Czech Republic in Prague, Faculty of Security and Law, Department of Criminalistics<br \/>\npplk. Ing. Tom\u00e1\u0161 Vok\u00e1lek, Military Police, Department of Criminalistics and Expertise<br \/>\nplk. v. v. Mgr. Jarom\u00edr \u0160t\u011bp\u00e1nek, Ph.D., Police Academy of the Czech Republic in Prague, Faculty of Security and Law, Department of Criminalistics<\/p>\n<p><a href=\"https:\/\/veda.polac.cz\/wp-content\/uploads\/2025\/12\/Prace-s-nekvalitnimi-otisky-prstu-v-daktyloskopii.pdf\" target=\"_blank\" rel=\"noopener\">pdf format<\/a><\/p>\n<hr \/>\n<p><a href=\"https:\/\/veda.polac.cz\/?page_id=7803&amp;lang=en\"><strong>Human Resources Management of the Prison Service of the Czech Republic in Figures and Data<\/strong><\/a><br \/>\nMgr. et Mgr. Tereza Raszkov\u00e1, Institute of Criminology and Social Prevention, Police Academy of the Czech Republic in Prague, Ph.D. student<br \/>\nMgr. Petra Zh\u0159\u00edvalov\u00e1, Ph.D., Institute of Criminology and Social Prevention<br \/>\nPhDr. Lucie H\u00e1kov\u00e1, Ph.D., Institute of Criminology and Social Prevention<\/p>\n<p><a href=\"https:\/\/veda.polac.cz\/wp-content\/uploads\/2025\/12\/Human-Resources-Management-Vezenske-sluzby-Ceske-republiky-v-cislech-a-datech.pdf\" target=\"_blank\" rel=\"noopener\">pdf format<\/a><\/p>\n<hr \/>\n<p>&nbsp;<\/p>\n","protected":false},"excerpt":{"rendered":"<p>Resilience of Society and Its Specific Target Groups to Disinformation and Manipulative Information Activities \u2013 Influencing Factors Mgr. Lenka Jakubcov\u00e1, Ph.D., Police Academy of the Czech Republic in Prague, Faculty of Security Management, Department of Crisis Management Dr. Zden\u011bk Kova\u0159\u00edk, CSc., Police Academy of the Czech Republic in Prague, an external researcher pdf format Incidents [&hellip;]<\/p>\n","protected":false},"author":6,"featured_media":0,"parent":0,"menu_order":0,"comment_status":"closed","ping_status":"closed","template":"","meta":{"footnotes":""},"class_list":["post-7793","page","type-page","status-publish","hentry"],"_links":{"self":[{"href":"https:\/\/veda.polac.cz\/index.php?rest_route=\/wp\/v2\/pages\/7793","targetHints":{"allow":["GET"]}}],"collection":[{"href":"https:\/\/veda.polac.cz\/index.php?rest_route=\/wp\/v2\/pages"}],"about":[{"href":"https:\/\/veda.polac.cz\/index.php?rest_route=\/wp\/v2\/types\/page"}],"author":[{"embeddable":true,"href":"https:\/\/veda.polac.cz\/index.php?rest_route=\/wp\/v2\/users\/6"}],"replies":[{"embeddable":true,"href":"https:\/\/veda.polac.cz\/index.php?rest_route=%2Fwp%2Fv2%2Fcomments&post=7793"}],"version-history":[{"count":3,"href":"https:\/\/veda.polac.cz\/index.php?rest_route=\/wp\/v2\/pages\/7793\/revisions"}],"predecessor-version":[{"id":7808,"href":"https:\/\/veda.polac.cz\/index.php?rest_route=\/wp\/v2\/pages\/7793\/revisions\/7808"}],"wp:attachment":[{"href":"https:\/\/veda.polac.cz\/index.php?rest_route=%2Fwp%2Fv2%2Fmedia&parent=7793"}],"curies":[{"name":"wp","href":"https:\/\/api.w.org\/{rel}","templated":true}]}}