{"id":7777,"date":"2025-12-29T09:50:14","date_gmt":"2025-12-29T09:50:14","guid":{"rendered":"https:\/\/veda.polac.cz\/?page_id=7777"},"modified":"2025-12-29T09:50:14","modified_gmt":"2025-12-29T09:50:14","slug":"7777-2","status":"publish","type":"page","link":"https:\/\/veda.polac.cz\/?page_id=7777","title":{"rendered":""},"content":{"rendered":"<p style=\"text-align: center;\">Resum\u00e9 \u010dl\u00e1nku<\/p>\n<p><strong>Quo vadis, Univerzito Palack\u00e9ho v\u00a0Olomouci, v\u00a0oblasti informa\u010dn\u00edho zaji\u0161t\u011bn\u00ed bezpe\u010dnosti a\u00a0ochrany m\u011bkk\u00fdch c\u00edl\u016f<\/strong><\/p>\n<p><em>prof. Ing. Pavel Ot\u0159\u00edsal, Ph.D., MBA, Univerzita Palack\u00e9ho Olomouc, Fakulta t\u011blesn\u00e9 kultury<\/em><\/p>\n<p><em>Ing. Milo\u0161 Drdla, Dr., MBA., L.LM., Mendelova univerzita v Brn\u011b, Provozn\u011b ekonomick\u00e1 fakulta <\/em><\/p>\n<p><strong>Abstrakt<\/strong><\/p>\n<p>Ochrana m\u011bkk\u00fdch c\u00edl\u016f, kter\u00e9 jsou spojeny s\u00a0\u010dinnostmi typick\u00fdmi pro univerzity a\u00a0jejich prost\u0159ed\u00ed, nabyla v\u00a0\u010cesk\u00e9 republice a\u00a0na jej\u00edch vysok\u00fdch \u0161kol\u00e1ch a\u00a0univerzit\u00e1ch na aktu\u00e1lnosti zejm\u00e9na po tragick\u00fdch ud\u00e1lostech na Filozofick\u00e9 fakult\u011b Univerzity Karlovy na konci roku 2023. Rok 2024 se tak stal obdob\u00edm, kdy se vysok\u00e9 \u0161koly a\u00a0univerzity sna\u017eily vyrovnat s\u00a0touto ud\u00e1lost\u00ed a\u00a0z\u00e1rove\u0148 obdob\u00edm, ve kter\u00e9m byly vytv\u00e1\u0159eny proaktivn\u00ed podm\u00ednky pro maxim\u00e1ln\u00ed zachov\u00e1n\u00ed akademick\u00fdch svobod a\u00a0minimalizaci dopad\u016f restriktivn\u00edch opat\u0159en\u00ed spojen\u00fdch s\u00a0ochranou zam\u011bstnanc\u016f a\u00a0student\u016f. \u010cl\u00e1nek pojedn\u00e1v\u00e1 o\u00a0n\u011bkter\u00fdch aspektech realizace opat\u0159en\u00ed zam\u011b\u0159en\u00fdch na ochranu m\u011bkk\u00fdch c\u00edl\u016f na Univerzit\u011b Palack\u00e9ho v\u00a0Olomouci. Hlavn\u00ed pozornost je zam\u011b\u0159ena na informace spojen\u00e9 s\u00a0mo\u017enostmi vyu\u017eit\u00ed jednotn\u00e9 informa\u010dn\u00ed platformy UPlikace, kter\u00e1 je u\u017eite\u010dn\u00fdm n\u00e1strojem pro \u0161\u00ed\u0159en\u00ed varovn\u00fdch informac\u00ed a\u00a0krizov\u00fdch upozorn\u011bn\u00ed v\u00a0p\u0159\u00edpad\u011b, \u017ee na n\u011bkter\u00e9 ze sou\u010d\u00e1st\u00ed Univerzity Palack\u00e9ho v\u00a0Olomouci bylo zaznamen\u00e1no nestandardn\u00ed jedn\u00e1n\u00ed spojen\u00e9 nap\u0159\u00edklad s\u00a0\u00fatokem ozbrojen\u00e9ho \u00fato\u010dn\u00edka.<\/p>\n<p><strong>Kl\u00ed\u010dov\u00e1 slova: <\/strong>UPlikace, Univerzita Palack\u00e9ho v\u00a0Olomouci, m\u011bkk\u00fd c\u00edl, bezpe\u010dnost, krizov\u00e1 informace.<\/p>\n<hr \/>\n<p><a href=\"https:\/\/veda.polac.cz\/?page_id=7768\">Zp\u011bt<\/a><\/p>\n","protected":false},"excerpt":{"rendered":"<p>Resum\u00e9 \u010dl\u00e1nku Quo vadis, Univerzito Palack\u00e9ho v\u00a0Olomouci, v\u00a0oblasti informa\u010dn\u00edho zaji\u0161t\u011bn\u00ed bezpe\u010dnosti a\u00a0ochrany m\u011bkk\u00fdch c\u00edl\u016f prof. Ing. Pavel Ot\u0159\u00edsal, Ph.D., MBA, Univerzita Palack\u00e9ho Olomouc, Fakulta t\u011blesn\u00e9 kultury Ing. Milo\u0161 Drdla, Dr., MBA., L.LM., Mendelova univerzita v Brn\u011b, Provozn\u011b ekonomick\u00e1 fakulta Abstrakt Ochrana m\u011bkk\u00fdch c\u00edl\u016f, kter\u00e9 jsou spojeny s\u00a0\u010dinnostmi typick\u00fdmi pro univerzity a\u00a0jejich prost\u0159ed\u00ed, nabyla v\u00a0\u010cesk\u00e9 republice [&hellip;]<\/p>\n","protected":false},"author":6,"featured_media":0,"parent":0,"menu_order":0,"comment_status":"closed","ping_status":"closed","template":"","meta":{"footnotes":""},"class_list":["post-7777","page","type-page","status-publish","hentry"],"_links":{"self":[{"href":"https:\/\/veda.polac.cz\/index.php?rest_route=\/wp\/v2\/pages\/7777","targetHints":{"allow":["GET"]}}],"collection":[{"href":"https:\/\/veda.polac.cz\/index.php?rest_route=\/wp\/v2\/pages"}],"about":[{"href":"https:\/\/veda.polac.cz\/index.php?rest_route=\/wp\/v2\/types\/page"}],"author":[{"embeddable":true,"href":"https:\/\/veda.polac.cz\/index.php?rest_route=\/wp\/v2\/users\/6"}],"replies":[{"embeddable":true,"href":"https:\/\/veda.polac.cz\/index.php?rest_route=%2Fwp%2Fv2%2Fcomments&post=7777"}],"version-history":[{"count":1,"href":"https:\/\/veda.polac.cz\/index.php?rest_route=\/wp\/v2\/pages\/7777\/revisions"}],"predecessor-version":[{"id":7778,"href":"https:\/\/veda.polac.cz\/index.php?rest_route=\/wp\/v2\/pages\/7777\/revisions\/7778"}],"wp:attachment":[{"href":"https:\/\/veda.polac.cz\/index.php?rest_route=%2Fwp%2Fv2%2Fmedia&parent=7777"}],"curies":[{"name":"wp","href":"https:\/\/api.w.org\/{rel}","templated":true}]}}