{"id":7773,"date":"2025-12-29T09:45:13","date_gmt":"2025-12-29T09:45:13","guid":{"rendered":"https:\/\/veda.polac.cz\/?page_id=7773"},"modified":"2025-12-29T09:45:13","modified_gmt":"2025-12-29T09:45:13","slug":"7773-2","status":"publish","type":"page","link":"https:\/\/veda.polac.cz\/?page_id=7773","title":{"rendered":""},"content":{"rendered":"<p style=\"text-align: center;\">Resum\u00e9 \u010dl\u00e1nku<\/p>\n<p><strong>Incidenty ve \u0161koln\u00edm prost\u0159ed\u00ed v\u00a0Evrop\u011b jako sou\u010d\u00e1st hybridn\u00edho p\u016fsoben\u00ed<\/strong><\/p>\n<p><em>plk. Mgr. Krist\u00fdna Holubov\u00e1, Ph.D., <\/em><em>Policejn\u00ed akademie \u010cesk\u00e9 republiky v Praze, fakulta bezpe\u010dnostn\u00edho managementu, katedra krizov\u00e9ho \u0159\u00edzen\u00ed<\/em><\/p>\n<p><em>doc. Mgr. Old\u0159ich Krul\u00edk, Ph.D., Policie \u010cesk\u00e9 republiky, <\/em><em>\u00da\u0159ad slu\u017eby krimin\u00e1ln\u00ed policie a\u00a0vy\u0161et\u0159ov\u00e1n\u00ed, odbor centr\u00e1ln\u00ed analytiky<\/em><\/p>\n<p><strong>Abstrakt<\/strong><\/p>\n<p>\u010cesk\u00e1 republika byla v\u00a0z\u00e1\u0159\u00ed 2024 konfrontov\u00e1na s\u00a0dosud bezprecedentn\u00ed vlnou v\u00fdhr\u016f\u017eek adresovan\u00fdch \u0161kolsk\u00fdm za\u0159\u00edzen\u00edm. Sou\u010d\u00e1sti bezpe\u010dnostn\u00edho syst\u00e9mu st\u00e1tu, v\u010detn\u011b Policie \u010cesk\u00e9 republiky, i\u00a0za vyu\u017eit\u00ed zku\u0161enost\u00ed zahrani\u010dn\u00edch partner\u016f dosp\u011bly k\u00a0z\u00e1v\u011bru, \u017ee ambic\u00ed v\u00fdhru\u017eek je vyvolat chaos, p\u0159i\u010dem\u017e pravd\u011bpodobnost re\u00e1ln\u00e9ho \u00fatoku je velmi n\u00edzk\u00e1. P\u0159edkl\u00e1dan\u00fd \u010dl\u00e1nek je synt\u00e9zou t\u0159\u00ed d\u00edl\u010d\u00edch aspekt\u016f dot\u00fdkaj\u00edc\u00edch se zvolen\u00e9ho t\u00e9matu. V\u00a0prvn\u00ed \u0159ad\u011b se jedn\u00e1 o\u00a0p\u0159ehled incident\u016f tohoto druhu v\u00a0Evrop\u011b v\u00a0posledn\u00edch letech (p\u0159i\u010dem\u017e \u0159ada z\u00a0nich nese znaky hybridn\u00edho p\u016fsoben\u00ed). Druh\u00e1 \u010d\u00e1st se zam\u011b\u0159uje na zmapov\u00e1n\u00ed zji\u0161t\u011bn\u00ed zahrani\u010dn\u00edch partner\u016f ohledn\u011b trend\u016f incident\u016f ve \u0161koln\u00edm prost\u0159ed\u00ed. T\u0159et\u00ed \u010d\u00e1st si klade za c\u00edl indikativn\u011b prezentovat aktu\u00e1ln\u00ed souvisej\u00edc\u00ed protiopat\u0159en\u00ed implementovan\u00e1 v\u00a0zahrani\u010d\u00ed, kdy komplexn\u00ed p\u0159\u00edstup v\u00a0t\u00e9to souvislosti nab\u00edz\u00ed sou\u010dasn\u00e1 praxe Slovenska.<\/p>\n<p><strong>Kl\u00ed\u010dov\u00e1 slova: <\/strong>\u0160kola, incidenty, bezpe\u010dnost, v\u00fdhru\u017eky, hybridn\u00ed p\u016fsoben\u00ed, protiopat\u0159en\u00ed, komparace.<\/p>\n<hr \/>\n<p><a href=\"https:\/\/veda.polac.cz\/?page_id=7768\">Zp\u011bt<\/a><\/p>\n","protected":false},"excerpt":{"rendered":"<p>Resum\u00e9 \u010dl\u00e1nku Incidenty ve \u0161koln\u00edm prost\u0159ed\u00ed v\u00a0Evrop\u011b jako sou\u010d\u00e1st hybridn\u00edho p\u016fsoben\u00ed plk. Mgr. Krist\u00fdna Holubov\u00e1, Ph.D., Policejn\u00ed akademie \u010cesk\u00e9 republiky v Praze, fakulta bezpe\u010dnostn\u00edho managementu, katedra krizov\u00e9ho \u0159\u00edzen\u00ed doc. Mgr. Old\u0159ich Krul\u00edk, Ph.D., Policie \u010cesk\u00e9 republiky, \u00da\u0159ad slu\u017eby krimin\u00e1ln\u00ed policie a\u00a0vy\u0161et\u0159ov\u00e1n\u00ed, odbor centr\u00e1ln\u00ed analytiky Abstrakt \u010cesk\u00e1 republika byla v\u00a0z\u00e1\u0159\u00ed 2024 konfrontov\u00e1na s\u00a0dosud bezprecedentn\u00ed vlnou v\u00fdhr\u016f\u017eek [&hellip;]<\/p>\n","protected":false},"author":6,"featured_media":0,"parent":0,"menu_order":0,"comment_status":"closed","ping_status":"closed","template":"","meta":{"footnotes":""},"class_list":["post-7773","page","type-page","status-publish","hentry"],"_links":{"self":[{"href":"https:\/\/veda.polac.cz\/index.php?rest_route=\/wp\/v2\/pages\/7773","targetHints":{"allow":["GET"]}}],"collection":[{"href":"https:\/\/veda.polac.cz\/index.php?rest_route=\/wp\/v2\/pages"}],"about":[{"href":"https:\/\/veda.polac.cz\/index.php?rest_route=\/wp\/v2\/types\/page"}],"author":[{"embeddable":true,"href":"https:\/\/veda.polac.cz\/index.php?rest_route=\/wp\/v2\/users\/6"}],"replies":[{"embeddable":true,"href":"https:\/\/veda.polac.cz\/index.php?rest_route=%2Fwp%2Fv2%2Fcomments&post=7773"}],"version-history":[{"count":1,"href":"https:\/\/veda.polac.cz\/index.php?rest_route=\/wp\/v2\/pages\/7773\/revisions"}],"predecessor-version":[{"id":7776,"href":"https:\/\/veda.polac.cz\/index.php?rest_route=\/wp\/v2\/pages\/7773\/revisions\/7776"}],"wp:attachment":[{"href":"https:\/\/veda.polac.cz\/index.php?rest_route=%2Fwp%2Fv2%2Fmedia&parent=7773"}],"curies":[{"name":"wp","href":"https:\/\/api.w.org\/{rel}","templated":true}]}}