{"id":7771,"date":"2025-12-29T08:57:44","date_gmt":"2025-12-29T08:57:44","guid":{"rendered":"https:\/\/veda.polac.cz\/?page_id=7771"},"modified":"2025-12-29T10:24:15","modified_gmt":"2025-12-29T10:24:15","slug":"7771-2","status":"publish","type":"page","link":"https:\/\/veda.polac.cz\/?page_id=7771","title":{"rendered":""},"content":{"rendered":"<p style=\"text-align: center;\">Resum\u00e9 \u010dl\u00e1nku<\/p>\n<p><strong>Odolnost spole\u010dnosti a\u00a0jej\u00edch specifick\u00fdch c\u00edlov\u00fdch skupin v\u016f\u010di dezinformac\u00edm a\u00a0manipulativn\u00edmu informa\u010dn\u00edmu p\u016fsoben\u00ed \u2013 faktory vlivu<\/strong><\/p>\n<p><em>Mgr. Lenka Jakubcov\u00e1, Ph.D., Policejn\u00ed akademie \u010cesk\u00e9 republiky v Praze, Fakulta bezpe\u010dnostn\u00edho managementu, katedra krizov\u00e9ho \u0159\u00edzen\u00ed<\/em><\/p>\n<p><em>Dr. Zden\u011bk Kova\u0159\u00edk, CSc., Policejn\u00ed akademie \u010cesk\u00e9 republiky v Praze<\/em><\/p>\n<p><strong>Abstrakt<\/strong><\/p>\n<p>\u010cl\u00e1nek pojedn\u00e1v\u00e1 o\u00a0vztaz\u00edch mezi vybran\u00fdmi faktory ovliv\u0148uj\u00edc\u00edmi odolnost spole\u010dnosti a\u00a0specifick\u00fdch c\u00edlov\u00fdch skupin v\u016f\u010di dezinformac\u00edm a\u00a0manipulativn\u00edmu informa\u010dn\u00edmu p\u016fsoben\u00ed. Data uveden\u00e1 v\u00a0tomto \u010dl\u00e1nku poch\u00e1zej\u00ed z\u00a0origin\u00e1ln\u00edho v\u00fdzkumu proveden\u00e9ho \u0159e\u0161itelsk\u00fdm t\u00fdmem z\u00a0Policejn\u00ed akademie \u010cesk\u00e9 republiky v\u00a0Praze v\u00a0r\u00e1mci projektu \u201eOdolnost p\u0159\u00edslu\u0161n\u00edk\u016f Policie \u010cesk\u00e9 republiky v\u016f\u010di dezinforma\u010dn\u00edm vliv\u016fm a\u00a0mo\u017enosti posilov\u00e1n\u00ed jejich rezistence prost\u0159ednictv\u00edm vzd\u011bl\u00e1v\u00e1n\u00ed\u201c (VK01020187). P\u0159\u00edsp\u011bvek stru\u010dn\u011b navazuje na \u0161ir\u0161\u00ed v\u00fdsledky tohoto v\u00fdzkumu (kter\u00e9 budou publikov\u00e1ny v\u00a0jin\u00fdch periodik\u00e1ch) a\u00a0zab\u00fdv\u00e1 se sekund\u00e1rn\u00ed, hlub\u0161\u00ed anal\u00fdzou z\u00edskan\u00fdch dat.<\/p>\n<p>C\u00edlem p\u0159edlo\u017een\u00e9ho \u010dl\u00e1nku je analyzovat vz\u00e1jemn\u00fd vztah mezi konspira\u010dn\u00ed mentalitou, indexem medi\u00e1ln\u00ed gramotnosti a\u00a0sebeur\u010duj\u00edc\u00ed dezinforma\u010dn\u00ed odolnost\u00ed. Jde o\u00a0soci\u00e1ln\u011bpsychologick\u00e9 dimenze, kter\u00e9 nejsou v\u00a0centru z\u00e1jmu aktu\u00e1ln\u011b analyzovan\u00fdch p\u0159\u00edstup\u016f v\u00a0\u0159e\u0161en\u00ed dezinforma\u010dn\u00ed problematiky. Z\u00e1m\u011brem autor\u016f je p\u0159isp\u011bt prezentov\u00e1n\u00edm v\u011bdeck\u00fdch dat k\u00a0diskus\u00edm o\u00a0prom\u011bnn\u00fdch, kter\u00e9 vstupuj\u00ed do procesu podv\u011bdom\u00e9ho rozhodov\u00e1n\u00ed jednotlivce o\u00a0tom, zda prezentovan\u00e9 informaci uv\u011b\u0159\u00ed, \u010di ji kriticky zpochybn\u00ed a\u00a0bude investovat \u010das a\u00a0energii do ov\u011b\u0159en\u00ed jej\u00ed pravdivosti a\u00a0v\u011brohodnosti. Vzhledem k\u00a0rozsahu \u010dl\u00e1nku a\u00a0hloubce anal\u00fdzy jsou zde prezentov\u00e1ny vztahy pouze mezi vybran\u00fdmi prom\u011bnn\u00fdmi, kter\u00e9 zasazujeme do kontextu proveden\u00e9ho v\u00fdzkumu a\u00a0jeho v\u00fdsledk\u016f.<\/p>\n<p><strong>Kl\u00ed\u010dov\u00e1 slova:<\/strong> Konspira\u010dn\u00ed mentalita, index medi\u00e1ln\u00ed gramotnosti, sebeur\u010duj\u00edc\u00ed dezinforma\u010dn\u00ed odolnost, psychick\u00e1 odolnost, explora\u010dn\u00ed faktorov\u00e1 anal\u00fdza, metoda MORGANA, Somersovo delta, Cliffovo delta, statistika CLES, Kruskal\u016fv\u2013Wallis\u016fv H test.<\/p>\n<hr \/>\n<p><a href=\"https:\/\/veda.polac.cz\/?page_id=7768\">Zp\u011bt<\/a><\/p>\n","protected":false},"excerpt":{"rendered":"<p>Resum\u00e9 \u010dl\u00e1nku Odolnost spole\u010dnosti a\u00a0jej\u00edch specifick\u00fdch c\u00edlov\u00fdch skupin v\u016f\u010di dezinformac\u00edm a\u00a0manipulativn\u00edmu informa\u010dn\u00edmu p\u016fsoben\u00ed \u2013 faktory vlivu Mgr. Lenka Jakubcov\u00e1, Ph.D., Policejn\u00ed akademie \u010cesk\u00e9 republiky v Praze, Fakulta bezpe\u010dnostn\u00edho managementu, katedra krizov\u00e9ho \u0159\u00edzen\u00ed Dr. Zden\u011bk Kova\u0159\u00edk, CSc., Policejn\u00ed akademie \u010cesk\u00e9 republiky v Praze Abstrakt \u010cl\u00e1nek pojedn\u00e1v\u00e1 o\u00a0vztaz\u00edch mezi vybran\u00fdmi faktory ovliv\u0148uj\u00edc\u00edmi odolnost spole\u010dnosti a\u00a0specifick\u00fdch c\u00edlov\u00fdch skupin [&hellip;]<\/p>\n","protected":false},"author":6,"featured_media":0,"parent":0,"menu_order":0,"comment_status":"closed","ping_status":"closed","template":"","meta":{"footnotes":""},"class_list":["post-7771","page","type-page","status-publish","hentry"],"_links":{"self":[{"href":"https:\/\/veda.polac.cz\/index.php?rest_route=\/wp\/v2\/pages\/7771","targetHints":{"allow":["GET"]}}],"collection":[{"href":"https:\/\/veda.polac.cz\/index.php?rest_route=\/wp\/v2\/pages"}],"about":[{"href":"https:\/\/veda.polac.cz\/index.php?rest_route=\/wp\/v2\/types\/page"}],"author":[{"embeddable":true,"href":"https:\/\/veda.polac.cz\/index.php?rest_route=\/wp\/v2\/users\/6"}],"replies":[{"embeddable":true,"href":"https:\/\/veda.polac.cz\/index.php?rest_route=%2Fwp%2Fv2%2Fcomments&post=7771"}],"version-history":[{"count":2,"href":"https:\/\/veda.polac.cz\/index.php?rest_route=\/wp\/v2\/pages\/7771\/revisions"}],"predecessor-version":[{"id":7785,"href":"https:\/\/veda.polac.cz\/index.php?rest_route=\/wp\/v2\/pages\/7771\/revisions\/7785"}],"wp:attachment":[{"href":"https:\/\/veda.polac.cz\/index.php?rest_route=%2Fwp%2Fv2%2Fmedia&parent=7771"}],"curies":[{"name":"wp","href":"https:\/\/api.w.org\/{rel}","templated":true}]}}