{"id":7768,"date":"2025-12-29T08:38:06","date_gmt":"2025-12-29T08:38:06","guid":{"rendered":"https:\/\/veda.polac.cz\/?page_id=7768"},"modified":"2025-12-29T10:38:08","modified_gmt":"2025-12-29T10:38:08","slug":"04-25","status":"publish","type":"page","link":"https:\/\/veda.polac.cz\/?page_id=7768","title":{"rendered":"04\/2025"},"content":{"rendered":"<p><a href=\"https:\/\/veda.polac.cz\/?page_id=7771\"><strong>Odolnost spole\u010dnosti a jej\u00edch specifick\u00fdch c\u00edlov\u00fdch skupin v\u016f\u010di dezinformac\u00edm a manipulativn\u00edmu informa\u010dn\u00edmu p\u016fsoben\u00ed \u2013 faktory vlivu<\/strong><\/a><br \/>\nMgr. Lenka Jakubcov\u00e1, Ph.D., Policejn\u00ed akademie \u010cesk\u00e9 republiky v Praze, Fakulta bezpe\u010dnostn\u00edho managementu, katedra krizov\u00e9ho \u0159\u00edzen\u00ed<br \/>\nDr. Zden\u011bk Kova\u0159\u00edk, CSc., Policejn\u00ed akademie \u010cesk\u00e9 republiky v Praze,<br \/>\nextern\u00ed v\u00fdzkumn\u00edk<\/p>\n<p><a href=\"https:\/\/veda.polac.cz\/wp-content\/uploads\/2025\/12\/Odolnost-spolecnosti-a-jejich-specifickych-cilovych-skupin-vuci-dezinformacim-a-manipulativnimu-informacnimu-pusobeni-\u2013-faktory-vlivu.pdf\" target=\"_blank\" rel=\"noopener\">pdf form\u00e1t<\/a><\/p>\n<hr \/>\n<p><a href=\"https:\/\/veda.polac.cz\/?page_id=7773\"><strong>Incidenty ve \u0161koln\u00edm prost\u0159ed\u00ed v Evrop\u011b jako sou\u010d\u00e1st hybridn\u00edho p\u016fsoben\u00ed<\/strong><\/a><br \/>\nplk. Mgr. Krist\u00fdna Holubov\u00e1, Ph.D., Policejn\u00ed akademie \u010cesk\u00e9 republiky v Praze, Fakulta bezpe\u010dnostn\u00edho managementu, katedra krizov\u00e9ho \u0159\u00edzen\u00ed<br \/>\ndoc. Mgr. Old\u0159ich Krul\u00edk, Ph.D., Policie \u010cesk\u00e9 republiky, slu\u017eba krimin\u00e1ln\u00ed policie a vy\u0161et\u0159ov\u00e1n\u00ed, odbor centr\u00e1ln\u00ed analytiky<\/p>\n<p><a href=\"https:\/\/veda.polac.cz\/wp-content\/uploads\/2025\/12\/Incidenty-ve-skolnim-prostredi-v-Evrope-jako-soucast-hybridniho-pusobeni.pdf\" target=\"_blank\" rel=\"noopener\">pdf form\u00e1t<\/a><\/p>\n<hr \/>\n<p><a href=\"https:\/\/veda.polac.cz\/?page_id=7777\"><strong>Quo vadis, Univerzito Palack\u00e9ho v Olomouci, v oblasti informa\u010dn\u00edho zaji\u0161t\u011bn\u00ed bezpe\u010dnosti a ochrany m\u011bkk\u00fdch c\u00edl\u016f<\/strong><\/a><br \/>\nprof. Ing. Pavel Ot\u0159\u00edsal, Ph.D., MBA, Univerzita Palack\u00e9ho v Olomouci<br \/>\nFakulta t\u011blesn\u00e9 kultury, katedra aplikovan\u00fdch pohybov\u00fdch aktivit<br \/>\nIng. Milo\u0161 Drdla, Dr., MBA., L.LM., Mendelova Univerzita v Brn\u011b,<br \/>\nFakulta provozn\u011b ekonomick\u00e1, \u00dastav podnikov\u00e9 ekonomiky<\/p>\n<p><a href=\"https:\/\/veda.polac.cz\/wp-content\/uploads\/2025\/12\/Quo-vadis-Univerzito-Palackeho-v-Olomouci-v-oblasti-informacniho-zajisteni-bezpecnosti-a-ochrany-mekkych-cilu.pdf\" target=\"_blank\" rel=\"noopener\">pdf form\u00e1t<\/a><\/p>\n<hr \/>\n<p><a href=\"https:\/\/veda.polac.cz\/?page_id=7779\"><strong>Pr\u00e1ce s nekvalitn\u00edmi otisky prst\u016f v daktyloskopii<\/strong><\/a><br \/>\nprof. Ing. Dipl. Ing. Martin Drahansk\u00fd, Ph.D., Policejn\u00ed akademie \u010cesk\u00e9 republiky v Praze, Fakulta bezpe\u010dnostn\u011b pr\u00e1vn\u00ed, katedra kriminalistiky<br \/>\npplk. Ing. Tom\u00e1\u0161 Vok\u00e1lek, Vojensk\u00e1 policie, odd\u011blen\u00ed kriminalistiky a expertizy<br \/>\npplk. v. v. Mgr. Jarom\u00edr \u0160t\u011bp\u00e1nek, Ph.D., Policejn\u00ed akademie \u010cesk\u00e9 republiky v Praze, Fakulta bezpe\u010dnostn\u011b pr\u00e1vn\u00ed, katedra kriminalistiky<\/p>\n<p><a href=\"https:\/\/veda.polac.cz\/wp-content\/uploads\/2025\/12\/Prace-s-nekvalitnimi-otisky-prstu-v-daktyloskopii.pdf\" target=\"_blank\" rel=\"noopener\">pdf form\u00e1t<\/a><\/p>\n<hr \/>\n<p><a href=\"https:\/\/veda.polac.cz\/?page_id=7781\"><strong>Human Resources Management V\u011bze\u0148sk\u00e9 slu\u017eby \u010cesk\u00e9 republiky v \u010d\u00edslech a datech<\/strong><\/a><br \/>\nMgr. et Mgr. Tereza Raszkov\u00e1, Institut pro kriminologii a soci\u00e1ln\u00ed prevenci, Policejn\u00ed akademie \u010cesk\u00e9 republiky v Praze, studentka doktorsk\u00e9ho studijn\u00edho programu<br \/>\nMgr. Petra Zh\u0159\u00edvalov\u00e1, Ph.D., Institut pro kriminologii a soci\u00e1ln\u00ed prevenci, v\u00fdzkumnice<br \/>\nPhDr. Lucie H\u00e1kov\u00e1, Ph.D., Institut pro kriminologii a soci\u00e1ln\u00ed prevenci, v\u00fdzkumnice<\/p>\n<p><a href=\"https:\/\/veda.polac.cz\/wp-content\/uploads\/2025\/12\/Human-Resources-Management-Vezenske-sluzby-Ceske-republiky-v-cislech-a-datech.pdf\" target=\"_blank\" rel=\"noopener\">pdf form\u00e1t<\/a><\/p>\n<hr \/>\n<p>&nbsp;<\/p>\n","protected":false},"excerpt":{"rendered":"<p>Odolnost spole\u010dnosti a jej\u00edch specifick\u00fdch c\u00edlov\u00fdch skupin v\u016f\u010di dezinformac\u00edm a manipulativn\u00edmu informa\u010dn\u00edmu p\u016fsoben\u00ed \u2013 faktory vlivu Mgr. Lenka Jakubcov\u00e1, Ph.D., Policejn\u00ed akademie \u010cesk\u00e9 republiky v Praze, Fakulta bezpe\u010dnostn\u00edho managementu, katedra krizov\u00e9ho \u0159\u00edzen\u00ed Dr. Zden\u011bk Kova\u0159\u00edk, CSc., Policejn\u00ed akademie \u010cesk\u00e9 republiky v Praze, extern\u00ed v\u00fdzkumn\u00edk pdf form\u00e1t Incidenty ve \u0161koln\u00edm prost\u0159ed\u00ed v Evrop\u011b jako sou\u010d\u00e1st hybridn\u00edho [&hellip;]<\/p>\n","protected":false},"author":6,"featured_media":0,"parent":0,"menu_order":0,"comment_status":"closed","ping_status":"closed","template":"","meta":{"footnotes":""},"class_list":["post-7768","page","type-page","status-publish","hentry"],"_links":{"self":[{"href":"https:\/\/veda.polac.cz\/index.php?rest_route=\/wp\/v2\/pages\/7768","targetHints":{"allow":["GET"]}}],"collection":[{"href":"https:\/\/veda.polac.cz\/index.php?rest_route=\/wp\/v2\/pages"}],"about":[{"href":"https:\/\/veda.polac.cz\/index.php?rest_route=\/wp\/v2\/types\/page"}],"author":[{"embeddable":true,"href":"https:\/\/veda.polac.cz\/index.php?rest_route=\/wp\/v2\/users\/6"}],"replies":[{"embeddable":true,"href":"https:\/\/veda.polac.cz\/index.php?rest_route=%2Fwp%2Fv2%2Fcomments&post=7768"}],"version-history":[{"count":5,"href":"https:\/\/veda.polac.cz\/index.php?rest_route=\/wp\/v2\/pages\/7768\/revisions"}],"predecessor-version":[{"id":7792,"href":"https:\/\/veda.polac.cz\/index.php?rest_route=\/wp\/v2\/pages\/7768\/revisions\/7792"}],"wp:attachment":[{"href":"https:\/\/veda.polac.cz\/index.php?rest_route=%2Fwp%2Fv2%2Fmedia&parent=7768"}],"curies":[{"name":"wp","href":"https:\/\/api.w.org\/{rel}","templated":true}]}}