{"id":7752,"date":"2025-10-22T09:49:54","date_gmt":"2025-10-22T09:49:54","guid":{"rendered":"https:\/\/veda.polac.cz\/?page_id=7752"},"modified":"2025-10-22T10:06:22","modified_gmt":"2025-10-22T10:06:22","slug":"7752-2","status":"publish","type":"page","link":"https:\/\/veda.polac.cz\/?page_id=7752&lang=en","title":{"rendered":""},"content":{"rendered":"<p style=\"text-align: center;\">Resume<\/p>\n<p><strong>How to Measure Drug-Related Crime? A Big Challenge for the Czech Police Statistical System<\/strong><\/p>\n<p><em>JUDr. Michaela Roubalov\u00e1, Ph.D., Institute of Criminology and Social Prevention, Prague, Researcher<\/em><\/p>\n<p><em>Mgr. Kate\u0159ina Grohmannov\u00e1, Institute of Criminology and Social Prevention, Prague, Czech Republic and National Monitoring Centre for Drugs and Addictions, Prague, Researcher<\/em><\/p>\n<p><em>JUDr. Petr Zeman, Ph.D., Institute of Criminology and Social Prevention, Prague, Director<\/em><\/p>\n<p><strong>Abstract<\/strong><\/p>\n<p>The aim of the article is to introduce to the non-Czech audience the development and key outcomes of a project aimed at establishing a streamlined, systematic approach to monitoring drug-related crime in the Czech Republic. It introduces an original theoretical framework for defining drug-related crime, developed specifically for this context. While tailored to national conditions, the conceptual model and core data parameters may offer valuable insights for international application. A pilot data collection based on this project is currently underway at the police level.<\/p>\n<p><strong>Keywords: <\/strong>drug-related crime, Czech Republic, data collection, theoretical concept, police.<\/p>\n<hr \/>\n<p><a href=\"https:\/\/veda.polac.cz\/?page_id=7742&amp;lang=en\">Back<\/a><\/p>\n","protected":false},"excerpt":{"rendered":"<p>Resume How to Measure Drug-Related Crime? A Big Challenge for the Czech Police Statistical System JUDr. Michaela Roubalov\u00e1, Ph.D., Institute of Criminology and Social Prevention, Prague, Researcher Mgr. Kate\u0159ina Grohmannov\u00e1, Institute of Criminology and Social Prevention, Prague, Czech Republic and National Monitoring Centre for Drugs and Addictions, Prague, Researcher JUDr. Petr Zeman, Ph.D., Institute of [&hellip;]<\/p>\n","protected":false},"author":6,"featured_media":0,"parent":0,"menu_order":0,"comment_status":"closed","ping_status":"closed","template":"","meta":{"footnotes":""},"class_list":["post-7752","page","type-page","status-publish","hentry"],"_links":{"self":[{"href":"https:\/\/veda.polac.cz\/index.php?rest_route=\/wp\/v2\/pages\/7752","targetHints":{"allow":["GET"]}}],"collection":[{"href":"https:\/\/veda.polac.cz\/index.php?rest_route=\/wp\/v2\/pages"}],"about":[{"href":"https:\/\/veda.polac.cz\/index.php?rest_route=\/wp\/v2\/types\/page"}],"author":[{"embeddable":true,"href":"https:\/\/veda.polac.cz\/index.php?rest_route=\/wp\/v2\/users\/6"}],"replies":[{"embeddable":true,"href":"https:\/\/veda.polac.cz\/index.php?rest_route=%2Fwp%2Fv2%2Fcomments&post=7752"}],"version-history":[{"count":1,"href":"https:\/\/veda.polac.cz\/index.php?rest_route=\/wp\/v2\/pages\/7752\/revisions"}],"predecessor-version":[{"id":7753,"href":"https:\/\/veda.polac.cz\/index.php?rest_route=\/wp\/v2\/pages\/7752\/revisions\/7753"}],"wp:attachment":[{"href":"https:\/\/veda.polac.cz\/index.php?rest_route=%2Fwp%2Fv2%2Fmedia&parent=7752"}],"curies":[{"name":"wp","href":"https:\/\/api.w.org\/{rel}","templated":true}]}}