{"id":7750,"date":"2025-10-22T09:47:05","date_gmt":"2025-10-22T09:47:05","guid":{"rendered":"https:\/\/veda.polac.cz\/?page_id=7750"},"modified":"2025-10-22T10:05:50","modified_gmt":"2025-10-22T10:05:50","slug":"7750-2","status":"publish","type":"page","link":"https:\/\/veda.polac.cz\/?page_id=7750&lang=en","title":{"rendered":""},"content":{"rendered":"<p style=\"text-align: center;\">Resume<\/p>\n<p><strong>The Christchurch Call at Almost Seven Years: Reflection and Future Outlook<\/strong><\/p>\n<p><em>Mgr. et Mgr. Mark\u00e9ta \u0160onkov\u00e1, MA, <\/em><em>Independent researcher<\/em><\/p>\n<p><strong>Abstract<\/strong><\/p>\n<p>The text presents the Christchurch Call, the role of the EU within the Christchurch Call and the EU engagement in fighting terrorism and violent extremism online, discusses the evolution and focus of the work in the framework of the Christchurch Call, reflects on the last Leaders\u2019 Summit and the evolution of the initiative since, examines the future outlook, and offers several recommendations for future work.<\/p>\n<p><strong>Keywords: <\/strong>Christchurch Call; New Zealand; Terrorism; Extremism; Online; International Cooperation; Security.<\/p>\n<hr \/>\n<p><a href=\"https:\/\/veda.polac.cz\/?page_id=7742&amp;lang=en\">Back<\/a><\/p>\n","protected":false},"excerpt":{"rendered":"<p>Resume The Christchurch Call at Almost Seven Years: Reflection and Future Outlook Mgr. et Mgr. Mark\u00e9ta \u0160onkov\u00e1, MA, Independent researcher Abstract The text presents the Christchurch Call, the role of the EU within the Christchurch Call and the EU engagement in fighting terrorism and violent extremism online, discusses the evolution and focus of the work [&hellip;]<\/p>\n","protected":false},"author":6,"featured_media":0,"parent":0,"menu_order":0,"comment_status":"closed","ping_status":"closed","template":"","meta":{"footnotes":""},"class_list":["post-7750","page","type-page","status-publish","hentry"],"_links":{"self":[{"href":"https:\/\/veda.polac.cz\/index.php?rest_route=\/wp\/v2\/pages\/7750","targetHints":{"allow":["GET"]}}],"collection":[{"href":"https:\/\/veda.polac.cz\/index.php?rest_route=\/wp\/v2\/pages"}],"about":[{"href":"https:\/\/veda.polac.cz\/index.php?rest_route=\/wp\/v2\/types\/page"}],"author":[{"embeddable":true,"href":"https:\/\/veda.polac.cz\/index.php?rest_route=\/wp\/v2\/users\/6"}],"replies":[{"embeddable":true,"href":"https:\/\/veda.polac.cz\/index.php?rest_route=%2Fwp%2Fv2%2Fcomments&post=7750"}],"version-history":[{"count":1,"href":"https:\/\/veda.polac.cz\/index.php?rest_route=\/wp\/v2\/pages\/7750\/revisions"}],"predecessor-version":[{"id":7751,"href":"https:\/\/veda.polac.cz\/index.php?rest_route=\/wp\/v2\/pages\/7750\/revisions\/7751"}],"wp:attachment":[{"href":"https:\/\/veda.polac.cz\/index.php?rest_route=%2Fwp%2Fv2%2Fmedia&parent=7750"}],"curies":[{"name":"wp","href":"https:\/\/api.w.org\/{rel}","templated":true}]}}