{"id":7742,"date":"2025-10-03T08:39:21","date_gmt":"2025-10-03T08:39:21","guid":{"rendered":"https:\/\/veda.polac.cz\/?page_id=7742"},"modified":"2025-10-22T10:10:08","modified_gmt":"2025-10-22T10:10:08","slug":"03-2025-2","status":"publish","type":"page","link":"https:\/\/veda.polac.cz\/?page_id=7742&lang=en","title":{"rendered":"03\/2025"},"content":{"rendered":"<p><a href=\"https:\/\/veda.polac.cz\/?page_id=7750\"><strong>The Christchurch Call at Almost Seven Years: Reflection and Future Outlook<\/strong><\/a><br \/>\nMgr. et Mgr. Mark\u00e9ta \u0160onkov\u00e1, MA<br \/>\nIndependent researcher<\/p>\n<p><a href=\"https:\/\/veda.polac.cz\/wp-content\/uploads\/2025\/10\/Christchurch-Call-na-prahu-sedmi-let-Reflexe-a-vyhled.pdf\" target=\"_blank\" rel=\"noopener\">pdf form\u00e1t<\/a><\/p>\n<hr \/>\n<p><a href=\"https:\/\/veda.polac.cz\/?page_id=7752\"><strong>How to Measure Drug-Related Crime? A Big Challenge for the Czech Police Statistical System<\/strong><\/a><br \/>\nJUDr. Michaela Roubalov\u00e1, Ph.D.<br \/>\nInstitute of Criminology and Social Prevention, Prague, Researcher<br \/>\nMgr. Kate\u0159ina Grohmannov\u00e1<br \/>\nInstitute of Criminology and Social Prevention, Prague, Czech Republic and National Monitoring Centre for Drugs and Addictions, Prague, Researcher<br \/>\nJUDr. Petr Zeman, Ph.D.<br \/>\nInstitute of Criminology and Social Prevention, Prague, Director<\/p>\n<p><a href=\"https:\/\/veda.polac.cz\/wp-content\/uploads\/2025\/10\/Jak-merit-sekundarni-drogovou-kriminalitu-Velka-vyzva-pro-cesky-policejni-statisticky-system.pdf\" target=\"_blank\" rel=\"noopener\">pdf form\u00e1t<\/a><\/p>\n<hr \/>\n<p><a href=\"https:\/\/veda.polac.cz\/?page_id=7754\"><strong>Psychological and Spiritual Service of the Police of the Czech Republic<\/strong><\/a><br \/>\npplk. Mgr. Renata Jamelsk\u00e1<br \/>\nPolice Academy of the Czech Republic in Prague, Faculty of Security and Law, Department of Police Activities<br \/>\npplk. v. v. Mgr. Jozef T\u00f3th<br \/>\nPolice Academy of the Czech Republic in Prague, Faculty of Security and Law, Department of Police Activities<\/p>\n<p><a href=\"https:\/\/veda.polac.cz\/wp-content\/uploads\/2025\/10\/Psychologicka-a-duchovni-sluzba-Policie-Ceske-republiky.pdf\" target=\"_blank\" rel=\"noopener\">pdf form\u00e1t<\/a><\/p>\n<hr \/>\n<p><a href=\"https:\/\/veda.polac.cz\/?page_id=7756\"><strong>From Brain to Platform: Why Disinformation Spreads and How Education Can Build Resilience<\/strong> <\/a><br \/>\nMgr. Lenka Jakubcov\u00e1, Ph.D. Police Academy of the Czech Republic in Prague, Faculty of Security Management, Department of Crisis Management<br \/>\nMgr. Krist\u00fdna Holubov\u00e1, Ph.D. Police Academy of the Czech Republic in Prague, Faculty of Security Management, Department of Crisis Management<br \/>\ndoc. Ing. Karel \u0160ilinger, Ph.D. Ministry of Defence<\/p>\n<p><a href=\"https:\/\/veda.polac.cz\/wp-content\/uploads\/2025\/10\/Od-mozku-k-platforme-Proc-se-siri-dezinformace-a-jak-muze-vzdelavani-posilit-odolnost.pdf\" target=\"_blank\" rel=\"noopener\">pdf form\u00e1t<\/a><\/p>\n<hr \/>\n<p><a href=\"https:\/\/veda.polac.cz\/?page_id=7759&amp;lang=en\"><strong>Cybersecurity in Healthcare: Challenges and Recommendations<\/strong><\/a><br \/>\nMgr. Michal \u010cern\u00fd<br \/>\nPolice of the Czech Republic, National Counterterrorism, Extremism and Cybercrime Agency, Criminal Police and Investigation Service<br \/>\nCzech Technical University in Prague, Faculty of Biomedical Engineering<br \/>\nPh.D. student<\/p>\n<p><a href=\"https:\/\/veda.polac.cz\/wp-content\/uploads\/2025\/10\/Kyberneticka-bezpecnost-ve-zdravotnictvi-Vyzvy-a-doporuceni.pdf\" target=\"_blank\" rel=\"noopener\">pdf form\u00e1t<\/a><\/p>\n<hr \/>\n<p><a href=\"https:\/\/veda.polac.cz\/?page_id=7761&amp;lang=en\"><strong>Factors Influencing Crime Reporting: An Analysis of Victims\u2019 Perspectives Based on Sociodemographic Characteristics<\/strong><\/a><br \/>\nPhDr. Ivana Oleck\u00e1, Ph.D.<br \/>\nPolice Academy of the Czech Republic in Prague, Faculty of Security and Law, Department of Criminology<\/p>\n<p><a href=\"https:\/\/veda.polac.cz\/wp-content\/uploads\/2025\/10\/Faktory-ovlivnujici-hlaseni-trestne-cinnosti-pohled-obeti-optikou-sociodemografickych-promennych.pdf\" target=\"_blank\" rel=\"noopener\">pdf form\u00e1t<\/a><\/p>\n<hr \/>\n<p>&nbsp;<\/p>\n","protected":false},"excerpt":{"rendered":"<p>The Christchurch Call at Almost Seven Years: Reflection and Future Outlook Mgr. et Mgr. Mark\u00e9ta \u0160onkov\u00e1, MA Independent researcher pdf form\u00e1t How to Measure Drug-Related Crime? A Big Challenge for the Czech Police Statistical System JUDr. Michaela Roubalov\u00e1, Ph.D. Institute of Criminology and Social Prevention, Prague, Researcher Mgr. Kate\u0159ina Grohmannov\u00e1 Institute of Criminology and Social [&hellip;]<\/p>\n","protected":false},"author":6,"featured_media":0,"parent":0,"menu_order":0,"comment_status":"closed","ping_status":"closed","template":"","meta":{"footnotes":""},"class_list":["post-7742","page","type-page","status-publish","hentry"],"_links":{"self":[{"href":"https:\/\/veda.polac.cz\/index.php?rest_route=\/wp\/v2\/pages\/7742","targetHints":{"allow":["GET"]}}],"collection":[{"href":"https:\/\/veda.polac.cz\/index.php?rest_route=\/wp\/v2\/pages"}],"about":[{"href":"https:\/\/veda.polac.cz\/index.php?rest_route=\/wp\/v2\/types\/page"}],"author":[{"embeddable":true,"href":"https:\/\/veda.polac.cz\/index.php?rest_route=\/wp\/v2\/users\/6"}],"replies":[{"embeddable":true,"href":"https:\/\/veda.polac.cz\/index.php?rest_route=%2Fwp%2Fv2%2Fcomments&post=7742"}],"version-history":[{"count":6,"href":"https:\/\/veda.polac.cz\/index.php?rest_route=\/wp\/v2\/pages\/7742\/revisions"}],"predecessor-version":[{"id":7763,"href":"https:\/\/veda.polac.cz\/index.php?rest_route=\/wp\/v2\/pages\/7742\/revisions\/7763"}],"wp:attachment":[{"href":"https:\/\/veda.polac.cz\/index.php?rest_route=%2Fwp%2Fv2%2Fmedia&parent=7742"}],"curies":[{"name":"wp","href":"https:\/\/api.w.org\/{rel}","templated":true}]}}