{"id":7724,"date":"2025-10-03T07:53:38","date_gmt":"2025-10-03T07:53:38","guid":{"rendered":"https:\/\/veda.polac.cz\/?page_id=7724"},"modified":"2025-10-03T07:53:38","modified_gmt":"2025-10-03T07:53:38","slug":"7724-2","status":"publish","type":"page","link":"https:\/\/veda.polac.cz\/?page_id=7724","title":{"rendered":""},"content":{"rendered":"<p style=\"text-align: center;\">Resum\u00e9 \u010dl\u00e1nku<\/p>\n<p><strong>Faktory ovliv\u0148uj\u00edc\u00ed hl\u00e1\u0161en\u00ed trestn\u00e9 \u010dinnosti: pohled ob\u011bt\u00ed optikou sociodemografick\u00fdch prom\u011bnn\u00fdch<\/strong><\/p>\n<p><em>PhDr. Ivana Oleck\u00e1, Ph.D., Policejn\u00ed akademie \u010cesk\u00e9 republiky v\u00a0Praze, Fakulta bezpe\u010dnostn\u011b pr\u00e1vn\u00ed, katedra kriminologie<\/em><\/p>\n<p><strong>Abstrakt<\/strong><\/p>\n<p>\u010cl\u00e1nek se zab\u00fdv\u00e1 faktory ovliv\u0148uj\u00edc\u00edmi rozhodov\u00e1n\u00ed ob\u011bt\u00ed trestn\u00fdch \u010din\u016f o\u00a0tom, zda dan\u00fd \u010din nahl\u00e1sit \u010di nenahl\u00e1sit. Na z\u00e1klad\u011b dat z\u00a0dotazn\u00edkov\u00e9ho \u0161et\u0159en\u00ed analyzuje variace v\u00a0chov\u00e1n\u00ed p\u0159i hl\u00e1\u0161en\u00ed trestn\u00fdch \u010din\u016f podle pohlav\u00ed, v\u011bku a\u00a0dosa\u017een\u00e9ho vzd\u011bl\u00e1n\u00ed ob\u011bt\u00ed. Data byla z\u00edsk\u00e1na od celkem 550\u00a0respondent\u016f ve v\u011bku 15 a\u00a0v\u00edce let nap\u0159\u00ed\u010d \u010ceskou republikou, z\u00a0nich\u017e 138 bylo ob\u011bt\u00ed trestn\u00fdch \u010din\u016f. V\u00fdzkumn\u00fd vzorek je reprezentativn\u00ed z\u00a0hlediska v\u011bku, pohlav\u00ed i\u00a0vzd\u011bl\u00e1n\u00ed. Studie se zam\u011b\u0159uje na motivace k\u00a0nahl\u00e1\u0161en\u00ed (nap\u0159\u00edklad snahu potrestat pachatele, z\u00edskat pomoc nebo n\u00e1hradu \u0161kody) i\u00a0na bari\u00e9ry vedouc\u00ed k\u00a0neozn\u00e1men\u00ed (nap\u0159\u00edklad nedostatek d\u016fv\u011bry v\u00a0policii, bagatelizaci \u00fajmy \u010di obavu z\u00a0odvety) a\u00a0zkoum\u00e1 rozd\u00edly mezi sociodemografick\u00fdmi skupinami v\u00a0d\u016fvodech ovliv\u0148uj\u00edc\u00edch jejich rozhodovac\u00ed proces. Tyto vzorce nazna\u010duj\u00ed, \u017ee osobn\u00ed i\u00a0struktur\u00e1ln\u00ed faktory spole\u010dn\u011b formuj\u00ed chov\u00e1n\u00ed ob\u011bt\u00ed po trestn\u00e9m \u010dinu. Studie p\u0159isp\u00edv\u00e1 k\u00a0lep\u0161\u00edmu porozum\u011bn\u00ed rozhodovac\u00edm proces\u016fm ob\u011bt\u00ed a\u00a0zd\u016fraz\u0148uje v\u00fdznam c\u00edlen\u00fdch opat\u0159en\u00ed, kter\u00e1 \u0159e\u0161\u00ed specifick\u00e9 bari\u00e9ry r\u016fzn\u00fdch skupin obyvatelstva. Poznatky z\u00a0tohoto v\u00fdzkumu mohou podpo\u0159it rozvoj efektivn\u011bj\u0161\u00edch syst\u00e9m\u016f podpory ob\u011bt\u00ed a\u00a0zv\u00fd\u0161it m\u00edru hl\u00e1\u0161en\u00ed trestn\u00e9 \u010dinnosti.<\/p>\n<p><strong>Kl\u00ed\u010dov\u00e1 slova<\/strong>: trestn\u00e1 \u010dinnost, ob\u011b\u0165, oznamovac\u00ed chov\u00e1n\u00ed, rozhodovac\u00ed proces, bezpe\u010dnost.<\/p>\n<hr \/>\n<p><a href=\"https:\/\/veda.polac.cz\/?page_id=7704\">Zp\u011bt<\/a><\/p>\n","protected":false},"excerpt":{"rendered":"<p>Resum\u00e9 \u010dl\u00e1nku Faktory ovliv\u0148uj\u00edc\u00ed hl\u00e1\u0161en\u00ed trestn\u00e9 \u010dinnosti: pohled ob\u011bt\u00ed optikou sociodemografick\u00fdch prom\u011bnn\u00fdch PhDr. Ivana Oleck\u00e1, Ph.D., Policejn\u00ed akademie \u010cesk\u00e9 republiky v\u00a0Praze, Fakulta bezpe\u010dnostn\u011b pr\u00e1vn\u00ed, katedra kriminologie Abstrakt \u010cl\u00e1nek se zab\u00fdv\u00e1 faktory ovliv\u0148uj\u00edc\u00edmi rozhodov\u00e1n\u00ed ob\u011bt\u00ed trestn\u00fdch \u010din\u016f o\u00a0tom, zda dan\u00fd \u010din nahl\u00e1sit \u010di nenahl\u00e1sit. Na z\u00e1klad\u011b dat z\u00a0dotazn\u00edkov\u00e9ho \u0161et\u0159en\u00ed analyzuje variace v\u00a0chov\u00e1n\u00ed p\u0159i hl\u00e1\u0161en\u00ed trestn\u00fdch \u010din\u016f [&hellip;]<\/p>\n","protected":false},"author":6,"featured_media":0,"parent":0,"menu_order":0,"comment_status":"closed","ping_status":"closed","template":"","meta":{"footnotes":""},"class_list":["post-7724","page","type-page","status-publish","hentry"],"_links":{"self":[{"href":"https:\/\/veda.polac.cz\/index.php?rest_route=\/wp\/v2\/pages\/7724","targetHints":{"allow":["GET"]}}],"collection":[{"href":"https:\/\/veda.polac.cz\/index.php?rest_route=\/wp\/v2\/pages"}],"about":[{"href":"https:\/\/veda.polac.cz\/index.php?rest_route=\/wp\/v2\/types\/page"}],"author":[{"embeddable":true,"href":"https:\/\/veda.polac.cz\/index.php?rest_route=\/wp\/v2\/users\/6"}],"replies":[{"embeddable":true,"href":"https:\/\/veda.polac.cz\/index.php?rest_route=%2Fwp%2Fv2%2Fcomments&post=7724"}],"version-history":[{"count":1,"href":"https:\/\/veda.polac.cz\/index.php?rest_route=\/wp\/v2\/pages\/7724\/revisions"}],"predecessor-version":[{"id":7725,"href":"https:\/\/veda.polac.cz\/index.php?rest_route=\/wp\/v2\/pages\/7724\/revisions\/7725"}],"wp:attachment":[{"href":"https:\/\/veda.polac.cz\/index.php?rest_route=%2Fwp%2Fv2%2Fmedia&parent=7724"}],"curies":[{"name":"wp","href":"https:\/\/api.w.org\/{rel}","templated":true}]}}