{"id":7721,"date":"2025-10-03T07:51:53","date_gmt":"2025-10-03T07:51:53","guid":{"rendered":"https:\/\/veda.polac.cz\/?page_id=7721"},"modified":"2025-10-03T07:51:53","modified_gmt":"2025-10-03T07:51:53","slug":"7721-2","status":"publish","type":"page","link":"https:\/\/veda.polac.cz\/?page_id=7721","title":{"rendered":""},"content":{"rendered":"<p style=\"text-align: center;\">Resum\u00e9 \u010dl\u00e1nku<\/p>\n<p><strong>Kybernetick\u00e1 bezpe\u010dnost ve zdravotnictv\u00ed: V\u00fdzvy a\u00a0doporu\u010den\u00ed<\/strong><\/p>\n<p><em>Mgr. Michal \u010cern\u00fd, Policie \u010cesk\u00e9 republiky, N\u00e1rodn\u00ed centr\u00e1la proti terorismu, extremismu a kybernetick\u00e9 kriminalit\u011b SKPV, \u010cesk\u00e9 vysok\u00e9 u\u010den\u00ed technick\u00e9 v Praze, Fakulta biomedic\u00ednsk\u00e9ho in\u017een\u00fdrstv\u00ed, student Ph.D.<\/em><\/p>\n<p><strong>Abstrakt<\/strong><\/p>\n<p>\u010cl\u00e1nek se zab\u00fdv\u00e1 aktu\u00e1ln\u00edmi hrozbami v\u00a0oblasti kybernetick\u00e9 bezpe\u010dnosti ve zdravotnictv\u00ed, p\u0159i\u010dem\u017e vych\u00e1z\u00ed z\u00a0doporu\u010den\u00ed Ministerstva zdravotnictv\u00ed \u010cR a\u00a0N\u00daKIB. Zam\u011b\u0159uje se na re\u00e1ln\u00e9 \u00fatoky, dopady na provoz zdravotnick\u00fdch za\u0159\u00edzen\u00ed a\u00a0opat\u0159en\u00ed ke\u00a0zv\u00fd\u0161en\u00ed odolnosti nemocnic a\u00a0ordinac\u00ed. Zvl\u00e1\u0161tn\u00ed pozornost je v\u011bnov\u00e1na \u0161kolen\u00ed person\u00e1lu, spr\u00e1v\u011b hesel, segmentaci s\u00edt\u00ed a\u00a0z\u00e1lohov\u00e1n\u00ed dat.<\/p>\n<p><strong>Kl\u00ed\u010dov\u00e1 slova:<\/strong> kybernetick\u00e1 bezpe\u010dnost, zdravotnictv\u00ed, ransomware, phishing, nemocnice, IT bezpe\u010dnost.<\/p>\n<hr \/>\n<p><a href=\"https:\/\/veda.polac.cz\/?page_id=7704\">Zp\u011bt<\/a><\/p>\n","protected":false},"excerpt":{"rendered":"<p>Resum\u00e9 \u010dl\u00e1nku Kybernetick\u00e1 bezpe\u010dnost ve zdravotnictv\u00ed: V\u00fdzvy a\u00a0doporu\u010den\u00ed Mgr. Michal \u010cern\u00fd, Policie \u010cesk\u00e9 republiky, N\u00e1rodn\u00ed centr\u00e1la proti terorismu, extremismu a kybernetick\u00e9 kriminalit\u011b SKPV, \u010cesk\u00e9 vysok\u00e9 u\u010den\u00ed technick\u00e9 v Praze, Fakulta biomedic\u00ednsk\u00e9ho in\u017een\u00fdrstv\u00ed, student Ph.D. Abstrakt \u010cl\u00e1nek se zab\u00fdv\u00e1 aktu\u00e1ln\u00edmi hrozbami v\u00a0oblasti kybernetick\u00e9 bezpe\u010dnosti ve zdravotnictv\u00ed, p\u0159i\u010dem\u017e vych\u00e1z\u00ed z\u00a0doporu\u010den\u00ed Ministerstva zdravotnictv\u00ed \u010cR a\u00a0N\u00daKIB. Zam\u011b\u0159uje se na [&hellip;]<\/p>\n","protected":false},"author":6,"featured_media":0,"parent":0,"menu_order":0,"comment_status":"closed","ping_status":"closed","template":"","meta":{"footnotes":""},"class_list":["post-7721","page","type-page","status-publish","hentry"],"_links":{"self":[{"href":"https:\/\/veda.polac.cz\/index.php?rest_route=\/wp\/v2\/pages\/7721","targetHints":{"allow":["GET"]}}],"collection":[{"href":"https:\/\/veda.polac.cz\/index.php?rest_route=\/wp\/v2\/pages"}],"about":[{"href":"https:\/\/veda.polac.cz\/index.php?rest_route=\/wp\/v2\/types\/page"}],"author":[{"embeddable":true,"href":"https:\/\/veda.polac.cz\/index.php?rest_route=\/wp\/v2\/users\/6"}],"replies":[{"embeddable":true,"href":"https:\/\/veda.polac.cz\/index.php?rest_route=%2Fwp%2Fv2%2Fcomments&post=7721"}],"version-history":[{"count":1,"href":"https:\/\/veda.polac.cz\/index.php?rest_route=\/wp\/v2\/pages\/7721\/revisions"}],"predecessor-version":[{"id":7722,"href":"https:\/\/veda.polac.cz\/index.php?rest_route=\/wp\/v2\/pages\/7721\/revisions\/7722"}],"wp:attachment":[{"href":"https:\/\/veda.polac.cz\/index.php?rest_route=%2Fwp%2Fv2%2Fmedia&parent=7721"}],"curies":[{"name":"wp","href":"https:\/\/api.w.org\/{rel}","templated":true}]}}