{"id":7715,"date":"2025-10-03T07:47:07","date_gmt":"2025-10-03T07:47:07","guid":{"rendered":"https:\/\/veda.polac.cz\/?page_id=7715"},"modified":"2025-10-03T07:47:07","modified_gmt":"2025-10-03T07:47:07","slug":"7715-2","status":"publish","type":"page","link":"https:\/\/veda.polac.cz\/?page_id=7715","title":{"rendered":""},"content":{"rendered":"<p style=\"text-align: center;\">Resum\u00e9 \u010dl\u00e1nku<\/p>\n<p><strong>Psychologick\u00e1 a\u00a0duchovn\u00ed slu\u017eba Policie \u010cesk\u00e9 republiky<\/strong><\/p>\n<p><em>pplk. Mgr. Renata Jamelsk\u00e1, Policejn\u00ed akademie \u010cesk\u00e9 republiky v Praze, Fakulta bezpe\u010dnostn\u011b pr\u00e1vn\u00ed, katedra policejn\u00edch \u010dinnost\u00ed<\/em><\/p>\n<p><em>pplk. v. v. Mgr. Jozef T\u00f3th, Policejn\u00ed akademie \u010cesk\u00e9 republiky v Praze, Fakulta bezpe\u010dnostn\u011b pr\u00e1vn\u00ed, katedra policejn\u00edch \u010dinnost\u00ed<\/em><\/p>\n<p><strong>Abstrakt<\/strong><\/p>\n<p>\u010cl\u00e1nek se zab\u00fdv\u00e1 psychologickou a\u00a0duchovn\u00ed slu\u017ebou u\u00a0Policie \u010cesk\u00e9 republiky a\u00a0jin\u00fdch bezpe\u010dnostn\u00edch slo\u017eek. \u00davodn\u00ed \u010d\u00e1st je v\u011bnov\u00e1na n\u00e1ro\u010dnosti policejn\u00ed pr\u00e1ce, stresov\u00fdm faktor\u016fm ovliv\u0148uj\u00edc\u00edm v\u00fdkon profese a\u00a0jejich n\u00e1sledk\u016fm. Hlavn\u00ed \u010d\u00e1st je zam\u011b\u0159ena na mo\u017enosti vyu\u017eit\u00ed poskytovan\u00fdch psychologick\u00fdch slu\u017eeb formou linky pomoci v\u00a0krizi, krizov\u00e9 intervence \u010di kolegi\u00e1ln\u00ed podpory. Praktick\u00e1 \u010d\u00e1st zahrnuje sociologick\u00fd pr\u016fzkum a\u00a0n\u00e1slednou interpretaci v\u00a0oblasti mo\u017enost\u00ed vyu\u017eit\u00ed psychologick\u00e9 podpory \u010di podpory policejn\u00edho kaplana a\u00a0informace o\u00a0obecn\u00e9m pov\u011bdom\u00ed jejich dostupnosti jak pro policisty, tak i\u00a0pro zam\u011bstnance bezpe\u010dnostn\u00edch slo\u017eek.<\/p>\n<p><strong>Kl\u00ed\u010dov\u00e1 slova: <\/strong>Policie \u010cesk\u00e9 republiky, psychologick\u00e1 slu\u017eba, duchovn\u00ed slu\u017eba, stres, toxick\u00e9 prost\u0159ed\u00ed, kolegi\u00e1ln\u00ed podpora, krizov\u00e1 intervence, linka pomoci v\u00a0krizi, psychologick\u00e1 slu\u017eba, K\u0159es\u0165ansk\u00e1 policejn\u00ed asociace, policejn\u00ed kaplan, mezin\u00e1rodn\u00ed komparace.<\/p>\n<hr \/>\n<p><a href=\"https:\/\/veda.polac.cz\/?page_id=7704\">Zp\u011bt<\/a><\/p>\n","protected":false},"excerpt":{"rendered":"<p>Resum\u00e9 \u010dl\u00e1nku Psychologick\u00e1 a\u00a0duchovn\u00ed slu\u017eba Policie \u010cesk\u00e9 republiky pplk. Mgr. Renata Jamelsk\u00e1, Policejn\u00ed akademie \u010cesk\u00e9 republiky v Praze, Fakulta bezpe\u010dnostn\u011b pr\u00e1vn\u00ed, katedra policejn\u00edch \u010dinnost\u00ed pplk. v. v. Mgr. Jozef T\u00f3th, Policejn\u00ed akademie \u010cesk\u00e9 republiky v Praze, Fakulta bezpe\u010dnostn\u011b pr\u00e1vn\u00ed, katedra policejn\u00edch \u010dinnost\u00ed Abstrakt \u010cl\u00e1nek se zab\u00fdv\u00e1 psychologickou a\u00a0duchovn\u00ed slu\u017ebou u\u00a0Policie \u010cesk\u00e9 republiky a\u00a0jin\u00fdch bezpe\u010dnostn\u00edch slo\u017eek. [&hellip;]<\/p>\n","protected":false},"author":6,"featured_media":0,"parent":0,"menu_order":0,"comment_status":"closed","ping_status":"closed","template":"","meta":{"footnotes":""},"class_list":["post-7715","page","type-page","status-publish","hentry"],"_links":{"self":[{"href":"https:\/\/veda.polac.cz\/index.php?rest_route=\/wp\/v2\/pages\/7715","targetHints":{"allow":["GET"]}}],"collection":[{"href":"https:\/\/veda.polac.cz\/index.php?rest_route=\/wp\/v2\/pages"}],"about":[{"href":"https:\/\/veda.polac.cz\/index.php?rest_route=\/wp\/v2\/types\/page"}],"author":[{"embeddable":true,"href":"https:\/\/veda.polac.cz\/index.php?rest_route=\/wp\/v2\/users\/6"}],"replies":[{"embeddable":true,"href":"https:\/\/veda.polac.cz\/index.php?rest_route=%2Fwp%2Fv2%2Fcomments&post=7715"}],"version-history":[{"count":1,"href":"https:\/\/veda.polac.cz\/index.php?rest_route=\/wp\/v2\/pages\/7715\/revisions"}],"predecessor-version":[{"id":7716,"href":"https:\/\/veda.polac.cz\/index.php?rest_route=\/wp\/v2\/pages\/7715\/revisions\/7716"}],"wp:attachment":[{"href":"https:\/\/veda.polac.cz\/index.php?rest_route=%2Fwp%2Fv2%2Fmedia&parent=7715"}],"curies":[{"name":"wp","href":"https:\/\/api.w.org\/{rel}","templated":true}]}}