{"id":7712,"date":"2025-10-03T07:44:33","date_gmt":"2025-10-03T07:44:33","guid":{"rendered":"https:\/\/veda.polac.cz\/?page_id=7712"},"modified":"2025-10-03T07:44:33","modified_gmt":"2025-10-03T07:44:33","slug":"7712-2","status":"publish","type":"page","link":"https:\/\/veda.polac.cz\/?page_id=7712","title":{"rendered":""},"content":{"rendered":"<p style=\"text-align: center;\">Resum\u00e9 \u010dl\u00e1nku<\/p>\n<p><strong>Jak m\u011b\u0159it sekund\u00e1rn\u00ed drogovou kriminalitu? Velk\u00e1 v\u00fdzva pro \u010desk\u00fd policejn\u00ed statistick\u00fd syst\u00e9m<\/strong><\/p>\n<p><em>JUDr. Michaela Roubalov\u00e1, Ph.D., Institut pro kriminologii a soci\u00e1ln\u00ed prevenci, Praha, v\u00fdzkumnice<\/em><\/p>\n<p><em>Mgr. Kate\u0159ina Grohmannov\u00e1, Institut pro kriminologii a soci\u00e1ln\u00ed prevenci, Praha, <\/em><em>N\u00e1rodn\u00ed monitorovac\u00ed st\u0159edisko pro drogy a z\u00e1vislosti, Praha, <\/em><em>v\u00fdzkumnice<\/em><\/p>\n<p><em>JUDr. Petr Zeman, Ph.D., Institut pro kriminologii a soci\u00e1ln\u00ed prevenci, Praha, \u0159editel<\/em><\/p>\n<p><strong>Abstrakt<\/strong><\/p>\n<p>C\u00edlem \u010dl\u00e1nku je zahrani\u010dn\u00edmu publiku p\u0159ibl\u00ed\u017eit proces a hlavn\u00ed v\u00fdstupy projektu zam\u011b\u0159en\u00e9ho na vytvo\u0159en\u00ed jednoduch\u00e9ho a systematick\u00e9ho monitoringu sekund\u00e1rn\u00ed drogov\u00e9 kriminality v\u00a0\u010cesk\u00e9 republice. Zvl\u00e1\u0161tn\u00ed pozornost je v\u011bnov\u00e1na origin\u00e1ln\u00edmu teoretick\u00e9mu konceptu sekund\u00e1rn\u00ed drogov\u00e9 kriminality, kter\u00fd byl vytvo\u0159en speci\u00e1ln\u011b pro tento \u00fa\u010del. A\u010dkoli byla teoretick\u00e1 v\u00fdchodiska i kl\u00ed\u010dov\u00e9 parametry sb\u011bru dat p\u0159izp\u016fsobeny \u010desk\u00e9mu prost\u0159ed\u00ed, mohou poslou\u017eit jako inspirace i pro mezin\u00e1rodn\u00ed vyu\u017eit\u00ed. V\u00a0sou\u010dasn\u00e9 dob\u011b prob\u00edh\u00e1 na \u00farovn\u00ed policie pilotn\u00ed sb\u011br dat vych\u00e1zej\u00edc\u00ed z\u00a0tohoto projektu.<\/p>\n<p><strong>Kl\u00ed\u010dov\u00e1 slova: <\/strong>drogov\u00e1 kriminalita, \u010cesk\u00e1 republika, sb\u011br dat, teoretick\u00fd koncept, policie.<\/p>\n<hr \/>\n<p><a href=\"https:\/\/veda.polac.cz\/?page_id=7704\">Zp\u011bt<\/a><\/p>\n","protected":false},"excerpt":{"rendered":"<p>Resum\u00e9 \u010dl\u00e1nku Jak m\u011b\u0159it sekund\u00e1rn\u00ed drogovou kriminalitu? Velk\u00e1 v\u00fdzva pro \u010desk\u00fd policejn\u00ed statistick\u00fd syst\u00e9m JUDr. Michaela Roubalov\u00e1, Ph.D., Institut pro kriminologii a soci\u00e1ln\u00ed prevenci, Praha, v\u00fdzkumnice Mgr. Kate\u0159ina Grohmannov\u00e1, Institut pro kriminologii a soci\u00e1ln\u00ed prevenci, Praha, N\u00e1rodn\u00ed monitorovac\u00ed st\u0159edisko pro drogy a z\u00e1vislosti, Praha, v\u00fdzkumnice JUDr. Petr Zeman, Ph.D., Institut pro kriminologii a soci\u00e1ln\u00ed prevenci, [&hellip;]<\/p>\n","protected":false},"author":6,"featured_media":0,"parent":0,"menu_order":0,"comment_status":"closed","ping_status":"closed","template":"","meta":{"footnotes":""},"class_list":["post-7712","page","type-page","status-publish","hentry"],"_links":{"self":[{"href":"https:\/\/veda.polac.cz\/index.php?rest_route=\/wp\/v2\/pages\/7712","targetHints":{"allow":["GET"]}}],"collection":[{"href":"https:\/\/veda.polac.cz\/index.php?rest_route=\/wp\/v2\/pages"}],"about":[{"href":"https:\/\/veda.polac.cz\/index.php?rest_route=\/wp\/v2\/types\/page"}],"author":[{"embeddable":true,"href":"https:\/\/veda.polac.cz\/index.php?rest_route=\/wp\/v2\/users\/6"}],"replies":[{"embeddable":true,"href":"https:\/\/veda.polac.cz\/index.php?rest_route=%2Fwp%2Fv2%2Fcomments&post=7712"}],"version-history":[{"count":1,"href":"https:\/\/veda.polac.cz\/index.php?rest_route=\/wp\/v2\/pages\/7712\/revisions"}],"predecessor-version":[{"id":7713,"href":"https:\/\/veda.polac.cz\/index.php?rest_route=\/wp\/v2\/pages\/7712\/revisions\/7713"}],"wp:attachment":[{"href":"https:\/\/veda.polac.cz\/index.php?rest_route=%2Fwp%2Fv2%2Fmedia&parent=7712"}],"curies":[{"name":"wp","href":"https:\/\/api.w.org\/{rel}","templated":true}]}}