{"id":7708,"date":"2025-10-02T12:22:41","date_gmt":"2025-10-02T12:22:41","guid":{"rendered":"https:\/\/veda.polac.cz\/?page_id=7708"},"modified":"2025-10-03T07:37:57","modified_gmt":"2025-10-03T07:37:57","slug":"7708-2","status":"publish","type":"page","link":"https:\/\/veda.polac.cz\/?page_id=7708","title":{"rendered":""},"content":{"rendered":"<p style=\"text-align: center;\">Resum\u00e9 \u010dl\u00e1nku<\/p>\n<p><strong>Christchurch Call na prahu sedmi let: Reflexe a v\u00fdhled<\/strong><\/p>\n<p><em>Mgr. et Mgr. Mark\u00e9ta \u0160onkov\u00e1, MA, <\/em><em>v\u00fdzkumnice<\/em><\/p>\n<p><strong>Abstrakt<\/strong><\/p>\n<p>Text p\u0159edstavuje Christchurch Call, roli EU v\u00a0r\u00e1mci iniciativy a zapojen\u00ed EU do boje s\u00a0terorismem a n\u00e1siln\u00fdm extremismem online. Text se d\u00e1le zam\u011b\u0159uje na v\u00fdvoj iniciativy a jej\u00edch pracovn\u00edch postup\u016f, reflexi summit\u016f hlav st\u00e1t\u016f a n\u00e1sledn\u00e9ho posunu cel\u00e9 iniciativy, fin\u00e1ln\u011b p\u0159edstavuje mo\u017en\u00fd v\u00fdhled do budoucnosti a nab\u00edz\u00ed d\u00edl\u010d\u00ed doporu\u010den\u00ed.<\/p>\n<p><strong>Kl\u00ed\u010dov\u00e1 slova: <\/strong>Christchurch Call; Nov\u00fd Z\u00e9land; terorismus; extremismus; online; mezin\u00e1rodn\u00ed spolupr\u00e1ce; bezpe\u010dnost.<\/p>\n<hr \/>\n<p><a href=\"https:\/\/veda.polac.cz\/?page_id=7704\">Zp\u011bt<\/a><\/p>\n","protected":false},"excerpt":{"rendered":"<p>Resum\u00e9 \u010dl\u00e1nku Christchurch Call na prahu sedmi let: Reflexe a v\u00fdhled Mgr. et Mgr. Mark\u00e9ta \u0160onkov\u00e1, MA, v\u00fdzkumnice Abstrakt Text p\u0159edstavuje Christchurch Call, roli EU v\u00a0r\u00e1mci iniciativy a zapojen\u00ed EU do boje s\u00a0terorismem a n\u00e1siln\u00fdm extremismem online. Text se d\u00e1le zam\u011b\u0159uje na v\u00fdvoj iniciativy a jej\u00edch pracovn\u00edch postup\u016f, reflexi summit\u016f hlav st\u00e1t\u016f a n\u00e1sledn\u00e9ho posunu [&hellip;]<\/p>\n","protected":false},"author":6,"featured_media":0,"parent":0,"menu_order":0,"comment_status":"closed","ping_status":"closed","template":"","meta":{"footnotes":""},"class_list":["post-7708","page","type-page","status-publish","hentry"],"_links":{"self":[{"href":"https:\/\/veda.polac.cz\/index.php?rest_route=\/wp\/v2\/pages\/7708","targetHints":{"allow":["GET"]}}],"collection":[{"href":"https:\/\/veda.polac.cz\/index.php?rest_route=\/wp\/v2\/pages"}],"about":[{"href":"https:\/\/veda.polac.cz\/index.php?rest_route=\/wp\/v2\/types\/page"}],"author":[{"embeddable":true,"href":"https:\/\/veda.polac.cz\/index.php?rest_route=\/wp\/v2\/users\/6"}],"replies":[{"embeddable":true,"href":"https:\/\/veda.polac.cz\/index.php?rest_route=%2Fwp%2Fv2%2Fcomments&post=7708"}],"version-history":[{"count":2,"href":"https:\/\/veda.polac.cz\/index.php?rest_route=\/wp\/v2\/pages\/7708\/revisions"}],"predecessor-version":[{"id":7710,"href":"https:\/\/veda.polac.cz\/index.php?rest_route=\/wp\/v2\/pages\/7708\/revisions\/7710"}],"wp:attachment":[{"href":"https:\/\/veda.polac.cz\/index.php?rest_route=%2Fwp%2Fv2%2Fmedia&parent=7708"}],"curies":[{"name":"wp","href":"https:\/\/api.w.org\/{rel}","templated":true}]}}