{"id":7704,"date":"2025-10-02T11:12:49","date_gmt":"2025-10-02T11:12:49","guid":{"rendered":"https:\/\/veda.polac.cz\/?page_id=7704"},"modified":"2025-10-03T09:22:07","modified_gmt":"2025-10-03T09:22:07","slug":"03-25","status":"publish","type":"page","link":"https:\/\/veda.polac.cz\/?page_id=7704","title":{"rendered":"03\/2025"},"content":{"rendered":"<p><a href=\"https:\/\/veda.polac.cz\/?page_id=7708\"><strong>Christchurch Call na prahu sedmi let: Reflexe a v\u00fdhled<\/strong><\/a><br \/>\nMgr. et Mgr. Mark\u00e9ta \u0160onkov\u00e1, MA, v\u00fdzkumn\u00fd pracovn\u00edk<\/p>\n<p><a href=\"https:\/\/veda.polac.cz\/wp-content\/uploads\/2025\/10\/Christchurch-Call-na-prahu-sedmi-let-Reflexe-a-vyhled.pdf\" target=\"_blank\" rel=\"noopener\">pdf form\u00e1t<\/a><\/p>\n<hr \/>\n<p><a href=\"https:\/\/veda.polac.cz\/?page_id=7712\"><strong>Jak m\u011b\u0159it sekund\u00e1rn\u00ed drogovou kriminalitu? Velk\u00e1 v\u00fdzva pro \u010desk\u00fd policejn\u00ed statistick\u00fd syst\u00e9m<\/strong><\/a><br \/>\nJUDr. Michaela Roubalov\u00e1, Ph.D., Institut pro kriminologii a soci\u00e1ln\u00ed prevenci, Praha, v\u00fdzkumnice<br \/>\nMgr. Kate\u0159ina Grohmannov\u00e1, Institut pro kriminologii a soci\u00e1ln\u00ed prevenci, Praha, N\u00e1rodn\u00ed monitorovac\u00ed st\u0159edisko pro drogy a z\u00e1vislosti, Praha, v\u00fdzkumnice<br \/>\nJUDr. Petr Zeman, Ph.D., Institut pro kriminologii a soci\u00e1ln\u00ed prevenci, Praha, \u0159editel<\/p>\n<p><a href=\"https:\/\/veda.polac.cz\/wp-content\/uploads\/2025\/10\/Jak-merit-sekundarni-drogovou-kriminalitu-Velka-vyzva-pro-cesky-policejni-statisticky-system.pdf\" target=\"_blank\" rel=\"noopener\">pdf form\u00e1t<\/a><\/p>\n<hr \/>\n<p><a href=\"https:\/\/veda.polac.cz\/?page_id=7715\"><strong>Psychologick\u00e1 a\u00a0duchovn\u00ed slu\u017eba Policie \u010cesk\u00e9 republiky<\/strong><\/a><br \/>\npplk. Mgr. Renata Jamelsk\u00e1<br \/>\nPolicejn\u00ed akademie \u010cesk\u00e9 republiky v Praze, Fakulta bezpe\u010dnostn\u011b pr\u00e1vn\u00ed, katedra policejn\u00edch \u010dinnost\u00ed<br \/>\npplk. v. v. Mgr. Jozef T\u00f3th<br \/>\nPolicejn\u00ed akademie \u010cesk\u00e9 republiky v Praze, Fakulta bezpe\u010dnostn\u011b pr\u00e1vn\u00ed, katedra policejn\u00edch \u010dinnost\u00ed<\/p>\n<p><a href=\"https:\/\/veda.polac.cz\/wp-content\/uploads\/2025\/10\/Psychologicka-a-duchovni-sluzba-Policie-Ceske-republiky.pdf\" target=\"_blank\" rel=\"noopener\">pdf form\u00e1t<\/a><\/p>\n<hr \/>\n<p><a href=\"https:\/\/veda.polac.cz\/?page_id=7718\"><strong>Od mozku k platform\u011b: Pro\u010d se \u0161\u00ed\u0159\u00ed dezinformace a jak m\u016f\u017ee vzd\u011bl\u00e1v\u00e1n\u00ed pos\u00edlit odolnost<\/strong><\/a><br \/>\nMgr. Lenka Jakubcov\u00e1, Ph.D.<br \/>\nPolicejn\u00ed akademie \u010cesk\u00e9 republiky v Praze, Fakulta bezpe\u010dnostn\u00edho managementu, katedra krizov\u00e9ho \u0159\u00edzen\u00ed<br \/>\nMgr. Krist\u00fdna Holubov\u00e1, Ph.D.<br \/>\nPolicejn\u00ed akademie \u010cesk\u00e9 republiky v Praze, Fakulta bezpe\u010dnostn\u00edho managementu, katedra krizov\u00e9ho \u0159\u00edzen\u00ed<br \/>\ndoc. Ing. Karel \u0160ilinger, Ph.D.<br \/>\nMinisterstvo obrany<\/p>\n<p><a href=\"https:\/\/veda.polac.cz\/wp-content\/uploads\/2025\/10\/Od-mozku-k-platforme-Proc-se-siri-dezinformace-a-jak-muze-vzdelavani-posilit-odolnost.pdf\" target=\"_blank\" rel=\"noopener\">pdf form\u00e1t<\/a><\/p>\n<hr \/>\n<p><a href=\"https:\/\/veda.polac.cz\/?page_id=7721\"><strong>Kybernetick\u00e1 bezpe\u010dnost ve zdravotnictv\u00ed: V\u00fdzvy a doporu\u010den\u00ed<\/strong><\/a><br \/>\nMgr. Michal \u010cern\u00fd<br \/>\nPolicie \u010cesk\u00e9 republiky, N\u00e1rodn\u00ed centr\u00e1la proti terorismu, extremismu a kybernetick\u00e9 kriminalit\u011b SKPV, \u010cVUT, fakulta biomedicinsk\u00e9ho in\u017een\u00fdrstv\u00ed, Ph.D. student<\/p>\n<p><a href=\"https:\/\/veda.polac.cz\/wp-content\/uploads\/2025\/10\/Kyberneticka-bezpecnost-ve-zdravotnictvi-Vyzvy-a-doporuceni.pdf\" target=\"_blank\" rel=\"noopener\">pdf form\u00e1t<\/a><\/p>\n<hr \/>\n<p><a href=\"https:\/\/veda.polac.cz\/?page_id=7724\"><strong>Faktory ovliv\u0148uj\u00edc\u00ed hl\u00e1\u0161en\u00ed trestn\u00e9 \u010dinnosti: pohled ob\u011bt\u00ed optikou sociodemografick\u00fdch prom\u011bnn\u00fdch<\/strong><\/a><br \/>\nPhDr. Ivana Oleck\u00e1, Ph.D.<br \/>\nPolicejn\u00ed akademie \u010cesk\u00e9 republiky v Praze, Fakulta bezpe\u010dnostn\u011b pr\u00e1vn\u00ed, katedra kriminologie<\/p>\n<p><a href=\"https:\/\/veda.polac.cz\/wp-content\/uploads\/2025\/10\/Faktory-ovlivnujici-hlaseni-trestne-cinnosti-pohled-obeti-optikou-sociodemografickych-promennych.pdf\" target=\"_blank\" rel=\"noopener\">pdf form\u00e1t<\/a><\/p>\n<hr \/>\n<p>&nbsp;<\/p>\n","protected":false},"excerpt":{"rendered":"<p>Christchurch Call na prahu sedmi let: Reflexe a v\u00fdhled Mgr. et Mgr. Mark\u00e9ta \u0160onkov\u00e1, MA, v\u00fdzkumn\u00fd pracovn\u00edk pdf form\u00e1t Jak m\u011b\u0159it sekund\u00e1rn\u00ed drogovou kriminalitu? Velk\u00e1 v\u00fdzva pro \u010desk\u00fd policejn\u00ed statistick\u00fd syst\u00e9m JUDr. Michaela Roubalov\u00e1, Ph.D., Institut pro kriminologii a soci\u00e1ln\u00ed prevenci, Praha, v\u00fdzkumnice Mgr. Kate\u0159ina Grohmannov\u00e1, Institut pro kriminologii a soci\u00e1ln\u00ed prevenci, Praha, N\u00e1rodn\u00ed monitorovac\u00ed [&hellip;]<\/p>\n","protected":false},"author":6,"featured_media":0,"parent":0,"menu_order":0,"comment_status":"closed","ping_status":"closed","template":"","meta":{"footnotes":""},"class_list":["post-7704","page","type-page","status-publish","hentry"],"_links":{"self":[{"href":"https:\/\/veda.polac.cz\/index.php?rest_route=\/wp\/v2\/pages\/7704","targetHints":{"allow":["GET"]}}],"collection":[{"href":"https:\/\/veda.polac.cz\/index.php?rest_route=\/wp\/v2\/pages"}],"about":[{"href":"https:\/\/veda.polac.cz\/index.php?rest_route=\/wp\/v2\/types\/page"}],"author":[{"embeddable":true,"href":"https:\/\/veda.polac.cz\/index.php?rest_route=\/wp\/v2\/users\/6"}],"replies":[{"embeddable":true,"href":"https:\/\/veda.polac.cz\/index.php?rest_route=%2Fwp%2Fv2%2Fcomments&post=7704"}],"version-history":[{"count":11,"href":"https:\/\/veda.polac.cz\/index.php?rest_route=\/wp\/v2\/pages\/7704\/revisions"}],"predecessor-version":[{"id":7748,"href":"https:\/\/veda.polac.cz\/index.php?rest_route=\/wp\/v2\/pages\/7704\/revisions\/7748"}],"wp:attachment":[{"href":"https:\/\/veda.polac.cz\/index.php?rest_route=%2Fwp%2Fv2%2Fmedia&parent=7704"}],"curies":[{"name":"wp","href":"https:\/\/api.w.org\/{rel}","templated":true}]}}