{"id":769,"date":"2018-09-13T20:32:30","date_gmt":"2018-09-13T20:32:30","guid":{"rendered":"http:\/\/veda.polac.cz\/?page_id=769"},"modified":"2018-10-27T18:53:26","modified_gmt":"2018-10-27T18:53:26","slug":"11-2","status":"publish","type":"page","link":"https:\/\/veda.polac.cz\/?page_id=769","title":{"rendered":""},"content":{"rendered":"<p style=\"text-align: center;\">Resum\u00e9 \u010dl\u00e1nku<\/p>\n<p><strong>&#8222;Ledov\u00e1 apokalypsa&#8220; ve Slovinsku a pomoc \u010cesk\u00e9 republiky<br \/>\n<\/strong><i>Tom\u00e1\u0161 \u010cech, DiS., Krajsk\u00e9 \u0159editelstv\u00ed Hasi\u010dsk\u00e9ho z\u00e1chrann\u00e9ho sboru Zl\u00edn, \u00dasek integrovan\u00e9ho z\u00e1chrann\u00e9ho syst\u00e9mu a opera\u010dn\u00edho \u0159\u00edzen\u00ed odd\u011blen\u00ed integrovan\u00e9ho z\u00e1chrann\u00e9ho syst\u00e9mu a slu\u017eeb<\/p>\n<p><\/i>P\u0159\u00edsp\u011bvek je v\u011bnov\u00e1n t\u00e9matu p\u0159\u00edrodn\u00ed pohromy, apokalypticky rozs\u00e1hl\u00e9 n\u00e1mrazy, kter\u00e1 na p\u0159elomu ledna a \u00fanora 2014 postihla Slovinsko. V\u00fdvoj zap\u0159\u00ed\u010dinil z\u00e1va\u017en\u00e9 hospod\u00e1\u0159sk\u00e9 a spole\u010densk\u00e9 \u0161kody, na jejich\u017e p\u0159eklenut\u00ed se pod\u00edlely i zahrani\u010dn\u00ed od\u0159ady, v\u010detn\u011b t\u00fdm\u016f z \u010cesk\u00e9 republiky.<br \/>\n<strong>Kl\u00ed\u010dov\u00e1 slova:\u00a0<\/strong>Slovinsko, \u017eiveln\u00ed pohroma, \u0161kody, mezin\u00e1rodn\u00ed pomoc.<i><br \/>\n<\/i><\/p>\n<p><a href=\"https:\/\/veda.polac.cz\/?page_id=747\">04\/2014<\/a><\/p>\n","protected":false},"excerpt":{"rendered":"<p>Resum\u00e9 \u010dl\u00e1nku &#8222;Ledov\u00e1 apokalypsa&#8220; ve Slovinsku a pomoc \u010cesk\u00e9 republiky Tom\u00e1\u0161 \u010cech, DiS., Krajsk\u00e9 \u0159editelstv\u00ed Hasi\u010dsk\u00e9ho z\u00e1chrann\u00e9ho sboru Zl\u00edn, \u00dasek integrovan\u00e9ho z\u00e1chrann\u00e9ho syst\u00e9mu a opera\u010dn\u00edho \u0159\u00edzen\u00ed odd\u011blen\u00ed integrovan\u00e9ho z\u00e1chrann\u00e9ho syst\u00e9mu a slu\u017eeb P\u0159\u00edsp\u011bvek je v\u011bnov\u00e1n t\u00e9matu p\u0159\u00edrodn\u00ed pohromy, apokalypticky rozs\u00e1hl\u00e9 n\u00e1mrazy, kter\u00e1 na p\u0159elomu ledna a \u00fanora 2014 postihla Slovinsko. V\u00fdvoj zap\u0159\u00ed\u010dinil z\u00e1va\u017en\u00e9 hospod\u00e1\u0159sk\u00e9 a [&hellip;]<\/p>\n","protected":false},"author":2,"featured_media":0,"parent":747,"menu_order":11,"comment_status":"closed","ping_status":"closed","template":"","meta":{"footnotes":""},"class_list":["post-769","page","type-page","status-publish","hentry"],"_links":{"self":[{"href":"https:\/\/veda.polac.cz\/index.php?rest_route=\/wp\/v2\/pages\/769","targetHints":{"allow":["GET"]}}],"collection":[{"href":"https:\/\/veda.polac.cz\/index.php?rest_route=\/wp\/v2\/pages"}],"about":[{"href":"https:\/\/veda.polac.cz\/index.php?rest_route=\/wp\/v2\/types\/page"}],"author":[{"embeddable":true,"href":"https:\/\/veda.polac.cz\/index.php?rest_route=\/wp\/v2\/users\/2"}],"replies":[{"embeddable":true,"href":"https:\/\/veda.polac.cz\/index.php?rest_route=%2Fwp%2Fv2%2Fcomments&post=769"}],"version-history":[{"count":2,"href":"https:\/\/veda.polac.cz\/index.php?rest_route=\/wp\/v2\/pages\/769\/revisions"}],"predecessor-version":[{"id":781,"href":"https:\/\/veda.polac.cz\/index.php?rest_route=\/wp\/v2\/pages\/769\/revisions\/781"}],"up":[{"embeddable":true,"href":"https:\/\/veda.polac.cz\/index.php?rest_route=\/wp\/v2\/pages\/747"}],"wp:attachment":[{"href":"https:\/\/veda.polac.cz\/index.php?rest_route=%2Fwp%2Fv2%2Fmedia&parent=769"}],"curies":[{"name":"wp","href":"https:\/\/api.w.org\/{rel}","templated":true}]}}