{"id":7687,"date":"2025-06-26T12:25:19","date_gmt":"2025-06-26T12:25:19","guid":{"rendered":"https:\/\/veda.polac.cz\/?page_id=7687"},"modified":"2025-06-26T12:28:15","modified_gmt":"2025-06-26T12:28:15","slug":"7687-2","status":"publish","type":"page","link":"https:\/\/veda.polac.cz\/?page_id=7687&lang=en","title":{"rendered":""},"content":{"rendered":"<p style=\"text-align: center;\">Resume<\/p>\n<p><strong>Nordic Resistance Movement and Its Terrorist Designation<\/strong><\/p>\n<p><em>Tereza Melsk\u00e1, Masaryk University Brno, Czech Republic, Faculty of Social Studies, student<\/em><\/p>\n<p><em>Johana \u0158\u00edhov\u00e1, Masaryk University Brno, Czech Republic, Faculty of Social Studies, student<\/em><\/p>\n<p><strong>Abstract<\/strong><\/p>\n<p>The Nordic Resistance Movement (NRM) is a far-right neo-Nazi organisation, active in Scandinavia. This article examines whether the Nordic Resistance Movement can be classified as a terrorist organisation. The study aims to analyse the movement\u2019s activities within the framework of selected definitions of terrorism and relevant typologies. The research is based on an analysis of scientific articles, media coverages, and statements made by the organisation itself. The findings indicate that the movement\u2019s actions exhibit clear characteristics of terrorism, leading us to classify it as such in our conclusion.<\/p>\n<p><strong>Key words: <\/strong>political terrorism, right-wing extremism, neo-Nazism, Nordic Resistance Movement, Northern Europe.<\/p>\n<hr \/>\n<p><a href=\"https:\/\/veda.polac.cz\/?page_id=7669&amp;lang=en\">Back<\/a><\/p>\n","protected":false},"excerpt":{"rendered":"<p>Resume Nordic Resistance Movement and Its Terrorist Designation Tereza Melsk\u00e1, Masaryk University Brno, Czech Republic, Faculty of Social Studies, student Johana \u0158\u00edhov\u00e1, Masaryk University Brno, Czech Republic, Faculty of Social Studies, student Abstract The Nordic Resistance Movement (NRM) is a far-right neo-Nazi organisation, active in Scandinavia. This article examines whether the Nordic Resistance Movement can [&hellip;]<\/p>\n","protected":false},"author":6,"featured_media":0,"parent":0,"menu_order":0,"comment_status":"closed","ping_status":"closed","template":"","meta":{"footnotes":""},"class_list":["post-7687","page","type-page","status-publish","hentry"],"_links":{"self":[{"href":"https:\/\/veda.polac.cz\/index.php?rest_route=\/wp\/v2\/pages\/7687","targetHints":{"allow":["GET"]}}],"collection":[{"href":"https:\/\/veda.polac.cz\/index.php?rest_route=\/wp\/v2\/pages"}],"about":[{"href":"https:\/\/veda.polac.cz\/index.php?rest_route=\/wp\/v2\/types\/page"}],"author":[{"embeddable":true,"href":"https:\/\/veda.polac.cz\/index.php?rest_route=\/wp\/v2\/users\/6"}],"replies":[{"embeddable":true,"href":"https:\/\/veda.polac.cz\/index.php?rest_route=%2Fwp%2Fv2%2Fcomments&post=7687"}],"version-history":[{"count":1,"href":"https:\/\/veda.polac.cz\/index.php?rest_route=\/wp\/v2\/pages\/7687\/revisions"}],"predecessor-version":[{"id":7688,"href":"https:\/\/veda.polac.cz\/index.php?rest_route=\/wp\/v2\/pages\/7687\/revisions\/7688"}],"wp:attachment":[{"href":"https:\/\/veda.polac.cz\/index.php?rest_route=%2Fwp%2Fv2%2Fmedia&parent=7687"}],"curies":[{"name":"wp","href":"https:\/\/api.w.org\/{rel}","templated":true}]}}