{"id":7657,"date":"2025-06-24T10:26:50","date_gmt":"2025-06-24T10:26:50","guid":{"rendered":"https:\/\/veda.polac.cz\/?page_id=7657"},"modified":"2025-06-24T10:26:50","modified_gmt":"2025-06-24T10:26:50","slug":"7657-2","status":"publish","type":"page","link":"https:\/\/veda.polac.cz\/?page_id=7657","title":{"rendered":""},"content":{"rendered":"<p style=\"text-align: center;\">Resum\u00e9 \u010dl\u00e1nku<\/p>\n<p><strong>Nordic Resistance Movement<\/strong><strong> a\u00a0jeho teroristick\u00e1 designace<\/strong><\/p>\n<p><em>Tereza Melsk\u00e1, Masarykova univerzita Brno, Fakulta soci\u00e1ln\u00edch studi\u00ed, studentka<br \/>\n<\/em><em>Johana \u0158\u00edhov\u00e1, Masarykova univerzita Brno, Fakulta soci\u00e1ln\u00edch studi\u00ed, studentka<\/em><\/p>\n<p><strong>Abstrakt<\/strong><\/p>\n<p>Seversk\u00e9 hnut\u00ed odporu (Nordic Resistance Movement, NRM) je krajn\u011b pravicov\u00e1 neonacistick\u00e1 organizace, p\u016fsob\u00edc\u00ed ve Skandin\u00e1vii. Tento \u010dl\u00e1nek se zab\u00fdv\u00e1 ot\u00e1zkou, zda lze Seversk\u00e9 hnut\u00ed odporu ozna\u010dit za teroristickou organizaci \u010di nikoliv. C\u00edlem t\u00e9to studie je analyzovat \u010dinnost hnut\u00ed v\u00a0kontextu n\u00e1mi vybran\u00fdch definic terorismu a\u00a0jeho typologi\u00ed podpo\u0159en\u00fdch jedn\u00e1n\u00edm hnut\u00ed. V\u00fdzkum vych\u00e1z\u00ed z\u00a0anal\u00fdzy odborn\u00fdch \u010dl\u00e1nk\u016f, medi\u00e1ln\u00edch v\u00fdstup\u016f a\u00a0vyj\u00e1d\u0159en\u00ed samotn\u00e9 organizace. Zji\u0161t\u011bn\u00ed ukazuj\u00ed, \u017ee aktivity hnut\u00ed vykazuj\u00ed znaky terorismu, proto jsme ji za teroristickou v\u00a0z\u00e1v\u011bru ozna\u010dily.<\/p>\n<p><strong>Kl\u00ed\u010dov\u00e1 slova: <\/strong>politick\u00fd terorismus, pravicov\u00fd extremismus, neonacismus, Nordic Resistance Movement, Severn\u00ed Evropa.<\/p>\n<hr \/>\n<p><a href=\"https:\/\/veda.polac.cz\/?page_id=7644\">Zp\u011bt<\/a><\/p>\n","protected":false},"excerpt":{"rendered":"<p>Resum\u00e9 \u010dl\u00e1nku Nordic Resistance Movement a\u00a0jeho teroristick\u00e1 designace Tereza Melsk\u00e1, Masarykova univerzita Brno, Fakulta soci\u00e1ln\u00edch studi\u00ed, studentka Johana \u0158\u00edhov\u00e1, Masarykova univerzita Brno, Fakulta soci\u00e1ln\u00edch studi\u00ed, studentka Abstrakt Seversk\u00e9 hnut\u00ed odporu (Nordic Resistance Movement, NRM) je krajn\u011b pravicov\u00e1 neonacistick\u00e1 organizace, p\u016fsob\u00edc\u00ed ve Skandin\u00e1vii. Tento \u010dl\u00e1nek se zab\u00fdv\u00e1 ot\u00e1zkou, zda lze Seversk\u00e9 hnut\u00ed odporu ozna\u010dit za teroristickou [&hellip;]<\/p>\n","protected":false},"author":6,"featured_media":0,"parent":0,"menu_order":0,"comment_status":"closed","ping_status":"closed","template":"","meta":{"footnotes":""},"class_list":["post-7657","page","type-page","status-publish","hentry"],"_links":{"self":[{"href":"https:\/\/veda.polac.cz\/index.php?rest_route=\/wp\/v2\/pages\/7657","targetHints":{"allow":["GET"]}}],"collection":[{"href":"https:\/\/veda.polac.cz\/index.php?rest_route=\/wp\/v2\/pages"}],"about":[{"href":"https:\/\/veda.polac.cz\/index.php?rest_route=\/wp\/v2\/types\/page"}],"author":[{"embeddable":true,"href":"https:\/\/veda.polac.cz\/index.php?rest_route=\/wp\/v2\/users\/6"}],"replies":[{"embeddable":true,"href":"https:\/\/veda.polac.cz\/index.php?rest_route=%2Fwp%2Fv2%2Fcomments&post=7657"}],"version-history":[{"count":1,"href":"https:\/\/veda.polac.cz\/index.php?rest_route=\/wp\/v2\/pages\/7657\/revisions"}],"predecessor-version":[{"id":7658,"href":"https:\/\/veda.polac.cz\/index.php?rest_route=\/wp\/v2\/pages\/7657\/revisions\/7658"}],"wp:attachment":[{"href":"https:\/\/veda.polac.cz\/index.php?rest_route=%2Fwp%2Fv2%2Fmedia&parent=7657"}],"curies":[{"name":"wp","href":"https:\/\/api.w.org\/{rel}","templated":true}]}}