{"id":7655,"date":"2025-06-24T10:24:18","date_gmt":"2025-06-24T10:24:18","guid":{"rendered":"https:\/\/veda.polac.cz\/?page_id=7655"},"modified":"2025-06-24T10:24:18","modified_gmt":"2025-06-24T10:24:18","slug":"7655-2","status":"publish","type":"page","link":"https:\/\/veda.polac.cz\/?page_id=7655","title":{"rendered":""},"content":{"rendered":"<p style=\"text-align: center;\">Resum\u00e9 \u010dl\u00e1nku<\/p>\n<p><strong>Odhalov\u00e1n\u00ed trestn\u00fdch \u010din\u016f v\u00a0oblasti ve\u0159ejn\u00fdch zak\u00e1zek<\/strong><\/p>\n<p><em>PhDr. Ing. Edita Zradi\u010dkov\u00e1, Ph.D., Minisetstvo vnitra, <\/em><em>Odbor fond\u016f Evropsk\u00e9 unie v\u00a0oblasti vnit\u0159n\u00edch v\u011bc\u00ed<\/em><\/p>\n<p><strong>Abstrakt<\/strong><\/p>\n<p>Obsahem tohoto \u010dl\u00e1nku je stru\u010dn\u00fd popis realizace v\u00fdzkumn\u00e9ho projektu, jeho\u017e c\u00edle se t\u00fdkaly zji\u0161t\u011bn\u00ed sou\u010dasn\u00e9ho stavu odhalovan\u00ed trestn\u00e9 \u010dinnosti v\u00a0oblasti ve\u0159ejn\u00fdch zak\u00e1zek a\u00a0zji\u0161t\u011bn\u00ed a\u00a0identifikace indik\u00e1tor\u016f t\u00e9to trestn\u00e9 \u010dinnosti vypl\u00fdvaj\u00edc\u00ed ze zp\u016fsob\u016f jej\u00edho p\u00e1ch\u00e1n\u00ed zejm\u00e9na u\u00a0trestn\u00e9ho \u010dinu, p\u0159i kter\u00e9m je zjedn\u00e1na p\u0159ednost nebo v\u00fdhodn\u011bj\u0161\u00ed podm\u00ednky n\u011bkter\u00e9mu dodavateli na \u00fakor jin\u00fdch dodavatel\u016f. V\u00a0r\u00e1mci v\u00fdzkumu byly vyu\u017eity metody dotazn\u00edkov\u00e9 \u0161et\u0159en\u00ed, \u0159\u00edzen\u00e9 rozhovory a\u00a0p\u0159\u00edpadov\u00e9 studie.<\/p>\n<p><strong>Kl\u00ed\u010dov\u00e1 slova: <\/strong>trestn\u00e9 \u010diny v\u00a0oblasti ve\u0159ejn\u00fdch zak\u00e1zek, odhalov\u00e1n\u00ed trestn\u00e9 \u010dinnosti, indik\u00e1tory trestn\u00e9 \u010dinnosti, zp\u016fsoby p\u00e1ch\u00e1n\u00ed trestn\u00e9 \u010dinnosti, dotazn\u00edkov\u00e9 \u0161et\u0159en\u00ed, \u0159\u00edzen\u00e9 rozhovory, p\u0159\u00edpadov\u00e9 studie.<\/p>\n<hr \/>\n<p><a href=\"https:\/\/veda.polac.cz\/?page_id=7644\">Zp\u011bt<\/a><\/p>\n","protected":false},"excerpt":{"rendered":"<p>Resum\u00e9 \u010dl\u00e1nku Odhalov\u00e1n\u00ed trestn\u00fdch \u010din\u016f v\u00a0oblasti ve\u0159ejn\u00fdch zak\u00e1zek PhDr. Ing. Edita Zradi\u010dkov\u00e1, Ph.D., Minisetstvo vnitra, Odbor fond\u016f Evropsk\u00e9 unie v\u00a0oblasti vnit\u0159n\u00edch v\u011bc\u00ed Abstrakt Obsahem tohoto \u010dl\u00e1nku je stru\u010dn\u00fd popis realizace v\u00fdzkumn\u00e9ho projektu, jeho\u017e c\u00edle se t\u00fdkaly zji\u0161t\u011bn\u00ed sou\u010dasn\u00e9ho stavu odhalovan\u00ed trestn\u00e9 \u010dinnosti v\u00a0oblasti ve\u0159ejn\u00fdch zak\u00e1zek a\u00a0zji\u0161t\u011bn\u00ed a\u00a0identifikace indik\u00e1tor\u016f t\u00e9to trestn\u00e9 \u010dinnosti vypl\u00fdvaj\u00edc\u00ed ze zp\u016fsob\u016f jej\u00edho [&hellip;]<\/p>\n","protected":false},"author":6,"featured_media":0,"parent":0,"menu_order":0,"comment_status":"closed","ping_status":"closed","template":"","meta":{"footnotes":""},"class_list":["post-7655","page","type-page","status-publish","hentry"],"_links":{"self":[{"href":"https:\/\/veda.polac.cz\/index.php?rest_route=\/wp\/v2\/pages\/7655","targetHints":{"allow":["GET"]}}],"collection":[{"href":"https:\/\/veda.polac.cz\/index.php?rest_route=\/wp\/v2\/pages"}],"about":[{"href":"https:\/\/veda.polac.cz\/index.php?rest_route=\/wp\/v2\/types\/page"}],"author":[{"embeddable":true,"href":"https:\/\/veda.polac.cz\/index.php?rest_route=\/wp\/v2\/users\/6"}],"replies":[{"embeddable":true,"href":"https:\/\/veda.polac.cz\/index.php?rest_route=%2Fwp%2Fv2%2Fcomments&post=7655"}],"version-history":[{"count":1,"href":"https:\/\/veda.polac.cz\/index.php?rest_route=\/wp\/v2\/pages\/7655\/revisions"}],"predecessor-version":[{"id":7656,"href":"https:\/\/veda.polac.cz\/index.php?rest_route=\/wp\/v2\/pages\/7655\/revisions\/7656"}],"wp:attachment":[{"href":"https:\/\/veda.polac.cz\/index.php?rest_route=%2Fwp%2Fv2%2Fmedia&parent=7655"}],"curies":[{"name":"wp","href":"https:\/\/api.w.org\/{rel}","templated":true}]}}