{"id":7652,"date":"2025-06-24T10:22:36","date_gmt":"2025-06-24T10:22:36","guid":{"rendered":"https:\/\/veda.polac.cz\/?page_id=7652"},"modified":"2025-06-24T10:22:36","modified_gmt":"2025-06-24T10:22:36","slug":"7652-2","status":"publish","type":"page","link":"https:\/\/veda.polac.cz\/?page_id=7652","title":{"rendered":""},"content":{"rendered":"<p style=\"text-align: center;\">Resum\u00e9 \u010dl\u00e1nku<\/p>\n<p><strong>Znaleck\u00fd pohled na lichevn\u00ed \u00fav\u011bry a lichevn\u00ed \u00fav\u011brov\u00e1n\u00ed<\/strong><\/p>\n<p><em>doc. Ing. Jaroslav Brada, Dr., Vysok\u00e1 \u0161kola ekonomick\u00e1 v\u00a0Praze, Fakulta financ\u00ed a\u00a0\u00fa\u010detnictv\u00ed, katedra m\u011bnov\u00e9 teorie a politiky<\/em><\/p>\n<p><strong>Abstrakt<\/strong><\/p>\n<p>P\u0159\u00edsp\u011bvek p\u0159ibli\u017euje zainteresovan\u00e9 odborn\u00e9 ve\u0159ejnosti, zejm\u00e9na pak org\u00e1n\u016fm \u010dinn\u00fdm v\u00a0trestn\u00edm \u0159\u00edzen\u00ed, problematiku znaleck\u00e9 \u010dinnosti v\u00a0oblasti ekonomie p\u0159i posuzov\u00e1n\u00ed vzniku, trv\u00e1n\u00ed a\u00a0ukon\u010dov\u00e1n\u00ed tzv. lichevn\u00edch \u00fav\u011br\u016f.<\/p>\n<p><strong>Kl\u00ed\u010dov\u00e1 slova:<\/strong> lichva, lichevn\u00ed \u00fav\u011br, lichevn\u00ed \u00fav\u011brov\u00e1n\u00ed, nestandardn\u00ed \u00fav\u011brov\u00e1n\u00ed.<\/p>\n<hr \/>\n<p><a href=\"https:\/\/veda.polac.cz\/?page_id=7644\">Zp\u011bt<\/a><\/p>\n","protected":false},"excerpt":{"rendered":"<p>Resum\u00e9 \u010dl\u00e1nku Znaleck\u00fd pohled na lichevn\u00ed \u00fav\u011bry a lichevn\u00ed \u00fav\u011brov\u00e1n\u00ed doc. Ing. Jaroslav Brada, Dr., Vysok\u00e1 \u0161kola ekonomick\u00e1 v\u00a0Praze, Fakulta financ\u00ed a\u00a0\u00fa\u010detnictv\u00ed, katedra m\u011bnov\u00e9 teorie a politiky Abstrakt P\u0159\u00edsp\u011bvek p\u0159ibli\u017euje zainteresovan\u00e9 odborn\u00e9 ve\u0159ejnosti, zejm\u00e9na pak org\u00e1n\u016fm \u010dinn\u00fdm v\u00a0trestn\u00edm \u0159\u00edzen\u00ed, problematiku znaleck\u00e9 \u010dinnosti v\u00a0oblasti ekonomie p\u0159i posuzov\u00e1n\u00ed vzniku, trv\u00e1n\u00ed a\u00a0ukon\u010dov\u00e1n\u00ed tzv. lichevn\u00edch \u00fav\u011br\u016f. Kl\u00ed\u010dov\u00e1 slova: lichva, [&hellip;]<\/p>\n","protected":false},"author":6,"featured_media":0,"parent":0,"menu_order":0,"comment_status":"closed","ping_status":"closed","template":"","meta":{"footnotes":""},"class_list":["post-7652","page","type-page","status-publish","hentry"],"_links":{"self":[{"href":"https:\/\/veda.polac.cz\/index.php?rest_route=\/wp\/v2\/pages\/7652","targetHints":{"allow":["GET"]}}],"collection":[{"href":"https:\/\/veda.polac.cz\/index.php?rest_route=\/wp\/v2\/pages"}],"about":[{"href":"https:\/\/veda.polac.cz\/index.php?rest_route=\/wp\/v2\/types\/page"}],"author":[{"embeddable":true,"href":"https:\/\/veda.polac.cz\/index.php?rest_route=\/wp\/v2\/users\/6"}],"replies":[{"embeddable":true,"href":"https:\/\/veda.polac.cz\/index.php?rest_route=%2Fwp%2Fv2%2Fcomments&post=7652"}],"version-history":[{"count":1,"href":"https:\/\/veda.polac.cz\/index.php?rest_route=\/wp\/v2\/pages\/7652\/revisions"}],"predecessor-version":[{"id":7654,"href":"https:\/\/veda.polac.cz\/index.php?rest_route=\/wp\/v2\/pages\/7652\/revisions\/7654"}],"wp:attachment":[{"href":"https:\/\/veda.polac.cz\/index.php?rest_route=%2Fwp%2Fv2%2Fmedia&parent=7652"}],"curies":[{"name":"wp","href":"https:\/\/api.w.org\/{rel}","templated":true}]}}