{"id":765,"date":"2018-09-13T20:30:24","date_gmt":"2018-09-13T20:30:24","guid":{"rendered":"http:\/\/veda.polac.cz\/?page_id=765"},"modified":"2018-10-27T18:53:26","modified_gmt":"2018-10-27T18:53:26","slug":"9-2","status":"publish","type":"page","link":"https:\/\/veda.polac.cz\/?page_id=765","title":{"rendered":""},"content":{"rendered":"<p style=\"text-align: center;\">Resum\u00e9 \u010dl\u00e1nku<\/p>\n<p><strong>Krajn\u00ed pravice a populist\u00e9 v Evropsk\u00e9m parlamentu 2014<br \/>\n<\/strong><i>PhDr. Ladislava Tejchmanov\u00e1, CSc., Ministerstvo vnitra C\u0158, odbor v\u0161eobecn\u00e9 spr\u00e1vy<br \/>\n<\/i><br \/>\nAutorka informuje o krajn\u011b pravicov\u00fdch\/populistick\u00fdch politick\u00fdch stran\u00e1ch, kter\u00e9 z\u00edskaly mand\u00e1ty ve volb\u00e1ch do Evropsk\u00e9ho parlamentu. V\u0161\u00edm\u00e1 si jejich aktivit, zmi\u0148uje politick\u00e9 skupiny EFDD, ECR a z\u00e1rove\u0148 upozor\u0148uje na n\u011bkter\u00e9 krajn\u011b levicov\u00e9 politick\u00e9 subjekty. D\u00e1le konstatuje, \u017ee pozice t\u011bchto politick\u00fdch stran, by\u0165 pos\u00edlily, nedoznala prozat\u00edm, ve srovn\u00e1n\u00ed s p\u0159edchoz\u00edm volebn\u00edm obdob\u00edm, podstatn\u00fdch zm\u011bn.<br \/>\n<strong>Kl\u00ed\u010dov\u00e1 slova:<\/strong>\u00a0krajn\u011b pravicov\u00e9\/populistick\u00e9 politick\u00e9 strany, main-streamov\u00e9 politick\u00e9 strany, euro-skepticismus, antiislamismus, protiimigrantsk\u00e9 postoje, antiamerikanismus.<i><br \/>\n<\/i><\/p>\n<p><a href=\"https:\/\/veda.polac.cz\/?page_id=747\">04\/2014<\/a><\/p>\n","protected":false},"excerpt":{"rendered":"<p>Resum\u00e9 \u010dl\u00e1nku Krajn\u00ed pravice a populist\u00e9 v Evropsk\u00e9m parlamentu 2014 PhDr. Ladislava Tejchmanov\u00e1, CSc., Ministerstvo vnitra C\u0158, odbor v\u0161eobecn\u00e9 spr\u00e1vy Autorka informuje o krajn\u011b pravicov\u00fdch\/populistick\u00fdch politick\u00fdch stran\u00e1ch, kter\u00e9 z\u00edskaly mand\u00e1ty ve volb\u00e1ch do Evropsk\u00e9ho parlamentu. V\u0161\u00edm\u00e1 si jejich aktivit, zmi\u0148uje politick\u00e9 skupiny EFDD, ECR a z\u00e1rove\u0148 upozor\u0148uje na n\u011bkter\u00e9 krajn\u011b levicov\u00e9 politick\u00e9 subjekty. D\u00e1le konstatuje, [&hellip;]<\/p>\n","protected":false},"author":2,"featured_media":0,"parent":747,"menu_order":9,"comment_status":"closed","ping_status":"closed","template":"","meta":{"footnotes":""},"class_list":["post-765","page","type-page","status-publish","hentry"],"_links":{"self":[{"href":"https:\/\/veda.polac.cz\/index.php?rest_route=\/wp\/v2\/pages\/765","targetHints":{"allow":["GET"]}}],"collection":[{"href":"https:\/\/veda.polac.cz\/index.php?rest_route=\/wp\/v2\/pages"}],"about":[{"href":"https:\/\/veda.polac.cz\/index.php?rest_route=\/wp\/v2\/types\/page"}],"author":[{"embeddable":true,"href":"https:\/\/veda.polac.cz\/index.php?rest_route=\/wp\/v2\/users\/2"}],"replies":[{"embeddable":true,"href":"https:\/\/veda.polac.cz\/index.php?rest_route=%2Fwp%2Fv2%2Fcomments&post=765"}],"version-history":[{"count":2,"href":"https:\/\/veda.polac.cz\/index.php?rest_route=\/wp\/v2\/pages\/765\/revisions"}],"predecessor-version":[{"id":779,"href":"https:\/\/veda.polac.cz\/index.php?rest_route=\/wp\/v2\/pages\/765\/revisions\/779"}],"up":[{"embeddable":true,"href":"https:\/\/veda.polac.cz\/index.php?rest_route=\/wp\/v2\/pages\/747"}],"wp:attachment":[{"href":"https:\/\/veda.polac.cz\/index.php?rest_route=%2Fwp%2Fv2%2Fmedia&parent=765"}],"curies":[{"name":"wp","href":"https:\/\/api.w.org\/{rel}","templated":true}]}}