{"id":7648,"date":"2025-06-24T10:20:29","date_gmt":"2025-06-24T10:20:29","guid":{"rendered":"https:\/\/veda.polac.cz\/?page_id=7648"},"modified":"2025-06-24T10:20:29","modified_gmt":"2025-06-24T10:20:29","slug":"7648-2","status":"publish","type":"page","link":"https:\/\/veda.polac.cz\/?page_id=7648","title":{"rendered":""},"content":{"rendered":"<p style=\"text-align: center;\">Resum\u00e9 \u010dl\u00e1nku<\/p>\n<p><strong>Kl\u00ed\u010d k\u00a0prevenci kriminality ml\u00e1de\u017ee: anal\u00fdza n\u00e1zor\u016f populace dle pohlav\u00ed, v\u011bku a\u00a0vzd\u011bl\u00e1n\u00ed<\/strong><\/p>\n<p><em>PhDr. Ivana Oleck\u00e1, Ph.D., Policejn\u00ed akademie \u010cesk\u00e9 republiky v Praze, Fakulta bezpe\u010dnostn\u011b pr\u00e1vn\u00ed, katedra kriminologie<\/em><\/p>\n<p><em>PhDr. Ji\u0159\u00ed Posp\u00ed\u0161il, Ph.D., Univerzita Palack\u00e9ho v\u00a0Olomouci, Pedagogick\u00e1 fakulta, \u00dastav pedagogiky<\/em><\/p>\n<p><strong>Abstrakt<\/strong><\/p>\n<p>Prevence kriminality ml\u00e1de\u017ee je kl\u00ed\u010dov\u00fdm t\u00e9matem ve\u0159ejn\u00e9 bezpe\u010dnosti. Anal\u00fdza ukazuje rozd\u00edly v\u00a0preferenc\u00edch represivn\u00edch a\u00a0resocializa\u010dn\u00edch p\u0159\u00edstup\u016f. Celkem byla z\u00edsk\u00e1na data od 1873 respondent\u016f ve v\u011bku 15+ nap\u0159\u00ed\u010d \u010ceskou republikou. Soubor je reprezentativn\u00ed z\u00a0hlediska v\u011bku a\u00a0pohlav\u00ed. Nejv\u011bt\u0161\u00ed podporu m\u00e1 prevence zam\u011b\u0159en\u00e1 na budov\u00e1n\u00ed vztah\u016f, smyslupln\u00e9 vyu\u017eit\u00ed voln\u00e9ho \u010dasu a\u00a0discipl\u00ednu v\u00a0rodin\u011b. Represivn\u00ed opat\u0159en\u00ed, jako p\u0159\u00edsn\u011bj\u0161\u00ed tresty \u010di policejn\u00ed kontrola, z\u00edskaly podporu zejm\u00e9na u\u00a0star\u0161\u00edch lid\u00ed a\u00a0\u017een.<\/p>\n<p><strong>Kl\u00ed\u010dov\u00e1 slova<\/strong>: kriminalita, ml\u00e1de\u017e, prevence, bezpe\u010dnost, opat\u0159en\u00ed.<\/p>\n<hr \/>\n<p><a href=\"https:\/\/veda.polac.cz\/?page_id=7644\">Zp\u011bt<\/a><\/p>\n","protected":false},"excerpt":{"rendered":"<p>Resum\u00e9 \u010dl\u00e1nku Kl\u00ed\u010d k\u00a0prevenci kriminality ml\u00e1de\u017ee: anal\u00fdza n\u00e1zor\u016f populace dle pohlav\u00ed, v\u011bku a\u00a0vzd\u011bl\u00e1n\u00ed PhDr. Ivana Oleck\u00e1, Ph.D., Policejn\u00ed akademie \u010cesk\u00e9 republiky v Praze, Fakulta bezpe\u010dnostn\u011b pr\u00e1vn\u00ed, katedra kriminologie PhDr. Ji\u0159\u00ed Posp\u00ed\u0161il, Ph.D., Univerzita Palack\u00e9ho v\u00a0Olomouci, Pedagogick\u00e1 fakulta, \u00dastav pedagogiky Abstrakt Prevence kriminality ml\u00e1de\u017ee je kl\u00ed\u010dov\u00fdm t\u00e9matem ve\u0159ejn\u00e9 bezpe\u010dnosti. Anal\u00fdza ukazuje rozd\u00edly v\u00a0preferenc\u00edch represivn\u00edch a\u00a0resocializa\u010dn\u00edch p\u0159\u00edstup\u016f. [&hellip;]<\/p>\n","protected":false},"author":6,"featured_media":0,"parent":0,"menu_order":0,"comment_status":"closed","ping_status":"closed","template":"","meta":{"footnotes":""},"class_list":["post-7648","page","type-page","status-publish","hentry"],"_links":{"self":[{"href":"https:\/\/veda.polac.cz\/index.php?rest_route=\/wp\/v2\/pages\/7648","targetHints":{"allow":["GET"]}}],"collection":[{"href":"https:\/\/veda.polac.cz\/index.php?rest_route=\/wp\/v2\/pages"}],"about":[{"href":"https:\/\/veda.polac.cz\/index.php?rest_route=\/wp\/v2\/types\/page"}],"author":[{"embeddable":true,"href":"https:\/\/veda.polac.cz\/index.php?rest_route=\/wp\/v2\/users\/6"}],"replies":[{"embeddable":true,"href":"https:\/\/veda.polac.cz\/index.php?rest_route=%2Fwp%2Fv2%2Fcomments&post=7648"}],"version-history":[{"count":1,"href":"https:\/\/veda.polac.cz\/index.php?rest_route=\/wp\/v2\/pages\/7648\/revisions"}],"predecessor-version":[{"id":7651,"href":"https:\/\/veda.polac.cz\/index.php?rest_route=\/wp\/v2\/pages\/7648\/revisions\/7651"}],"wp:attachment":[{"href":"https:\/\/veda.polac.cz\/index.php?rest_route=%2Fwp%2Fv2%2Fmedia&parent=7648"}],"curies":[{"name":"wp","href":"https:\/\/api.w.org\/{rel}","templated":true}]}}