{"id":7646,"date":"2025-06-24T10:16:44","date_gmt":"2025-06-24T10:16:44","guid":{"rendered":"https:\/\/veda.polac.cz\/?page_id=7646"},"modified":"2025-06-24T10:16:45","modified_gmt":"2025-06-24T10:16:45","slug":"7646-2","status":"publish","type":"page","link":"https:\/\/veda.polac.cz\/?page_id=7646","title":{"rendered":""},"content":{"rendered":"<p style=\"text-align: center;\">Resum\u00e9 \u010dl\u00e1nku<\/p>\n<p><strong>Pr\u00e1vn\u00ed nejistota \u2013 problematick\u00e9 aspekty rozsudku Evropsk\u00e9ho soudu pro lidsk\u00e1 pr\u00e1va ve v\u011bci V.\u00a0proti \u010cesk\u00e9 republice<\/strong><\/p>\n<p><em>pplk. v. v. PhDr. Libor Grepl, Ph.D., Policejn\u00ed akademie \u010cesk\u00e9 republiky v Praze, Fakulta bezpe\u010dnostn\u011b pr\u00e1vn\u00ed, katedra trestn\u00edho pr\u00e1va<\/em><\/p>\n<p><strong>Abstrakt<\/strong><\/p>\n<p>P\u0159\u00edslu\u0161n\u00edci Policie \u010cR ve zna\u010dn\u011b psychicky a\u00a0fyzicky obt\u00ed\u017en\u00e9 situaci zasahovali proti agresivn\u00edmu pacientovi psychiatrick\u00e9 nemocnice, kter\u00fd sv\u00fdm jedn\u00e1n\u00edm ohro\u017eoval na \u017eivot\u011b a\u00a0zdrav\u00ed nejen je, ale i\u00a0dal\u0161\u00ed osoby z\u00a0\u0159ad zdravotnick\u00e9ho person\u00e1lu. Policist\u00e9 se museli v\u00a0kr\u00e1tk\u00e9m \u010dasov\u00e9m \u00faseku rozhodnout, jak\u00fdmi prost\u0159edky pacientovi zabr\u00e1n\u00ed v\u00a0dal\u0161\u00edm nebezpe\u010dn\u00e9m jedn\u00e1n\u00ed. Zvolili taser, po jeho\u017e z\u00e1sahu pacient zem\u0159el. Vnitrost\u00e1tn\u00ed org\u00e1ny \u010dinn\u00e9 v\u00a0trestn\u00edm \u0159\u00edzen\u00ed a\u00a0nakonec ani \u00dastavn\u00ed soud neshledaly na jejich postupu nic z\u00e1vadn\u00e9ho, stejn\u011b tak nebylo zji\u0161t\u011bno pochyben\u00ed ani v\u00a0trestn\u00edm \u0159\u00edzen\u00ed samotn\u00e9m. ESLP v\u0161ak rozhodl o\u00a0tom, \u017ee byl poru\u0161en \u010dl.\u00a02 \u00damluvy, a\u00a0to v\u00a0hmotn\u00e9m i\u00a0procesn\u00edm aspektu. \u010cl\u00e1nek se zab\u00fdv\u00e1 n\u011bkter\u00fdmi problematick\u00fdmi aspekty posuzov\u00e1n\u00ed tohoto p\u0159\u00edpadu z\u00a0hlediska vnitrost\u00e1tn\u00ed i\u00a0mezin\u00e1rodn\u00ed justice.<\/p>\n<p><strong>Kl\u00ed\u010dov\u00e1 slova: <\/strong>ESLP, policie, pr\u00e1vo na \u017eivot, usmrcen\u00ed, \u00dastavn\u00ed soud.<\/p>\n<hr \/>\n<p><a href=\"https:\/\/veda.polac.cz\/?page_id=7644\">Zp\u011bt<\/a><\/p>\n","protected":false},"excerpt":{"rendered":"<p>Resum\u00e9 \u010dl\u00e1nku Pr\u00e1vn\u00ed nejistota \u2013 problematick\u00e9 aspekty rozsudku Evropsk\u00e9ho soudu pro lidsk\u00e1 pr\u00e1va ve v\u011bci V.\u00a0proti \u010cesk\u00e9 republice pplk. v. v. PhDr. Libor Grepl, Ph.D., Policejn\u00ed akademie \u010cesk\u00e9 republiky v Praze, Fakulta bezpe\u010dnostn\u011b pr\u00e1vn\u00ed, katedra trestn\u00edho pr\u00e1va Abstrakt P\u0159\u00edslu\u0161n\u00edci Policie \u010cR ve zna\u010dn\u011b psychicky a\u00a0fyzicky obt\u00ed\u017en\u00e9 situaci zasahovali proti agresivn\u00edmu pacientovi psychiatrick\u00e9 nemocnice, kter\u00fd sv\u00fdm [&hellip;]<\/p>\n","protected":false},"author":6,"featured_media":0,"parent":0,"menu_order":0,"comment_status":"closed","ping_status":"closed","template":"","meta":{"footnotes":""},"class_list":["post-7646","page","type-page","status-publish","hentry"],"_links":{"self":[{"href":"https:\/\/veda.polac.cz\/index.php?rest_route=\/wp\/v2\/pages\/7646","targetHints":{"allow":["GET"]}}],"collection":[{"href":"https:\/\/veda.polac.cz\/index.php?rest_route=\/wp\/v2\/pages"}],"about":[{"href":"https:\/\/veda.polac.cz\/index.php?rest_route=\/wp\/v2\/types\/page"}],"author":[{"embeddable":true,"href":"https:\/\/veda.polac.cz\/index.php?rest_route=\/wp\/v2\/users\/6"}],"replies":[{"embeddable":true,"href":"https:\/\/veda.polac.cz\/index.php?rest_route=%2Fwp%2Fv2%2Fcomments&post=7646"}],"version-history":[{"count":1,"href":"https:\/\/veda.polac.cz\/index.php?rest_route=\/wp\/v2\/pages\/7646\/revisions"}],"predecessor-version":[{"id":7647,"href":"https:\/\/veda.polac.cz\/index.php?rest_route=\/wp\/v2\/pages\/7646\/revisions\/7647"}],"wp:attachment":[{"href":"https:\/\/veda.polac.cz\/index.php?rest_route=%2Fwp%2Fv2%2Fmedia&parent=7646"}],"curies":[{"name":"wp","href":"https:\/\/api.w.org\/{rel}","templated":true}]}}