{"id":7644,"date":"2025-06-24T10:10:02","date_gmt":"2025-06-24T10:10:02","guid":{"rendered":"https:\/\/veda.polac.cz\/?page_id=7644"},"modified":"2025-06-24T12:41:57","modified_gmt":"2025-06-24T12:41:57","slug":"02-2025","status":"publish","type":"page","link":"https:\/\/veda.polac.cz\/?page_id=7644","title":{"rendered":"02\/2025"},"content":{"rendered":"<p><a href=\"https:\/\/veda.polac.cz\/?page_id=7646\"><strong>Pr\u00e1vn\u00ed nejistota \u2013 problematick\u00e9 aspekty rozsudku Evropsk\u00e9ho soudu<\/strong><\/a><br \/>\n<a href=\"https:\/\/veda.polac.cz\/?page_id=7646\"><strong>pro lidsk\u00e1 pr\u00e1va ve v\u011bci V. proti \u010cesk\u00e9 republice<\/strong><\/a><\/p>\n<p>plk. v. v. PhDr. Libor Grepl, Ph.D.<br \/>\nPolicejn\u00ed akademie \u010cesk\u00e9 republiky v Praze<br \/>\nFakulta bezpe\u010dnostn\u011b pr\u00e1vn\u00ed, katedra trestn\u00edho pr\u00e1va<\/p>\n<p><a href=\"https:\/\/veda.polac.cz\/wp-content\/uploads\/2025\/06\/Pravni-nejistota-\u2013-problematicke-aspekty-rozsudku-Evropskeho-soudu-pro-lidska-prava-ve-veci-V.-proti-Ceske-republice.pdf\" target=\"_blank\" rel=\"noopener\">pdf form\u00e1t<\/a><\/p>\n<hr \/>\n<p><a href=\"https:\/\/veda.polac.cz\/?page_id=7648\"><strong>Kl\u00ed\u010d k prevenci kriminality ml\u00e1de\u017ee: anal\u00fdza n\u00e1zor\u016f populace dle pohlav\u00ed, <\/strong><strong>v\u011bku a vzd\u011bl\u00e1n\u00ed<\/strong><\/a><\/p>\n<p>PhDr. Ivana Oleck\u00e1, Ph.D.<br \/>\nPolicejn\u00ed akademie \u010cesk\u00e9 republiky v Praze, Fakulta bezpe\u010dnostn\u011b pr\u00e1vn\u00ed<br \/>\nKatedra kriminologie<br \/>\nPhDr. Ji\u0159\u00ed Posp\u00ed\u0161il, Ph.D.<br \/>\nUniverzita Palack\u00e9ho v Olomouci, Pedagogick\u00e1 fakulta<br \/>\n\u00dastav pedagogiky<\/p>\n<p><a href=\"https:\/\/veda.polac.cz\/wp-content\/uploads\/2025\/06\/Klic-k-prevenci-kriminality-mladeze-analyza-nazoru-populace-dle-pohlavi-veku-a-vzdelani.pdf\" target=\"_blank\" rel=\"noopener\">pdf form\u00e1t<\/a><\/p>\n<hr \/>\n<p><a href=\"https:\/\/veda.polac.cz\/?page_id=7652\"><strong>Znaleck\u00fd pohled na lichevn\u00ed \u00fav\u011bry a lichevn\u00ed \u00fav\u011brov\u00e1n\u00ed<\/strong><\/a><\/p>\n<p>doc. Ing. Jaroslav Brada, Dr.<br \/>\nVysok\u00e1 \u0161kola ekonomick\u00e1 v Praze, Fakulta financ\u00ed a \u00fa\u010detnictv\u00ed<br \/>\nkatedra m\u011bnov\u00e9 teorie a politiky<\/p>\n<p><a href=\"https:\/\/veda.polac.cz\/wp-content\/uploads\/2025\/06\/Znalecky-pohled-na-lichevni-uvery-a-lichevni-uverovani.pdf\" target=\"_blank\" rel=\"noopener\">pdf form\u00e1t<\/a><\/p>\n<hr \/>\n<p><a href=\"https:\/\/veda.polac.cz\/?page_id=7655\"><strong>Odhalov\u00e1n\u00ed trestn\u00fdch \u010din\u016f v oblasti ve\u0159ejn\u00fdch zak\u00e1zek<\/strong><\/a><\/p>\n<p>PhDr. Ing. Edita Zradi\u010dkov\u00e1, Ph.D.<br \/>\nMinisterstvo vnitra<br \/>\nOdbor fond\u016f Evropsk\u00e9 unie v oblasti vnit\u0159n\u00edch v\u011bc\u00ed<\/p>\n<p><a href=\"https:\/\/veda.polac.cz\/wp-content\/uploads\/2025\/06\/Odhalovani-trestnych-cinu-v-oblasti-verejnych-zakazek.pdf\" target=\"_blank\" rel=\"noopener\">pdf form\u00e1t<\/a><\/p>\n<hr \/>\n<p><a href=\"https:\/\/veda.polac.cz\/?page_id=7657\"><strong>Nordic Resistance Movement a jeho teroristick\u00e1 designace<\/strong><\/a><\/p>\n<p>Tereza Melsk\u00e1<br \/>\nMasarykova univerzita Brno, Fakulta soci\u00e1ln\u00edch studi\u00ed, studentka<br \/>\nJohana \u0158\u00edhov\u00e1<br \/>\nMasarykova universita Brno, Fakulta soci\u00e1ln\u00edch studi\u00ed, studentka<\/p>\n<p><a href=\"https:\/\/veda.polac.cz\/wp-content\/uploads\/2025\/06\/Nordic-Resistance-Movement-a-jeho-teroristicka-designace.pdf\" target=\"_blank\" rel=\"noopener\">pdf form\u00e1t<\/a><\/p>\n<hr \/>\n","protected":false},"excerpt":{"rendered":"<p>Pr\u00e1vn\u00ed nejistota \u2013 problematick\u00e9 aspekty rozsudku Evropsk\u00e9ho soudu pro lidsk\u00e1 pr\u00e1va ve v\u011bci V. proti \u010cesk\u00e9 republice plk. v. v. PhDr. Libor Grepl, Ph.D. Policejn\u00ed akademie \u010cesk\u00e9 republiky v Praze Fakulta bezpe\u010dnostn\u011b pr\u00e1vn\u00ed, katedra trestn\u00edho pr\u00e1va pdf form\u00e1t Kl\u00ed\u010d k prevenci kriminality ml\u00e1de\u017ee: anal\u00fdza n\u00e1zor\u016f populace dle pohlav\u00ed, v\u011bku a vzd\u011bl\u00e1n\u00ed PhDr. Ivana Oleck\u00e1, Ph.D. [&hellip;]<\/p>\n","protected":false},"author":6,"featured_media":0,"parent":0,"menu_order":0,"comment_status":"closed","ping_status":"closed","template":"","meta":{"footnotes":""},"class_list":["post-7644","page","type-page","status-publish","hentry"],"_links":{"self":[{"href":"https:\/\/veda.polac.cz\/index.php?rest_route=\/wp\/v2\/pages\/7644","targetHints":{"allow":["GET"]}}],"collection":[{"href":"https:\/\/veda.polac.cz\/index.php?rest_route=\/wp\/v2\/pages"}],"about":[{"href":"https:\/\/veda.polac.cz\/index.php?rest_route=\/wp\/v2\/types\/page"}],"author":[{"embeddable":true,"href":"https:\/\/veda.polac.cz\/index.php?rest_route=\/wp\/v2\/users\/6"}],"replies":[{"embeddable":true,"href":"https:\/\/veda.polac.cz\/index.php?rest_route=%2Fwp%2Fv2%2Fcomments&post=7644"}],"version-history":[{"count":5,"href":"https:\/\/veda.polac.cz\/index.php?rest_route=\/wp\/v2\/pages\/7644\/revisions"}],"predecessor-version":[{"id":7667,"href":"https:\/\/veda.polac.cz\/index.php?rest_route=\/wp\/v2\/pages\/7644\/revisions\/7667"}],"wp:attachment":[{"href":"https:\/\/veda.polac.cz\/index.php?rest_route=%2Fwp%2Fv2%2Fmedia&parent=7644"}],"curies":[{"name":"wp","href":"https:\/\/api.w.org\/{rel}","templated":true}]}}