{"id":763,"date":"2018-09-13T20:29:19","date_gmt":"2018-09-13T20:29:19","guid":{"rendered":"http:\/\/veda.polac.cz\/?page_id=763"},"modified":"2018-10-27T18:53:26","modified_gmt":"2018-10-27T18:53:26","slug":"8-2","status":"publish","type":"page","link":"https:\/\/veda.polac.cz\/?page_id=763","title":{"rendered":""},"content":{"rendered":"<p style=\"text-align: center;\">Resum\u00e9 \u010dl\u00e1nku<\/p>\n<p><strong>Nutn\u00e1 obrana<br \/>\n<\/strong><i>doc. JUDr. Franti\u0161ek Novotn\u00fd, CSc., JUDr. Petr Hulinsk\u00fd, Ph.D., Fakulta bezpe\u010dnostn\u011b pr\u00e1vn\u00ed PA \u010cR v Praze, katedra trestn\u00edho pr\u00e1va<\/p>\n<p><\/i>\u010cl\u00e1nek se zab\u00fdv\u00e1 n\u011bkter\u00fdmi ot\u00e1zkami interpretace a aplikace ustanoven\u00ed \u00a7 29 tr. z\u00e1kon\u00edku z hlediska org\u00e1n\u016f \u010dinn\u00fdch v trestn\u00edm \u0159\u00edzen\u00ed. Podle na\u0161eho pozn\u00e1n\u00ed p\u0159i aplikaci tohoto ustanoven\u00ed doch\u00e1z\u00ed v praxi t\u011bchto org\u00e1n\u016f mnohdy k pochyben\u00ed, co\u017e m\u00e1 z\u00e1va\u017en\u00e9 d\u016fsledky z hlediska ochrany osobnosti. Obsahuje n\u011bkter\u00e9 n\u00e1vrhy z hlediska de lege ferenda za \u00fa\u010delem efektivn\u011bj\u0161\u00edho boje s trestnou \u010dinnost\u00ed.<br \/>\n<strong>Kl\u00ed\u010dov\u00e1 slova:<\/strong>\u00a0Policejn\u00ed org\u00e1n, st\u00e1tn\u00ed z\u00e1stupce, soud, nutn\u00e1 obrana, krajn\u00ed nouze, trestn\u00ed pr\u00e1vo hmotn\u00e9, exces, zabezpe\u010dovac\u00ed syst\u00e9my, zbra\u0148, Listina z\u00e1kladn\u00edch pr\u00e1v a svobod, \u00dastava \u010cesk\u00e9 republiky, nutn\u00e1 obrana, interpretace a aplikace, org\u00e1ny \u010dinn\u00e9 v trestn\u00edm \u0159\u00edzen\u00ed.<\/p>\n<p><a href=\"https:\/\/veda.polac.cz\/?page_id=747\">04\/2014<\/a><\/p>\n","protected":false},"excerpt":{"rendered":"<p>Resum\u00e9 \u010dl\u00e1nku Nutn\u00e1 obrana doc. JUDr. Franti\u0161ek Novotn\u00fd, CSc., JUDr. Petr Hulinsk\u00fd, Ph.D., Fakulta bezpe\u010dnostn\u011b pr\u00e1vn\u00ed PA \u010cR v Praze, katedra trestn\u00edho pr\u00e1va \u010cl\u00e1nek se zab\u00fdv\u00e1 n\u011bkter\u00fdmi ot\u00e1zkami interpretace a aplikace ustanoven\u00ed \u00a7 29 tr. z\u00e1kon\u00edku z hlediska org\u00e1n\u016f \u010dinn\u00fdch v trestn\u00edm \u0159\u00edzen\u00ed. Podle na\u0161eho pozn\u00e1n\u00ed p\u0159i aplikaci tohoto ustanoven\u00ed doch\u00e1z\u00ed v praxi t\u011bchto org\u00e1n\u016f [&hellip;]<\/p>\n","protected":false},"author":2,"featured_media":0,"parent":747,"menu_order":8,"comment_status":"closed","ping_status":"closed","template":"","meta":{"footnotes":""},"class_list":["post-763","page","type-page","status-publish","hentry"],"_links":{"self":[{"href":"https:\/\/veda.polac.cz\/index.php?rest_route=\/wp\/v2\/pages\/763","targetHints":{"allow":["GET"]}}],"collection":[{"href":"https:\/\/veda.polac.cz\/index.php?rest_route=\/wp\/v2\/pages"}],"about":[{"href":"https:\/\/veda.polac.cz\/index.php?rest_route=\/wp\/v2\/types\/page"}],"author":[{"embeddable":true,"href":"https:\/\/veda.polac.cz\/index.php?rest_route=\/wp\/v2\/users\/2"}],"replies":[{"embeddable":true,"href":"https:\/\/veda.polac.cz\/index.php?rest_route=%2Fwp%2Fv2%2Fcomments&post=763"}],"version-history":[{"count":2,"href":"https:\/\/veda.polac.cz\/index.php?rest_route=\/wp\/v2\/pages\/763\/revisions"}],"predecessor-version":[{"id":778,"href":"https:\/\/veda.polac.cz\/index.php?rest_route=\/wp\/v2\/pages\/763\/revisions\/778"}],"up":[{"embeddable":true,"href":"https:\/\/veda.polac.cz\/index.php?rest_route=\/wp\/v2\/pages\/747"}],"wp:attachment":[{"href":"https:\/\/veda.polac.cz\/index.php?rest_route=%2Fwp%2Fv2%2Fmedia&parent=763"}],"curies":[{"name":"wp","href":"https:\/\/api.w.org\/{rel}","templated":true}]}}