{"id":761,"date":"2018-09-13T20:28:24","date_gmt":"2018-09-13T20:28:24","guid":{"rendered":"http:\/\/veda.polac.cz\/?page_id=761"},"modified":"2018-10-27T18:53:26","modified_gmt":"2018-10-27T18:53:26","slug":"7-2","status":"publish","type":"page","link":"https:\/\/veda.polac.cz\/?page_id=761","title":{"rendered":""},"content":{"rendered":"<p style=\"text-align: center;\">Resum\u00e9 \u010dl\u00e1nku<\/p>\n<p><strong>N\u011bkolik pozn\u00e1mek k trestn\u00e9mu \u010dinu neposkytnut\u00ed pomoci<br \/>\n<\/strong><i>JUDr. Miroslav Polcar, Ph.D., Fakulta bezpe\u010dnostn\u011b pr\u00e1vn\u00ed PA \u010cR v Praze, katedra trestn\u00edho pr\u00e1va<\/p>\n<p><\/i>Autor v \u010dl\u00e1nku rozeb\u00edr\u00e1 trestn\u00fd \u010din neposkytnut\u00ed pomoci podle \u00a7 150 tr. z\u00e1kon\u00edku a trestn\u00fd \u010din neposkytnut\u00ed pomoci \u0159idi\u010dem dopravn\u00edho prost\u0159edku podle \u00a7 151 tr. z\u00e1kon\u00edku a k nim mo\u017en\u00e9 u\u017eit\u00ed institutu \u00fa\u010dinn\u00e9 l\u00edtosti s n\u00e1vrhy de lege ferenda.<br \/>\n<strong>Kl\u00ed\u010dov\u00e1 slova:<\/strong>\u00a0trestn\u00ed z\u00e1kon\u00edk, trestn\u00fd \u010din, skutkov\u00e1 podstata, \u00fa\u010dastn\u00edk dopravn\u00ed nehody, dopravn\u00ed prost\u0159edek, neposkytnut\u00ed pomoci, \u00fa\u010dinn\u00e1 l\u00edtost.<\/p>\n<p><a href=\"https:\/\/veda.polac.cz\/?page_id=747\">04\/2014<\/a><\/p>\n","protected":false},"excerpt":{"rendered":"<p>Resum\u00e9 \u010dl\u00e1nku N\u011bkolik pozn\u00e1mek k trestn\u00e9mu \u010dinu neposkytnut\u00ed pomoci JUDr. Miroslav Polcar, Ph.D., Fakulta bezpe\u010dnostn\u011b pr\u00e1vn\u00ed PA \u010cR v Praze, katedra trestn\u00edho pr\u00e1va Autor v \u010dl\u00e1nku rozeb\u00edr\u00e1 trestn\u00fd \u010din neposkytnut\u00ed pomoci podle \u00a7 150 tr. z\u00e1kon\u00edku a trestn\u00fd \u010din neposkytnut\u00ed pomoci \u0159idi\u010dem dopravn\u00edho prost\u0159edku podle \u00a7 151 tr. z\u00e1kon\u00edku a k nim mo\u017en\u00e9 u\u017eit\u00ed institutu [&hellip;]<\/p>\n","protected":false},"author":2,"featured_media":0,"parent":747,"menu_order":7,"comment_status":"closed","ping_status":"closed","template":"","meta":{"footnotes":""},"class_list":["post-761","page","type-page","status-publish","hentry"],"_links":{"self":[{"href":"https:\/\/veda.polac.cz\/index.php?rest_route=\/wp\/v2\/pages\/761","targetHints":{"allow":["GET"]}}],"collection":[{"href":"https:\/\/veda.polac.cz\/index.php?rest_route=\/wp\/v2\/pages"}],"about":[{"href":"https:\/\/veda.polac.cz\/index.php?rest_route=\/wp\/v2\/types\/page"}],"author":[{"embeddable":true,"href":"https:\/\/veda.polac.cz\/index.php?rest_route=\/wp\/v2\/users\/2"}],"replies":[{"embeddable":true,"href":"https:\/\/veda.polac.cz\/index.php?rest_route=%2Fwp%2Fv2%2Fcomments&post=761"}],"version-history":[{"count":2,"href":"https:\/\/veda.polac.cz\/index.php?rest_route=\/wp\/v2\/pages\/761\/revisions"}],"predecessor-version":[{"id":777,"href":"https:\/\/veda.polac.cz\/index.php?rest_route=\/wp\/v2\/pages\/761\/revisions\/777"}],"up":[{"embeddable":true,"href":"https:\/\/veda.polac.cz\/index.php?rest_route=\/wp\/v2\/pages\/747"}],"wp:attachment":[{"href":"https:\/\/veda.polac.cz\/index.php?rest_route=%2Fwp%2Fv2%2Fmedia&parent=761"}],"curies":[{"name":"wp","href":"https:\/\/api.w.org\/{rel}","templated":true}]}}