{"id":7602,"date":"2025-03-25T13:24:38","date_gmt":"2025-03-25T13:24:38","guid":{"rendered":"https:\/\/veda.polac.cz\/?page_id=7602"},"modified":"2025-03-25T13:24:38","modified_gmt":"2025-03-25T13:24:38","slug":"7602-2","status":"publish","type":"page","link":"https:\/\/veda.polac.cz\/?page_id=7602","title":{"rendered":""},"content":{"rendered":"<p style=\"text-align: center;\">Resum\u00e9 \u010dl\u00e1nku<\/p>\n<p><strong>Mo\u017enosti implementace v\u00fdsledk\u016f projektu CHIMERA do\u00a0\u010dinnosti org\u00e1n\u016f ve\u0159ejn\u00e9 spr\u00e1vy a krizov\u00e9ho \u0159\u00edzen\u00ed v\u00a0\u010cesk\u00e9 republice a v\u00a0Polsku s\u00a0c\u00edlem zv\u00fd\u0161en\u00ed ochrany obyvatelstva p\u0159ed \u00fa\u010dinky CBRN l\u00e1tek<\/strong><\/p>\n<p><em>Ing. Karel Malinovsk\u00fd, Policejn\u00ed akademie \u010cesk\u00e9 republiky v\u00a0Praze, Fakulta bezpe\u010dnostn\u00edho managementu, katedra krizov\u00e9ho \u0159\u00edzen\u00ed<\/em><\/p>\n<p><em>doc. Ing. Otakar J. Mika, CSc., <\/em><em>Policejn\u00ed akademie \u010cesk\u00e9 republiky v\u00a0Praze, Fakulta bezpe\u010dnostn\u00edho managementu, katedra krizov\u00e9ho \u0159\u00edzen\u00ed<\/em><\/p>\n<p><em>Ing. Lubom\u00edr Pol\u00edvka, <\/em><em>Policejn\u00ed akademie \u010cesk\u00e9 republiky v\u00a0Praze, Fakulta bezpe\u010dnostn\u00edho managementu, katedra krizov\u00e9ho \u0159\u00edzen\u00ed<\/em><\/p>\n<p><strong>Abstrakt<\/strong><\/p>\n<p>Projekt CHIMERA (Comprehensive Hazard Identification and Monitoring systEm for uRban Areas) \u2013 Komplexn\u00ed syst\u00e9m identifikace nebezpe\u010d\u00ed a\u00a0monitorov\u00e1n\u00ed pro urbanistick\u00e9 oblasti) je zam\u011b\u0159en na vytvo\u0159en\u00ed v\u00edce\u00fa\u010delov\u00fdch center pro detekci CBRN l\u00e1tek, kter\u00fd si klade za c\u00edl vytvo\u0159it a\u00a0implementovat specializovan\u00fd software do \u010dinnosti org\u00e1n\u016f ve\u0159ejn\u00e9 spr\u00e1vy v\u00a0Evropsk\u00e9 unii. T\u00edm dojde ke zv\u00fd\u0161en\u00ed ochrany obyvatelstva p\u0159ed \u00fa\u010dinky CBRN l\u00e1tek a\u00a0v\u00fdznamn\u011b se pos\u00edl\u00ed opera\u010dn\u00ed schopnosti org\u00e1n\u016f ve\u0159ejn\u00e9 spr\u00e1vy odpov\u011bdn\u00fdch za varov\u00e1n\u00ed obyvatelstva p\u0159ed \u00fa\u010dinky CBRN l\u00e1tek.<\/p>\n<p>Tento \u010dl\u00e1nek si klade za c\u00edl vytipovat org\u00e1ny ve\u0159ejn\u00e9 spr\u00e1vy a\u00a0org\u00e1ny krizov\u00e9ho \u0159\u00edzen\u00ed, kter\u00e9 by mohly vyvinut\u00fd software vyu\u017e\u00edvat. Proto\u017ee koordin\u00e1torem projektu je Polsko zastoupen\u00e9 sv\u00fdmi p\u0159edstaviteli, je c\u00edlem \u010dl\u00e1nku posoudit mo\u017enosti implementace v\u00fdsledk\u016f projektu CHIMERA do org\u00e1n\u016f ve\u0159ejn\u00e9 spr\u00e1vy v\u00a0\u010cesk\u00e9 republice a v\u00a0Polsku. V\u00fdsledkem bude ur\u010den\u00ed konkr\u00e9tn\u00edch org\u00e1n\u016f krizov\u00e9ho \u0159\u00edzen\u00ed, kde by mohl b\u00fdt vyvinut\u00fd software vyu\u017eit, spolu s\u00a0n\u00e1vrhem pot\u0159ebn\u00e9ho po\u010dtu instalac\u00ed.<\/p>\n<p><strong>Kl\u00ed\u010dov\u00e1 slova:<\/strong> projekt CHIMERA, nebezpe\u010dn\u00e9 CBRN l\u00e1tky, varov\u00e1n\u00ed p\u0159ed \u00fa\u010dinky CBRN l\u00e1tek, ve\u0159ejn\u00e1 spr\u00e1va, org\u00e1ny krizov\u00e9ho \u0159\u00edzen\u00ed.<\/p>\n<hr \/>\n<p><a href=\"https:\/\/veda.polac.cz\/?page_id=7588\">Zp\u011bt<\/a><\/p>\n","protected":false},"excerpt":{"rendered":"<p>Resum\u00e9 \u010dl\u00e1nku Mo\u017enosti implementace v\u00fdsledk\u016f projektu CHIMERA do\u00a0\u010dinnosti org\u00e1n\u016f ve\u0159ejn\u00e9 spr\u00e1vy a krizov\u00e9ho \u0159\u00edzen\u00ed v\u00a0\u010cesk\u00e9 republice a v\u00a0Polsku s\u00a0c\u00edlem zv\u00fd\u0161en\u00ed ochrany obyvatelstva p\u0159ed \u00fa\u010dinky CBRN l\u00e1tek Ing. Karel Malinovsk\u00fd, Policejn\u00ed akademie \u010cesk\u00e9 republiky v\u00a0Praze, Fakulta bezpe\u010dnostn\u00edho managementu, katedra krizov\u00e9ho \u0159\u00edzen\u00ed doc. Ing. Otakar J. Mika, CSc., Policejn\u00ed akademie \u010cesk\u00e9 republiky v\u00a0Praze, Fakulta bezpe\u010dnostn\u00edho managementu, katedra [&hellip;]<\/p>\n","protected":false},"author":6,"featured_media":0,"parent":0,"menu_order":0,"comment_status":"closed","ping_status":"closed","template":"","meta":{"footnotes":""},"class_list":["post-7602","page","type-page","status-publish","hentry"],"_links":{"self":[{"href":"https:\/\/veda.polac.cz\/index.php?rest_route=\/wp\/v2\/pages\/7602","targetHints":{"allow":["GET"]}}],"collection":[{"href":"https:\/\/veda.polac.cz\/index.php?rest_route=\/wp\/v2\/pages"}],"about":[{"href":"https:\/\/veda.polac.cz\/index.php?rest_route=\/wp\/v2\/types\/page"}],"author":[{"embeddable":true,"href":"https:\/\/veda.polac.cz\/index.php?rest_route=\/wp\/v2\/users\/6"}],"replies":[{"embeddable":true,"href":"https:\/\/veda.polac.cz\/index.php?rest_route=%2Fwp%2Fv2%2Fcomments&post=7602"}],"version-history":[{"count":1,"href":"https:\/\/veda.polac.cz\/index.php?rest_route=\/wp\/v2\/pages\/7602\/revisions"}],"predecessor-version":[{"id":7603,"href":"https:\/\/veda.polac.cz\/index.php?rest_route=\/wp\/v2\/pages\/7602\/revisions\/7603"}],"wp:attachment":[{"href":"https:\/\/veda.polac.cz\/index.php?rest_route=%2Fwp%2Fv2%2Fmedia&parent=7602"}],"curies":[{"name":"wp","href":"https:\/\/api.w.org\/{rel}","templated":true}]}}