{"id":7598,"date":"2025-03-25T13:20:00","date_gmt":"2025-03-25T13:20:00","guid":{"rendered":"https:\/\/veda.polac.cz\/?page_id=7598"},"modified":"2025-03-25T13:20:00","modified_gmt":"2025-03-25T13:20:00","slug":"7598-2","status":"publish","type":"page","link":"https:\/\/veda.polac.cz\/?page_id=7598","title":{"rendered":""},"content":{"rendered":"<p style=\"text-align: center;\">Resum\u00e9 cl\u00e1nku<\/p>\n<p><strong>Pr\u00e1va p\u0159\u00edslu\u0161n\u00edk\u016f bezpe\u010dnostn\u00edch sbor\u016f: Mezin\u00e1rodn\u00ed a\u00a0n\u00e1rodn\u00ed perspektivy omezen\u00ed<\/strong><\/p>\n<p><em>Mgr. Kate\u0159ina Bla\u017ekov\u00e1, Policejn\u00ed akademie \u010cesk\u00e9 republiky v\u00a0Praze, Fakulta bezpe\u010dnostn\u00edho managementu, katedra soukrom\u00e9ho pr\u00e1va<\/em><\/p>\n<p><strong>Abstrakt<\/strong><\/p>\n<p>\u010cl\u00e1nek se zab\u00fdv\u00e1 omezen\u00edm pr\u00e1v a\u00a0povinnost\u00ed p\u0159\u00edslu\u0161n\u00edk\u016f bezpe\u010dnostn\u00edch sbor\u016f, kde doch\u00e1z\u00ed ke st\u0159etu ochrany ve\u0159ejn\u00e9ho po\u0159\u00e1dku s\u00a0individu\u00e1ln\u00edmi pr\u00e1vy. Omezen\u00ed jsou od\u016fvodn\u011bna ochranou ve\u0159ejn\u00e9ho z\u00e1jmu a\u00a0n\u00e1rodn\u00ed bezpe\u010dnosti, ale sou\u010dasn\u011b vyvol\u00e1vaj\u00ed obavy z\u00a0mo\u017en\u00e9ho nadu\u017e\u00edv\u00e1n\u00ed moci. Zd\u016frazn\u011bn je v\u00fdznam pr\u00e1vn\u00edho r\u00e1mce a\u00a0mezin\u00e1rodn\u00edch standard\u016f pro zaji\u0161t\u011bn\u00ed, aby tato omezen\u00ed byla p\u0159im\u011b\u0159en\u00e1 a\u00a0respektovala lidsk\u00e1 pr\u00e1va.<\/p>\n<p><strong>Kl\u00ed\u010dov\u00e1 slova: <\/strong>pr\u00e1va bezpe\u010dnostn\u00edch sbor\u016f, omezen\u00ed pr\u00e1v, ve\u0159ejn\u00fd po\u0159\u00e1dek, n\u00e1rodn\u00ed bezpe\u010dnost, lidsk\u00e1 pr\u00e1va, politick\u00e1 neutralita.<\/p>\n<hr \/>\n<p><a href=\"https:\/\/veda.polac.cz\/?page_id=7588\">Zp\u011bt<\/a><\/p>\n","protected":false},"excerpt":{"rendered":"<p>Resum\u00e9 cl\u00e1nku Pr\u00e1va p\u0159\u00edslu\u0161n\u00edk\u016f bezpe\u010dnostn\u00edch sbor\u016f: Mezin\u00e1rodn\u00ed a\u00a0n\u00e1rodn\u00ed perspektivy omezen\u00ed Mgr. Kate\u0159ina Bla\u017ekov\u00e1, Policejn\u00ed akademie \u010cesk\u00e9 republiky v\u00a0Praze, Fakulta bezpe\u010dnostn\u00edho managementu, katedra soukrom\u00e9ho pr\u00e1va Abstrakt \u010cl\u00e1nek se zab\u00fdv\u00e1 omezen\u00edm pr\u00e1v a\u00a0povinnost\u00ed p\u0159\u00edslu\u0161n\u00edk\u016f bezpe\u010dnostn\u00edch sbor\u016f, kde doch\u00e1z\u00ed ke st\u0159etu ochrany ve\u0159ejn\u00e9ho po\u0159\u00e1dku s\u00a0individu\u00e1ln\u00edmi pr\u00e1vy. Omezen\u00ed jsou od\u016fvodn\u011bna ochranou ve\u0159ejn\u00e9ho z\u00e1jmu a\u00a0n\u00e1rodn\u00ed bezpe\u010dnosti, ale sou\u010dasn\u011b vyvol\u00e1vaj\u00ed obavy [&hellip;]<\/p>\n","protected":false},"author":6,"featured_media":0,"parent":0,"menu_order":0,"comment_status":"closed","ping_status":"closed","template":"","meta":{"footnotes":""},"class_list":["post-7598","page","type-page","status-publish","hentry"],"_links":{"self":[{"href":"https:\/\/veda.polac.cz\/index.php?rest_route=\/wp\/v2\/pages\/7598","targetHints":{"allow":["GET"]}}],"collection":[{"href":"https:\/\/veda.polac.cz\/index.php?rest_route=\/wp\/v2\/pages"}],"about":[{"href":"https:\/\/veda.polac.cz\/index.php?rest_route=\/wp\/v2\/types\/page"}],"author":[{"embeddable":true,"href":"https:\/\/veda.polac.cz\/index.php?rest_route=\/wp\/v2\/users\/6"}],"replies":[{"embeddable":true,"href":"https:\/\/veda.polac.cz\/index.php?rest_route=%2Fwp%2Fv2%2Fcomments&post=7598"}],"version-history":[{"count":1,"href":"https:\/\/veda.polac.cz\/index.php?rest_route=\/wp\/v2\/pages\/7598\/revisions"}],"predecessor-version":[{"id":7599,"href":"https:\/\/veda.polac.cz\/index.php?rest_route=\/wp\/v2\/pages\/7598\/revisions\/7599"}],"wp:attachment":[{"href":"https:\/\/veda.polac.cz\/index.php?rest_route=%2Fwp%2Fv2%2Fmedia&parent=7598"}],"curies":[{"name":"wp","href":"https:\/\/api.w.org\/{rel}","templated":true}]}}