{"id":7596,"date":"2025-03-25T13:17:45","date_gmt":"2025-03-25T13:17:45","guid":{"rendered":"https:\/\/veda.polac.cz\/?page_id=7596"},"modified":"2025-03-25T13:17:45","modified_gmt":"2025-03-25T13:17:45","slug":"7596-2","status":"publish","type":"page","link":"https:\/\/veda.polac.cz\/?page_id=7596","title":{"rendered":""},"content":{"rendered":"<p style=\"text-align: center;\">Resum\u00e9 \u010dl\u00e1nku<\/p>\n<p><strong>Vplyv \u017eien na efekt\u00edvnos\u0165 mierov\u00fdch misi\u00ed OSN<\/strong><\/p>\n<p><em>JUDr. Sylvia Tiryaki, PhD., Bratislavsk\u00e1 medzin\u00e1rodn\u00e1 \u0161kola liber\u00e1lnych \u0161t\u00fadi\u00ed, Bratislava, Slovensk\u00e1 republika, \u010dlenka fakulty<\/em><\/p>\n<p><strong>Abstrakt<\/strong><\/p>\n<p>Tento \u010dl\u00e1nok sk\u00fama \u00fa\u010dinnos\u0165 mierov\u00fdch misi\u00ed OSN so zameran\u00edm na \u00falohu \u017eien pri jej zvy\u0161ovan\u00ed. Za\u010d\u00edna sk\u00faman\u00edm diskurzov o\u00a0\u00falohe \u017eien v\u00a0mierov\u00fdch misi\u00e1ch OSN. Hoci prevl\u00e1da n\u00e1zor, \u017ee \u017eeny v\u00a0mierov\u00fdch misi\u00e1ch zvy\u0161uj\u00fa celkov\u00fa \u00fa\u010dinnos\u0165 misi\u00ed, v\u00a0\u010dl\u00e1nku sa tvrd\u00ed, \u017ee mnoh\u00e9 argumenty sa opieraj\u00fa o\u00a0rodov\u00e9 stereotypy a\u00a0pr\u00edli\u0161 zjednodu\u0161uj\u00fa v\u00fdznam \u017eien v\u00a0mierov\u00fdch misi\u00e1ch. Na z\u00e1klade najnov\u0161\u00edch \u00fadajov OSN a\u00a0preh\u013eadu literat\u00fary o\u00a0meran\u00ed efekt\u00edvnosti mierov\u00fdch misi\u00ed sa v\u00a0\u010dl\u00e1nku uv\u00e1dza dvojak\u00fd argument: Po prv\u00e9, napriek mnoh\u00fdm tvrdeniam, \u017ee \u017eeny prispievaj\u00fa k\u00a0celkovej efekt\u00edvnosti mierov\u00fdch misi\u00ed, sa tento pr\u00ednos v\u00a0s\u00fa\u010dasnosti ned\u00e1 objekt\u00edvne zmera\u0165. Po druh\u00e9, argumenty podporuj\u00face efekt\u00edvnos\u0165 \u017eien zalo\u017een\u00e9 najm\u00e4 na rodov\u00fdch stereotypoch znehodnocuj\u00fa ich mnohostrann\u00e9 \u00falohy ako rovnako schopn\u00fdch a\u00a0vycvi\u010den\u00fdch ozbrojen\u00fdch d\u00f4stojn\u00edkov. Okrem toho sa dokument zaober\u00e1 be\u017en\u00fdmi prek\u00e1\u017ekami, ktor\u00fdm \u017eeny v\u00a0mierov\u00fdch misi\u00e1ch \u010delia, ako je diskrimin\u00e1cia, obmedzen\u00fd pr\u00edstup k\u00a0vedeniu a\u00a0nedostato\u010dn\u00e9 uznanie ich pr\u00ednosu. Zd\u00f4raznen\u00edm t\u00fdchto v\u00fdziev dokument pod\u010diarkuje potrebu odli\u0161n\u00e9ho ch\u00e1pania \u00faloh \u017eien v\u00a0mierov\u00fdch misi\u00e1ch. \u0160t\u00fadia vyu\u017e\u00edva \u00fa\u010das\u0165 Slovenska v\u00a0mierov\u00fdch misi\u00e1ch OSN ako pr\u00edklad men\u0161ej krajiny, ktor\u00e1 dosahuje mierny \u00faspech pri plnen\u00ed cie\u013eov stanoven\u00fdch OSN.<\/p>\n<p><strong>K\u013e\u00fa\u010dov\u00e9 slov\u00e1:<\/strong> \u017eeny, mierov\u00e9 misie, Organiz\u00e1cia Spojen\u00fdch N\u00e1rodov, rod, rovnos\u0165.<\/p>\n<hr \/>\n<p><a href=\"https:\/\/veda.polac.cz\/?page_id=7588\">Zp\u011bt<\/a><\/p>\n","protected":false},"excerpt":{"rendered":"<p>Resum\u00e9 \u010dl\u00e1nku Vplyv \u017eien na efekt\u00edvnos\u0165 mierov\u00fdch misi\u00ed OSN JUDr. Sylvia Tiryaki, PhD., Bratislavsk\u00e1 medzin\u00e1rodn\u00e1 \u0161kola liber\u00e1lnych \u0161t\u00fadi\u00ed, Bratislava, Slovensk\u00e1 republika, \u010dlenka fakulty Abstrakt Tento \u010dl\u00e1nok sk\u00fama \u00fa\u010dinnos\u0165 mierov\u00fdch misi\u00ed OSN so zameran\u00edm na \u00falohu \u017eien pri jej zvy\u0161ovan\u00ed. Za\u010d\u00edna sk\u00faman\u00edm diskurzov o\u00a0\u00falohe \u017eien v\u00a0mierov\u00fdch misi\u00e1ch OSN. Hoci prevl\u00e1da n\u00e1zor, \u017ee \u017eeny v\u00a0mierov\u00fdch misi\u00e1ch zvy\u0161uj\u00fa [&hellip;]<\/p>\n","protected":false},"author":6,"featured_media":0,"parent":0,"menu_order":0,"comment_status":"closed","ping_status":"closed","template":"","meta":{"footnotes":""},"class_list":["post-7596","page","type-page","status-publish","hentry"],"_links":{"self":[{"href":"https:\/\/veda.polac.cz\/index.php?rest_route=\/wp\/v2\/pages\/7596","targetHints":{"allow":["GET"]}}],"collection":[{"href":"https:\/\/veda.polac.cz\/index.php?rest_route=\/wp\/v2\/pages"}],"about":[{"href":"https:\/\/veda.polac.cz\/index.php?rest_route=\/wp\/v2\/types\/page"}],"author":[{"embeddable":true,"href":"https:\/\/veda.polac.cz\/index.php?rest_route=\/wp\/v2\/users\/6"}],"replies":[{"embeddable":true,"href":"https:\/\/veda.polac.cz\/index.php?rest_route=%2Fwp%2Fv2%2Fcomments&post=7596"}],"version-history":[{"count":1,"href":"https:\/\/veda.polac.cz\/index.php?rest_route=\/wp\/v2\/pages\/7596\/revisions"}],"predecessor-version":[{"id":7597,"href":"https:\/\/veda.polac.cz\/index.php?rest_route=\/wp\/v2\/pages\/7596\/revisions\/7597"}],"wp:attachment":[{"href":"https:\/\/veda.polac.cz\/index.php?rest_route=%2Fwp%2Fv2%2Fmedia&parent=7596"}],"curies":[{"name":"wp","href":"https:\/\/api.w.org\/{rel}","templated":true}]}}