{"id":7591,"date":"2025-03-25T13:11:38","date_gmt":"2025-03-25T13:11:38","guid":{"rendered":"https:\/\/veda.polac.cz\/?page_id=7591"},"modified":"2025-03-25T13:11:38","modified_gmt":"2025-03-25T13:11:38","slug":"7591-2","status":"publish","type":"page","link":"https:\/\/veda.polac.cz\/?page_id=7591","title":{"rendered":""},"content":{"rendered":"<p style=\"text-align: center;\">Resum\u00e9 \u010dl\u00e1nku<\/p>\n<p><strong>Implementace unijn\u00edch z\u00e1vazk\u016f t\u00fdkaj\u00edc\u00edch se do\u010dasn\u00e9 ochrany do \u010desk\u00e9 legislativy<\/strong><\/p>\n<p><em>Mgr. Vanesa \u0160a\u0161kov\u00e1, absolventka Policejn\u00ed akademie \u010cesk\u00e9 republiky v Praze<\/em><\/p>\n<p><strong>Abstrakt<\/strong><br \/>\nP\u0159\u00edsp\u011bvek se zab\u00fdv\u00e1 problematikou transpozice unijn\u00ed sm\u011brnice o do\u010dasn\u00e9 ochran\u011b do \u010desk\u00e9ho pr\u00e1vn\u00edho syst\u00e9mu. \u010cl\u00e1nek se zam\u011b\u0159uje na Lex Ukrajina s anal\u00fdzou v\u0161ech jeho verz\u00ed ve snaze zejm\u00e9na upozornit na kontroverzn\u00ed ustanoven\u00ed, kter\u00e1 jsou v rozporu s unijn\u00edm pr\u00e1vem. D\u00e1le je v p\u0159\u00edsp\u011bvku proveden rozbor pr\u00e1vn\u00ed \u00fapravy pravidel pro prodlou\u017een\u00ed do\u010dasn\u00e9 ochrany a anal\u00fdza pr\u00e1vn\u00ed \u00fapravy p\u0159\u00edstupu beneficient\u016f do\u010dasn\u00e9 ochrany k zaru\u010den\u00fdm pr\u00e1v\u016fm.<\/p>\n<p><strong>Kl\u00ed\u010dov\u00e1 slova:<\/strong> do\u010dasn\u00e1 ochrana, Lex Ukrajina, vylou\u010den\u00ed ze soudn\u00edho p\u0159ezkumu, prodlou\u017een\u00ed do\u010dasn\u00e9 ochrany, osobn\u00ed p\u016fsobnost, zaru\u010den\u00e1 pr\u00e1va.<\/p>\n<hr \/>\n<p><a href=\"https:\/\/veda.polac.cz\/?page_id=7588\">Zp\u011bt<\/a><\/p>\n","protected":false},"excerpt":{"rendered":"<p>Resum\u00e9 \u010dl\u00e1nku Implementace unijn\u00edch z\u00e1vazk\u016f t\u00fdkaj\u00edc\u00edch se do\u010dasn\u00e9 ochrany do \u010desk\u00e9 legislativy Mgr. Vanesa \u0160a\u0161kov\u00e1, absolventka Policejn\u00ed akademie \u010cesk\u00e9 republiky v Praze Abstrakt P\u0159\u00edsp\u011bvek se zab\u00fdv\u00e1 problematikou transpozice unijn\u00ed sm\u011brnice o do\u010dasn\u00e9 ochran\u011b do \u010desk\u00e9ho pr\u00e1vn\u00edho syst\u00e9mu. \u010cl\u00e1nek se zam\u011b\u0159uje na Lex Ukrajina s anal\u00fdzou v\u0161ech jeho verz\u00ed ve snaze zejm\u00e9na upozornit na kontroverzn\u00ed ustanoven\u00ed, [&hellip;]<\/p>\n","protected":false},"author":6,"featured_media":0,"parent":0,"menu_order":0,"comment_status":"closed","ping_status":"closed","template":"","meta":{"footnotes":""},"class_list":["post-7591","page","type-page","status-publish","hentry"],"_links":{"self":[{"href":"https:\/\/veda.polac.cz\/index.php?rest_route=\/wp\/v2\/pages\/7591","targetHints":{"allow":["GET"]}}],"collection":[{"href":"https:\/\/veda.polac.cz\/index.php?rest_route=\/wp\/v2\/pages"}],"about":[{"href":"https:\/\/veda.polac.cz\/index.php?rest_route=\/wp\/v2\/types\/page"}],"author":[{"embeddable":true,"href":"https:\/\/veda.polac.cz\/index.php?rest_route=\/wp\/v2\/users\/6"}],"replies":[{"embeddable":true,"href":"https:\/\/veda.polac.cz\/index.php?rest_route=%2Fwp%2Fv2%2Fcomments&post=7591"}],"version-history":[{"count":1,"href":"https:\/\/veda.polac.cz\/index.php?rest_route=\/wp\/v2\/pages\/7591\/revisions"}],"predecessor-version":[{"id":7593,"href":"https:\/\/veda.polac.cz\/index.php?rest_route=\/wp\/v2\/pages\/7591\/revisions\/7593"}],"wp:attachment":[{"href":"https:\/\/veda.polac.cz\/index.php?rest_route=%2Fwp%2Fv2%2Fmedia&parent=7591"}],"curies":[{"name":"wp","href":"https:\/\/api.w.org\/{rel}","templated":true}]}}