{"id":759,"date":"2018-09-13T20:27:23","date_gmt":"2018-09-13T20:27:23","guid":{"rendered":"http:\/\/veda.polac.cz\/?page_id=759"},"modified":"2018-10-27T18:53:25","modified_gmt":"2018-10-27T18:53:25","slug":"6-2","status":"publish","type":"page","link":"https:\/\/veda.polac.cz\/?page_id=759","title":{"rendered":""},"content":{"rendered":"<p style=\"text-align: center;\">Resum\u00e9 \u010dl\u00e1nku<\/p>\n<p><strong>Hrozby a nov\u00e9 v\u00fdzvy pro zaji\u0161\u0165ov\u00e1n\u00ed bezpe\u010dnosti \u010cesk\u00e9 republiky<br \/>\n<\/strong><i>Mgr. Martin Linhart, Ministerstvo vnitra \u010cR, odbor bezpe\u010dnostn\u00ed politiky<\/p>\n<p><\/i>P\u0159\u00edsp\u011bvek je koncipov\u00e1n jako \u00favod do n\u011bkter\u00fdch bezpe\u010dnostn\u00edch v\u00fdzev, aktu\u00e1ln\u011b v\u00fdznamn\u00fdch pro \u010ceskou republiku. P\u0159itom opakovan\u011b zd\u016fraz\u0148uje nutnost konzistentn\u00edho odborn\u00e9ho i politick\u00e9ho veden\u00ed, kter\u00e9 z\u00e1rove\u0148 dok\u00e1\u017ee jak \u010delit tlak\u016fm po vr\u017een\u00ed v\u0161ech sil a prost\u0159edk\u016f na \u0159e\u0161en\u00ed medializovan\u00fdch kauz, tak prok\u00e1zat ur\u010ditou m\u00edru vizion\u00e1\u0159stv\u00ed.<br \/>\n<strong>Kl\u00ed\u010dov\u00e1 slova:\u00a0<\/strong>Bezpe\u010dnostn\u00ed politika, \u010cesk\u00e1 republika, hrozby, strategick\u00e9 vize, progn\u00f3zy.<\/p>\n<p><a href=\"https:\/\/veda.polac.cz\/?page_id=747\">04\/2014<\/a><\/p>\n","protected":false},"excerpt":{"rendered":"<p>Resum\u00e9 \u010dl\u00e1nku Hrozby a nov\u00e9 v\u00fdzvy pro zaji\u0161\u0165ov\u00e1n\u00ed bezpe\u010dnosti \u010cesk\u00e9 republiky Mgr. Martin Linhart, Ministerstvo vnitra \u010cR, odbor bezpe\u010dnostn\u00ed politiky P\u0159\u00edsp\u011bvek je koncipov\u00e1n jako \u00favod do n\u011bkter\u00fdch bezpe\u010dnostn\u00edch v\u00fdzev, aktu\u00e1ln\u011b v\u00fdznamn\u00fdch pro \u010ceskou republiku. P\u0159itom opakovan\u011b zd\u016fraz\u0148uje nutnost konzistentn\u00edho odborn\u00e9ho i politick\u00e9ho veden\u00ed, kter\u00e9 z\u00e1rove\u0148 dok\u00e1\u017ee jak \u010delit tlak\u016fm po vr\u017een\u00ed v\u0161ech sil a prost\u0159edk\u016f [&hellip;]<\/p>\n","protected":false},"author":2,"featured_media":0,"parent":747,"menu_order":6,"comment_status":"closed","ping_status":"closed","template":"","meta":{"footnotes":""},"class_list":["post-759","page","type-page","status-publish","hentry"],"_links":{"self":[{"href":"https:\/\/veda.polac.cz\/index.php?rest_route=\/wp\/v2\/pages\/759","targetHints":{"allow":["GET"]}}],"collection":[{"href":"https:\/\/veda.polac.cz\/index.php?rest_route=\/wp\/v2\/pages"}],"about":[{"href":"https:\/\/veda.polac.cz\/index.php?rest_route=\/wp\/v2\/types\/page"}],"author":[{"embeddable":true,"href":"https:\/\/veda.polac.cz\/index.php?rest_route=\/wp\/v2\/users\/2"}],"replies":[{"embeddable":true,"href":"https:\/\/veda.polac.cz\/index.php?rest_route=%2Fwp%2Fv2%2Fcomments&post=759"}],"version-history":[{"count":2,"href":"https:\/\/veda.polac.cz\/index.php?rest_route=\/wp\/v2\/pages\/759\/revisions"}],"predecessor-version":[{"id":776,"href":"https:\/\/veda.polac.cz\/index.php?rest_route=\/wp\/v2\/pages\/759\/revisions\/776"}],"up":[{"embeddable":true,"href":"https:\/\/veda.polac.cz\/index.php?rest_route=\/wp\/v2\/pages\/747"}],"wp:attachment":[{"href":"https:\/\/veda.polac.cz\/index.php?rest_route=%2Fwp%2Fv2%2Fmedia&parent=759"}],"curies":[{"name":"wp","href":"https:\/\/api.w.org\/{rel}","templated":true}]}}