{"id":7588,"date":"2025-03-25T11:35:05","date_gmt":"2025-03-25T11:35:05","guid":{"rendered":"https:\/\/veda.polac.cz\/?page_id=7588"},"modified":"2025-03-26T09:14:57","modified_gmt":"2025-03-26T09:14:57","slug":"01-2025","status":"publish","type":"page","link":"https:\/\/veda.polac.cz\/?page_id=7588","title":{"rendered":"01\/2025"},"content":{"rendered":"<p><a href=\"https:\/\/veda.polac.cz\/?page_id=7591\"><strong>Implementace unijn\u00edch z\u00e1vazk\u016f t\u00fdkaj\u00edc\u00edch se do\u010dasn\u00e9 ochrany do \u010desk\u00e9 legislativy<\/strong><\/a><\/p>\n<p>Mgr. Vanesa \u0160a\u0161kov\u00e1<br \/>\nabsolventka Policejn\u00ed akademie \u010cesk\u00e9 republiky v Praze<\/p>\n<p><a href=\"https:\/\/veda.polac.cz\/wp-content\/uploads\/2025\/03\/Implementace-unijnich-zavazku-tykajicich-se-docasne-ochrany-do-ceske-legislativy.pdf\" target=\"_blank\" rel=\"noopener\">pdf form\u00e1t<\/a><\/p>\n<hr \/>\n<p><a href=\"https:\/\/veda.polac.cz\/?page_id=7594\"><strong>Pr\u00e1vne postavenie a \u00falohy s\u00fakromn\u00fdch bezpe\u010dnostn\u00fdch slu\u017eieb v syst\u00e9me bezpe\u010dnostn\u00fdch zlo\u017eiek Slovenskej republiky<\/strong><\/a><\/p>\n<p>pplk. doc. JUDr. Miriam Odlerov\u00e1, PhD.<br \/>\nAkad\u00e9mia policajn\u00e9ho zboru v Bratislave, Slovensk\u00e1 republika<br \/>\nkatedra spr\u00e1vneho pr\u00e1va<\/p>\n<p><a href=\"https:\/\/veda.polac.cz\/wp-content\/uploads\/2025\/03\/Pravne-postavenie-a-ulohy-sukromnych-bezpecnostnych-sluzieb-v-systeme-bezpecnostnych-zloziek-Slovenskej-republiky.pdf\" target=\"_blank\" rel=\"noopener\">pdf form\u00e1t<\/a><\/p>\n<hr \/>\n<p><a href=\"https:\/\/veda.polac.cz\/?page_id=7596\"><strong>Vplyv \u017eien na efekt\u00edvnos\u0165 mierov\u00fdch misi\u00ed OSN<\/strong><\/a><\/p>\n<p>JUDr. Sylvia Tiryaki, PhD.<br \/>\nBratislavsk\u00e1 medzin\u00e1rodn\u00e1 \u0161kola liber\u00e1lnych \u0161t\u00fadi\u00ed, Bratislava, Slovensk\u00e1 republika<br \/>\nakademick\u00e1 pracovnice<\/p>\n<p><a href=\"https:\/\/veda.polac.cz\/wp-content\/uploads\/2025\/03\/Vplyv-zien-na-efektivnost-mierovych-misii-OSN.pdf\" target=\"_blank\" rel=\"noopener\">pdf form\u00e1t<\/a><\/p>\n<hr \/>\n<p><a href=\"https:\/\/veda.polac.cz\/?page_id=7598\"><strong>Pr\u00e1va p\u0159\u00edslu\u0161n\u00edk\u016f bezpe\u010dnostn\u00edch sbor\u016f: Mezin\u00e1rodn\u00ed a n\u00e1rodn\u00ed perspektivy omezen\u00ed<\/strong><\/a><\/p>\n<p>Mgr. Kate\u0159ina Bla\u017ekov\u00e1<br \/>\nPolicejn\u00ed akademie \u010cesk\u00e9 republiky v Praze, Fakulta bezpe\u010dnostn\u00edho managementu,<br \/>\nkatedra soukrom\u00e9ho pr\u00e1va<\/p>\n<p><a href=\"https:\/\/veda.polac.cz\/wp-content\/uploads\/2025\/03\/Prava-prislusniku-bezpecnostnich-sboru-Mezinarodni-a-narodni-perspektivy-omezeni.pdf\" target=\"_blank\" rel=\"noopener\">pdf format<\/a><\/p>\n<hr \/>\n<p><a href=\"https:\/\/veda.polac.cz\/?page_id=7600\"><strong>Mo\u017enosti restorat\u00edvnej just\u00edcie v pr\u00edpadoch z\u00e1va\u017enej trestnej \u010dinnosti<\/strong><\/a><\/p>\n<p>pplk. doc. JUDr. Veronika Markov\u00e1, PhD.<br \/>\nAkad\u00e9mia policajn\u00e9ho zboru v Bratislave, Slovensk\u00e1 republika, katedra trestn\u00e9ho pr\u00e1va<\/p>\n<p><a href=\"https:\/\/veda.polac.cz\/wp-content\/uploads\/2025\/03\/Moznosti-restorativnej-justicie-v-pripadoch-zavaznej-trestnej-cinnosti.pdf\" target=\"_blank\" rel=\"noopener\">pdf format<\/a><\/p>\n<hr \/>\n<p><a href=\"https:\/\/veda.polac.cz\/?page_id=7602\"><strong>Mo\u017enosti implementace v\u00fdsledk\u016f projektu CHIMERA do \u010dinnosti org\u00e1n\u016f ve\u0159ejn\u00e9 spr\u00e1vy a krizov\u00e9ho \u0159\u00edzen\u00ed v \u010cesk\u00e9 republice a v Polsku s c\u00edlem zv\u00fd\u0161en\u00ed ochrany obyvatelstva p\u0159ed \u00fa\u010dinky CBRN l\u00e1tek<\/strong><\/a><\/p>\n<p>Ing. Karel Malinovsk\u00fd<br \/>\nPolicejn\u00ed akademie \u010cesk\u00e9 republiky v Praze, Fakulta bezpe\u010dnostn\u00edho managementu, katedra krizov\u00e9ho \u0159\u00edzen\u00ed<br \/>\ndoc. Ing. Otakar J. Mika, CSc.<br \/>\nPolicejn\u00ed akademie \u010cesk\u00e9 republiky v Praze, Fakulta bezpe\u010dnostn\u00edho managementu, katedra krizov\u00e9ho \u0159\u00edzen\u00ed<br \/>\nIng. Lubom\u00edr Pol\u00edvka<br \/>\nPolicejn\u00ed akademie \u010cesk\u00e9 republiky v Praze, Fakulta bezpe\u010dnostn\u00edho managementu, katedra krizov\u00e9ho \u0159\u00edzen\u00ed<\/p>\n<p><a href=\"https:\/\/veda.polac.cz\/wp-content\/uploads\/2025\/03\/Moznosti-implementace-vysledku-projektu-CHIMERA-do-cinnosti-organu-verejne-spravy-a-krizoveho-rizeni-v-Ceske-republice-a-v-Polsku-s-cilem-zvyseni-ochrany-obyvatelstva-pred-ucinky-CBRN.pdf\" target=\"_blank\" rel=\"noopener\">pdf format<\/a><\/p>\n<hr \/>\n<p><a href=\"https:\/\/veda.polac.cz\/?page_id=7604\"><strong>Modernizace t\u00eds\u0148ov\u00e9 komunikace v podm\u00ednk\u00e1ch \u010cesk\u00e9 republiky<\/strong><\/a><\/p>\n<p>PhDr. Mgr. Miroslav Matou\u0161, Ph.D.<br \/>\nPolicejn\u00ed akademie \u010cesk\u00e9 republiky v Praze, Fakulta bezpe\u010dnostn\u00edho managementu, katedra krizov\u00e9ho \u0159\u00edzen\u00ed<\/p>\n<p><a href=\"https:\/\/veda.polac.cz\/wp-content\/uploads\/2025\/03\/Modernizace-tisnove-komunikace-v-podminkach-Ceske-republiky.pdf\" target=\"_blank\" rel=\"noopener\">pdf form\u00e1t<\/a><\/p>\n<hr \/>\n","protected":false},"excerpt":{"rendered":"<p>Implementace unijn\u00edch z\u00e1vazk\u016f t\u00fdkaj\u00edc\u00edch se do\u010dasn\u00e9 ochrany do \u010desk\u00e9 legislativy Mgr. Vanesa \u0160a\u0161kov\u00e1 absolventka Policejn\u00ed akademie \u010cesk\u00e9 republiky v Praze pdf form\u00e1t Pr\u00e1vne postavenie a \u00falohy s\u00fakromn\u00fdch bezpe\u010dnostn\u00fdch slu\u017eieb v syst\u00e9me bezpe\u010dnostn\u00fdch zlo\u017eiek Slovenskej republiky pplk. doc. JUDr. Miriam Odlerov\u00e1, PhD. Akad\u00e9mia policajn\u00e9ho zboru v Bratislave, Slovensk\u00e1 republika katedra spr\u00e1vneho pr\u00e1va pdf form\u00e1t Vplyv \u017eien [&hellip;]<\/p>\n","protected":false},"author":6,"featured_media":0,"parent":0,"menu_order":0,"comment_status":"closed","ping_status":"closed","template":"","meta":{"footnotes":""},"class_list":["post-7588","page","type-page","status-publish","hentry"],"_links":{"self":[{"href":"https:\/\/veda.polac.cz\/index.php?rest_route=\/wp\/v2\/pages\/7588","targetHints":{"allow":["GET"]}}],"collection":[{"href":"https:\/\/veda.polac.cz\/index.php?rest_route=\/wp\/v2\/pages"}],"about":[{"href":"https:\/\/veda.polac.cz\/index.php?rest_route=\/wp\/v2\/types\/page"}],"author":[{"embeddable":true,"href":"https:\/\/veda.polac.cz\/index.php?rest_route=\/wp\/v2\/users\/6"}],"replies":[{"embeddable":true,"href":"https:\/\/veda.polac.cz\/index.php?rest_route=%2Fwp%2Fv2%2Fcomments&post=7588"}],"version-history":[{"count":4,"href":"https:\/\/veda.polac.cz\/index.php?rest_route=\/wp\/v2\/pages\/7588\/revisions"}],"predecessor-version":[{"id":7615,"href":"https:\/\/veda.polac.cz\/index.php?rest_route=\/wp\/v2\/pages\/7588\/revisions\/7615"}],"wp:attachment":[{"href":"https:\/\/veda.polac.cz\/index.php?rest_route=%2Fwp%2Fv2%2Fmedia&parent=7588"}],"curies":[{"name":"wp","href":"https:\/\/api.w.org\/{rel}","templated":true}]}}