{"id":757,"date":"2018-09-13T20:26:20","date_gmt":"2018-09-13T20:26:20","guid":{"rendered":"http:\/\/veda.polac.cz\/?page_id=757"},"modified":"2018-10-27T18:53:25","modified_gmt":"2018-10-27T18:53:25","slug":"5-2","status":"publish","type":"page","link":"https:\/\/veda.polac.cz\/?page_id=757","title":{"rendered":""},"content":{"rendered":"<p style=\"text-align: center;\">Resum\u00e9 \u010dl\u00e1nku<\/p>\n<p><strong>Energetick\u00e1 politika v Evrop\u011b: Turbulence na obzoru<br \/>\n<\/strong><i>Mgr. Luk\u00e1\u0161 Harazin, prof. Ing. Bed\u0159ich \u0160est\u00e1k, DrSc.; Mgr. Old\u0159ich Krul\u00edk, Ph.D., Fakulta bezpe\u010dnostn\u00edho managementu PA \u010cR v Praze, katedra krizov\u00e9ho \u0159\u00edzen\u00ed<\/p>\n<p><\/i>Evropsk\u00e1 unie, Rusk\u00e1 federace a \u010c\u00ednsk\u00e1 lidov\u00e1 republika p\u0159edstavuj\u00ed rohy pomysln\u00e9ho troj\u00faheln\u00edku vz\u00e1jemn\u00fdch z\u00e1vislost\u00ed. Rusk\u00e1 federace je do ur\u010dit\u00e9 m\u00edry z\u00e1visl\u00e1 na p\u0159\u00edjmech z v\u00fdvozu sv\u00fdch energetick\u00fdch surovin do Evropy. Evropsk\u00e1 unie, a to ani v kontextu sou\u010dasn\u00e9 &#8222;ukrajinsk\u00e9 krize&#8220;, nem\u016f\u017ee Moskvu pln\u011b bojkotovat, dokud nenalezne jin\u00e9 zdroje ropy \u010di zemn\u00edho plynu. \u010c\u00ednsk\u00e1 lidov\u00e1 republika nab\u00edz\u00ed Rusk\u00e9 federaci &#8222;pl\u00e1n B&#8220;, ale p\u0159itom ani zdaleka nehodl\u00e1 platit sv\u011btov\u00e9 ceny. Do hry p\u0159itom mohou vstoupit i dal\u0161\u00ed alternativy respektive akt\u00e9\u0159i.<br \/>\n<strong>Kl\u00ed\u010dov\u00e1 slova:<\/strong>\u00a0Energetick\u00e1 bezpe\u010dnost, Evropsk\u00e1 unie, vz\u00e1jemn\u00e1 z\u00e1vislost, Rusk\u00e1 federace, \u010c\u00ednsk\u00e1 lidov\u00e1 republika.<i><br \/>\n<\/i><\/p>\n<p><a href=\"https:\/\/veda.polac.cz\/?page_id=747\">04\/2014<\/a><\/p>\n","protected":false},"excerpt":{"rendered":"<p>Resum\u00e9 \u010dl\u00e1nku Energetick\u00e1 politika v Evrop\u011b: Turbulence na obzoru Mgr. Luk\u00e1\u0161 Harazin, prof. Ing. Bed\u0159ich \u0160est\u00e1k, DrSc.; Mgr. Old\u0159ich Krul\u00edk, Ph.D., Fakulta bezpe\u010dnostn\u00edho managementu PA \u010cR v Praze, katedra krizov\u00e9ho \u0159\u00edzen\u00ed Evropsk\u00e1 unie, Rusk\u00e1 federace a \u010c\u00ednsk\u00e1 lidov\u00e1 republika p\u0159edstavuj\u00ed rohy pomysln\u00e9ho troj\u00faheln\u00edku vz\u00e1jemn\u00fdch z\u00e1vislost\u00ed. Rusk\u00e1 federace je do ur\u010dit\u00e9 m\u00edry z\u00e1visl\u00e1 na p\u0159\u00edjmech z [&hellip;]<\/p>\n","protected":false},"author":2,"featured_media":0,"parent":747,"menu_order":5,"comment_status":"closed","ping_status":"closed","template":"","meta":{"footnotes":""},"class_list":["post-757","page","type-page","status-publish","hentry"],"_links":{"self":[{"href":"https:\/\/veda.polac.cz\/index.php?rest_route=\/wp\/v2\/pages\/757","targetHints":{"allow":["GET"]}}],"collection":[{"href":"https:\/\/veda.polac.cz\/index.php?rest_route=\/wp\/v2\/pages"}],"about":[{"href":"https:\/\/veda.polac.cz\/index.php?rest_route=\/wp\/v2\/types\/page"}],"author":[{"embeddable":true,"href":"https:\/\/veda.polac.cz\/index.php?rest_route=\/wp\/v2\/users\/2"}],"replies":[{"embeddable":true,"href":"https:\/\/veda.polac.cz\/index.php?rest_route=%2Fwp%2Fv2%2Fcomments&post=757"}],"version-history":[{"count":2,"href":"https:\/\/veda.polac.cz\/index.php?rest_route=\/wp\/v2\/pages\/757\/revisions"}],"predecessor-version":[{"id":775,"href":"https:\/\/veda.polac.cz\/index.php?rest_route=\/wp\/v2\/pages\/757\/revisions\/775"}],"up":[{"embeddable":true,"href":"https:\/\/veda.polac.cz\/index.php?rest_route=\/wp\/v2\/pages\/747"}],"wp:attachment":[{"href":"https:\/\/veda.polac.cz\/index.php?rest_route=%2Fwp%2Fv2%2Fmedia&parent=757"}],"curies":[{"name":"wp","href":"https:\/\/api.w.org\/{rel}","templated":true}]}}