{"id":755,"date":"2018-09-13T20:25:16","date_gmt":"2018-09-13T20:25:16","guid":{"rendered":"http:\/\/veda.polac.cz\/?page_id=755"},"modified":"2018-10-27T18:53:25","modified_gmt":"2018-10-27T18:53:25","slug":"4-2","status":"publish","type":"page","link":"https:\/\/veda.polac.cz\/?page_id=755","title":{"rendered":""},"content":{"rendered":"<p style=\"text-align: center;\">Resum\u00e9 \u010dl\u00e1nku<\/p>\n<p><strong>Zranitelnost postmodern\u00ed spole\u010dnosti<br \/>\n<\/strong><i>Mgr. \u0160t\u011bp\u00e1n Strnad, Fakulta bezpe\u010dnostn\u00edho managementu PA \u010cR v Praze, katedra spole\u010densk\u00fdch v\u011bd<\/p>\n<p><\/i>\u010cl\u00e1nek se zam\u011b\u0159uje na fenom\u00e9n soci\u00e1ln\u00ed zranitelnosti, souvisej\u00edc\u00ed s postmodern\u00edm konzumerismem. Z\u00e1kladn\u00edm c\u00edlem je p\u0159edn\u011b p\u0159isp\u011bt k p\u0159ehledu specifick\u00fdch rizik, plynouc\u00edch z ekologick\u00fdch hrozeb, spot\u0159ebov\u00e1v\u00e1n\u00ed p\u0159\u00edrodn\u00edch zdroj\u016f a sv\u011btov\u00e9ho popula\u010dn\u00edho v\u00fdvojov\u00e9ho trendu, kter\u00e9 p\u0159edstavuj\u00ed jedny z nejv\u00fdznamn\u011bj\u0161\u00edch hrozeb glob\u00e1ln\u00ed bezpe\u010dnosti. Pozornost je soust\u0159ed\u011bna na r\u016fzn\u00e9 projevy &#8222;rizikov\u00e9 spole\u010dnosti&#8220;, kter\u00e9 maj\u00ed z\u00e1sadn\u00ed vliv na region\u00e1ln\u00ed a mezin\u00e1rodn\u00ed stabilitu, lidskou bezpe\u010dnost a environment\u00e1ln\u00ed udr\u017eitelnost.<br \/>\n<strong>Kl\u00ed\u010dov\u00e1 slova:\u00a0<\/strong>rizikov\u00e1 spole\u010dnost, postmoderna, konzumerismus, soci\u00e1ln\u00ed zranitelnost, udr\u017eiteln\u00fd rozvoj, glob\u00e1ln\u00ed hrozby.<\/p>\n<p><a href=\"https:\/\/veda.polac.cz\/?page_id=747\">04\/2014<\/a><\/p>\n","protected":false},"excerpt":{"rendered":"<p>Resum\u00e9 \u010dl\u00e1nku Zranitelnost postmodern\u00ed spole\u010dnosti Mgr. \u0160t\u011bp\u00e1n Strnad, Fakulta bezpe\u010dnostn\u00edho managementu PA \u010cR v Praze, katedra spole\u010densk\u00fdch v\u011bd \u010cl\u00e1nek se zam\u011b\u0159uje na fenom\u00e9n soci\u00e1ln\u00ed zranitelnosti, souvisej\u00edc\u00ed s postmodern\u00edm konzumerismem. Z\u00e1kladn\u00edm c\u00edlem je p\u0159edn\u011b p\u0159isp\u011bt k p\u0159ehledu specifick\u00fdch rizik, plynouc\u00edch z ekologick\u00fdch hrozeb, spot\u0159ebov\u00e1v\u00e1n\u00ed p\u0159\u00edrodn\u00edch zdroj\u016f a sv\u011btov\u00e9ho popula\u010dn\u00edho v\u00fdvojov\u00e9ho trendu, kter\u00e9 p\u0159edstavuj\u00ed jedny z nejv\u00fdznamn\u011bj\u0161\u00edch [&hellip;]<\/p>\n","protected":false},"author":2,"featured_media":0,"parent":747,"menu_order":4,"comment_status":"closed","ping_status":"closed","template":"","meta":{"footnotes":""},"class_list":["post-755","page","type-page","status-publish","hentry"],"_links":{"self":[{"href":"https:\/\/veda.polac.cz\/index.php?rest_route=\/wp\/v2\/pages\/755","targetHints":{"allow":["GET"]}}],"collection":[{"href":"https:\/\/veda.polac.cz\/index.php?rest_route=\/wp\/v2\/pages"}],"about":[{"href":"https:\/\/veda.polac.cz\/index.php?rest_route=\/wp\/v2\/types\/page"}],"author":[{"embeddable":true,"href":"https:\/\/veda.polac.cz\/index.php?rest_route=\/wp\/v2\/users\/2"}],"replies":[{"embeddable":true,"href":"https:\/\/veda.polac.cz\/index.php?rest_route=%2Fwp%2Fv2%2Fcomments&post=755"}],"version-history":[{"count":2,"href":"https:\/\/veda.polac.cz\/index.php?rest_route=\/wp\/v2\/pages\/755\/revisions"}],"predecessor-version":[{"id":774,"href":"https:\/\/veda.polac.cz\/index.php?rest_route=\/wp\/v2\/pages\/755\/revisions\/774"}],"up":[{"embeddable":true,"href":"https:\/\/veda.polac.cz\/index.php?rest_route=\/wp\/v2\/pages\/747"}],"wp:attachment":[{"href":"https:\/\/veda.polac.cz\/index.php?rest_route=%2Fwp%2Fv2%2Fmedia&parent=755"}],"curies":[{"name":"wp","href":"https:\/\/api.w.org\/{rel}","templated":true}]}}