{"id":7548,"date":"2024-12-09T10:51:18","date_gmt":"2024-12-09T10:51:18","guid":{"rendered":"https:\/\/veda.polac.cz\/?page_id=7548"},"modified":"2024-12-10T13:13:19","modified_gmt":"2024-12-10T13:13:19","slug":"04-2024-2","status":"publish","type":"page","link":"https:\/\/veda.polac.cz\/?page_id=7548&lang=en","title":{"rendered":"04\/2024"},"content":{"rendered":"<p><a href=\"https:\/\/veda.polac.cz\/?page_id=7552&amp;lang=en\"><strong>The Role of Crowdsourcing in Documentation and Investigation of War Crimes<\/strong><\/a><br \/>\nMgr. Karel Pe\u0161ek, University of Defence, Brno, Institute of Intelligence Studies<br \/>\nprof. JUDr. PhDr. Miroslav Mare\u0161, Ph.D., Masaryk University, Brno,<br \/>\nFaculty of Social Studies Department of Political Science<\/p>\n<p><a href=\"https:\/\/veda.polac.cz\/wp-content\/uploads\/2024\/12\/Role-Crowdsourcingu-pri-dokumentaci-a-vysetrovani-valecnych-zlocinu.pdf\" target=\"_blank\" rel=\"noopener\">download (pdf format)<\/a><\/p>\n<hr \/>\n<p><a href=\"https:\/\/veda.polac.cz\/?page_id=7556&amp;lang=en\"><strong>Preventing COVID-19 in the Execution of Prison Sentences:<\/strong><\/a><br \/>\n<strong>Unintended Security Consequences?<\/strong><br \/>\nAMBIS College, Department of Security and Law<br \/>\ndoc. PhDr. Josef Smol\u00edk, Ph.D., MBA, LL.M., MSc., Police Academy of the Czech Republic in Prague, Faculty of Security Management,<br \/>\nDepartment of Security Studies<\/p>\n<p><a href=\"https:\/\/veda.polac.cz\/wp-content\/uploads\/2024\/12\/Prevence-proti-Covid-19-ve-vykonu-trestu-odneti-svobody-nezamyslene-bezpecnostni-dusledky.pdf\" target=\"_blank\" rel=\"noopener\">download (pdf format)<\/a><\/p>\n<hr \/>\n<p><a href=\"https:\/\/veda.polac.cz\/?page_id=7560&amp;lang=en\"><strong>Qualitative Strengthening of Criminal Law Protection from Violence Against Women and Domestic Violence in the EU<\/strong><\/a><br \/>\nJUDr. Mgr. Bc. \u0160t\u011bp\u00e1n Ko\u0159\u00ednek, Matej Bel University in Bansk\u00e1 Bystrica,<br \/>\nSlovak Republic, Faculty of Law, Department of Penal Law,<br \/>\nCriminology, Criminalistics and Forensic Sciences<\/p>\n<p><a href=\"https:\/\/veda.polac.cz\/wp-content\/uploads\/2024\/12\/Kvalitativni-posilovani-trestnepravni-ochrany-pred-nasilim-vuci-zenam-a-domaciho-nasili-v-EU.pdf\" target=\"_blank\" rel=\"noopener\">download (pdf format)<\/a><\/p>\n<hr \/>\n<p><a href=\"https:\/\/veda.polac.cz\/?page_id=7562&amp;lang=en\"><strong>The Possibility of Using Neuropsychological and Projective Methods in the Detection of the Type of Deception and Malingering by Delinquents<\/strong><\/a><br \/>\nMgr. Martin Antu\u0161\u00e1k, Educational Institute, D\u011b\u010d\u00edn,<br \/>\nThe Czech republic or Prison Prag Ruzyn\u011b,<br \/>\nprof. PhDr. Lenka Kr\u00e1msk\u00e1, Ph.D., Na Homolce Hospital, Prag<\/p>\n<p><a href=\"https:\/\/veda.polac.cz\/wp-content\/uploads\/2024\/12\/Moznosti-vyuziti-neuropsychologickych-a-projektivnich-metod-v-detekci-typu-fabulace-a-simulace-u-delikventu.pdf\" target=\"_blank\" rel=\"noopener\">download (pdf format)<\/a><\/p>\n<hr \/>\n<p><a href=\"https:\/\/veda.polac.cz\/?page_id=7564&amp;lang=en\"><strong>Assessment of the Importance of Decontamination of Persons Exposed to Chemical Warfare Substances in a Terrorist Attack<\/strong><\/a><br \/>\nIng. Lubom\u00edr Pol\u00edvka, Police Academy of the Czech Republic, Faculty of Security Management, Department of Crisis Management<\/p>\n<p><a href=\"https:\/\/veda.polac.cz\/wp-content\/uploads\/2024\/12\/Posouzeni-vyznamu-dekontaminace-osob-po-zasazeni-bojovymi-chemickymi-latkami-teroristickym-zpusobem.pdf\" target=\"_blank\" rel=\"noopener\">download (pdf format)<\/a><\/p>\n<hr \/>\n<p><a href=\"https:\/\/veda.polac.cz\/?page_id=7566&amp;lang=en\"><strong>Principles of CBRN Risk Communication with the Public with an Emphasis on the Area of Radiation and Nuclear Danger in the Czech Republic<\/strong><\/a><br \/>\nIng. Karel Malinovsk\u00fd, Police Academy of the Czech Republic in Prague,<br \/>\nFaculty of Security Management. Department of Crisis Management<br \/>\ndoc. Ing. Jozef Sabol, DrSc., Police Academy of the Czech Republic in Prague, Czech Republic, Faculty of Security Management, Department of Crisis Management<\/p>\n<p><a href=\"https:\/\/veda.polac.cz\/wp-content\/uploads\/2024\/12\/Zasady-komunikace-rizika-CBRN-s-verejnosti-s-durazem-na-oblast-radiacniho-a-jaderneho-nebezpeci-v-CR.pdf\" target=\"_blank\" rel=\"noopener\">download (pdf format)<\/a><\/p>\n<hr \/>\n<p><a href=\"https:\/\/veda.polac.cz\/?page_id=7568&amp;lang=en\"><strong>Financial Intelligence as a Tool to Combat Money Laundering<\/strong><\/a><br \/>\nJUDr. Juraj Hollan, Financial Intelligence Unit, Bratislava, Slovak Republic<\/p>\n<p><a href=\"https:\/\/veda.polac.cz\/wp-content\/uploads\/2024\/12\/Financne-spravodajstvo-ako-nastroj-boja-proti-legalizacii-vynosu-z-trestnej-cinnosti.pdf\" target=\"_blank\" rel=\"noopener\">download (pdf format)<\/a><\/p>\n<hr \/>\n<p><a href=\"https:\/\/veda.polac.cz\/?page_id=7570&amp;lang=en\"><strong>Strengthening Security Through Education<\/strong><\/a><br \/>\nmjr. doc. PhDr. JUDr. Mgr. Jozef Medelsk\u00fd, PhD., Academy of the Police Force<br \/>\nin Bratislava, Slovak Republic, Public Law Department<\/p>\n<p><a href=\"https:\/\/veda.polac.cz\/wp-content\/uploads\/2024\/12\/Posilnenie-bezpecnosti-prostrednictvom-vzdelavania.pdf\" target=\"_blank\" rel=\"noopener\">download (pdf format)<\/a><\/p>\n<hr \/>\n","protected":false},"excerpt":{"rendered":"<p>The Role of Crowdsourcing in Documentation and Investigation of War Crimes Mgr. Karel Pe\u0161ek, University of Defence, Brno, Institute of Intelligence Studies prof. JUDr. PhDr. Miroslav Mare\u0161, Ph.D., Masaryk University, Brno, Faculty of Social Studies Department of Political Science download (pdf format) Preventing COVID-19 in the Execution of Prison Sentences: Unintended Security Consequences? AMBIS College, [&hellip;]<\/p>\n","protected":false},"author":6,"featured_media":0,"parent":0,"menu_order":0,"comment_status":"closed","ping_status":"closed","template":"","meta":{"footnotes":""},"class_list":["post-7548","page","type-page","status-publish","hentry"],"_links":{"self":[{"href":"https:\/\/veda.polac.cz\/index.php?rest_route=\/wp\/v2\/pages\/7548","targetHints":{"allow":["GET"]}}],"collection":[{"href":"https:\/\/veda.polac.cz\/index.php?rest_route=\/wp\/v2\/pages"}],"about":[{"href":"https:\/\/veda.polac.cz\/index.php?rest_route=\/wp\/v2\/types\/page"}],"author":[{"embeddable":true,"href":"https:\/\/veda.polac.cz\/index.php?rest_route=\/wp\/v2\/users\/6"}],"replies":[{"embeddable":true,"href":"https:\/\/veda.polac.cz\/index.php?rest_route=%2Fwp%2Fv2%2Fcomments&post=7548"}],"version-history":[{"count":5,"href":"https:\/\/veda.polac.cz\/index.php?rest_route=\/wp\/v2\/pages\/7548\/revisions"}],"predecessor-version":[{"id":7583,"href":"https:\/\/veda.polac.cz\/index.php?rest_route=\/wp\/v2\/pages\/7548\/revisions\/7583"}],"wp:attachment":[{"href":"https:\/\/veda.polac.cz\/index.php?rest_route=%2Fwp%2Fv2%2Fmedia&parent=7548"}],"curies":[{"name":"wp","href":"https:\/\/api.w.org\/{rel}","templated":true}]}}