{"id":7535,"date":"2024-12-06T10:23:36","date_gmt":"2024-12-06T10:23:36","guid":{"rendered":"https:\/\/veda.polac.cz\/?page_id=7535"},"modified":"2024-12-06T10:23:36","modified_gmt":"2024-12-06T10:23:36","slug":"7535-2","status":"publish","type":"page","link":"https:\/\/veda.polac.cz\/?page_id=7535","title":{"rendered":""},"content":{"rendered":"<p style=\"text-align: center;\">Resum\u00e9 \u010dl\u00e1nku<\/p>\n<p><strong>Posilnenie bezpe\u010dnosti prostredn\u00edctvom vzdel\u00e1vania<\/strong><\/p>\n<p><em>mjr. doc. PhDr. JUDr. Mgr. Jozef Medelsk\u00fd, PhD., Akad\u00e9mia Policajn\u00e9ho zboru, Bratislava, Slovensk\u00e1 republika, katedra verejnopr\u00e1vnych vied<\/em><\/p>\n<p><strong>Abstrakt<\/strong><\/p>\n<p>Bezpe\u010dnos\u0165 v\u00a0posledn\u00fdch rokoch nadob\u00fada nov\u00fd rozmer v\u00a0podobe nov\u00fdch sektorov bezpe\u010dnosti. Je to prim\u00e1rne nevojensk\u00fd sektor bezpe\u010dnosti, ktor\u00fd ohrozuje v\u0161etky objekty bezpe\u010dnosti na n\u00e1rodnej \u00farovni. Pr\u00edspevok pon\u00faka teoretick\u00e9 vymedzenie pojmu bezpe\u010dnos\u0165. N\u00e1sledne analyzuje konkr\u00e9tne vzdel\u00e1vacie aktivity, ktor\u00fdmi je mo\u017en\u00e9 posilni\u0165 spravodlivos\u0165 a\u00a0v\u00a0kone\u010dnom d\u00f4sledku aj bezpe\u010dnos\u0165 na individu\u00e1lnej a\u00a0societ\u00e1lnej \u00farovni. Z\u00e1verom je pon\u00faknut\u00e9 zhrnutie vykonanej anal\u00fdzy.<\/p>\n<p><strong>K\u013e\u00fa\u010dov\u00e9 slov\u00e1: <\/strong>bezpe\u010dnos\u0165, vzdel\u00e1vanie, bezpe\u010dnostn\u00e9 zlo\u017eky, CEPOL, E4J, prevencia, anal\u00fdza, synt\u00e9za, dedukcia, sumariz\u00e1cia, interpret\u00e1cia.<\/p>\n<hr \/>\n<p><a href=\"https:\/\/veda.polac.cz\/?page_id=7514\">Zp\u011bt<\/a><\/p>\n","protected":false},"excerpt":{"rendered":"<p>Resum\u00e9 \u010dl\u00e1nku Posilnenie bezpe\u010dnosti prostredn\u00edctvom vzdel\u00e1vania mjr. doc. PhDr. JUDr. Mgr. Jozef Medelsk\u00fd, PhD., Akad\u00e9mia Policajn\u00e9ho zboru, Bratislava, Slovensk\u00e1 republika, katedra verejnopr\u00e1vnych vied Abstrakt Bezpe\u010dnos\u0165 v\u00a0posledn\u00fdch rokoch nadob\u00fada nov\u00fd rozmer v\u00a0podobe nov\u00fdch sektorov bezpe\u010dnosti. Je to prim\u00e1rne nevojensk\u00fd sektor bezpe\u010dnosti, ktor\u00fd ohrozuje v\u0161etky objekty bezpe\u010dnosti na n\u00e1rodnej \u00farovni. Pr\u00edspevok pon\u00faka teoretick\u00e9 vymedzenie pojmu bezpe\u010dnos\u0165. N\u00e1sledne [&hellip;]<\/p>\n","protected":false},"author":6,"featured_media":0,"parent":0,"menu_order":0,"comment_status":"closed","ping_status":"closed","template":"","meta":{"footnotes":""},"class_list":["post-7535","page","type-page","status-publish","hentry"],"_links":{"self":[{"href":"https:\/\/veda.polac.cz\/index.php?rest_route=\/wp\/v2\/pages\/7535","targetHints":{"allow":["GET"]}}],"collection":[{"href":"https:\/\/veda.polac.cz\/index.php?rest_route=\/wp\/v2\/pages"}],"about":[{"href":"https:\/\/veda.polac.cz\/index.php?rest_route=\/wp\/v2\/types\/page"}],"author":[{"embeddable":true,"href":"https:\/\/veda.polac.cz\/index.php?rest_route=\/wp\/v2\/users\/6"}],"replies":[{"embeddable":true,"href":"https:\/\/veda.polac.cz\/index.php?rest_route=%2Fwp%2Fv2%2Fcomments&post=7535"}],"version-history":[{"count":1,"href":"https:\/\/veda.polac.cz\/index.php?rest_route=\/wp\/v2\/pages\/7535\/revisions"}],"predecessor-version":[{"id":7536,"href":"https:\/\/veda.polac.cz\/index.php?rest_route=\/wp\/v2\/pages\/7535\/revisions\/7536"}],"wp:attachment":[{"href":"https:\/\/veda.polac.cz\/index.php?rest_route=%2Fwp%2Fv2%2Fmedia&parent=7535"}],"curies":[{"name":"wp","href":"https:\/\/api.w.org\/{rel}","templated":true}]}}