{"id":7531,"date":"2024-12-06T10:17:05","date_gmt":"2024-12-06T10:17:05","guid":{"rendered":"https:\/\/veda.polac.cz\/?page_id=7531"},"modified":"2024-12-06T10:17:05","modified_gmt":"2024-12-06T10:17:05","slug":"7531-2","status":"publish","type":"page","link":"https:\/\/veda.polac.cz\/?page_id=7531","title":{"rendered":""},"content":{"rendered":"<p style=\"text-align: center;\">Resum\u00e9 \u010dl\u00e1nku<\/p>\n<p><strong>Z\u00e1sady komunikace rizika CBRN s\u00a0ve\u0159ejnost\u00ed s\u00a0d\u016frazem na oblast radia\u010dn\u00edho a\u00a0jadern\u00e9ho nebezpe\u010d\u00ed v\u00a0\u010cR<\/strong><\/p>\n<p><em>Ing. Karel Malinovsk\u00fd, Policejn\u00ed akademie \u010cesk\u00e9 republiky v\u00a0Praze, Fakulta bezpe\u010dnostn\u00edho managementu, katedra krizov\u00e9ho \u0159\u00edzen\u00ed<\/em><\/p>\n<p><em>doc. Ing. Jozef Sabol, DrSc., Policejn\u00ed akademie \u010cesk\u00e9 republiky v\u00a0Praze, Fakulta bezpe\u010dnostn\u00edho managementu, katedra krizov\u00e9ho \u0159\u00edzen\u00ed<\/em><\/p>\n<p><strong>Abstrakt<\/strong><\/p>\n<p>V\u00a0p\u0159\u00edsp\u011bvku jsou diskutov\u00e1ny hlavn\u00ed obecn\u00e9 aspekty komunikace s\u00a0ve\u0159ejnost\u00ed v\u00a0oblasti CBRN, p\u0159i\u010dem\u017e se podrobn\u011bji popisuje situace v\u00a0\u010cR zejm\u00e9na s\u00a0ohledem na radia\u010dn\u00ed a\u00a0jadernou bezpe\u010dnost. D\u016fraz je polo\u017een na syst\u00e9my, kter\u00e9 zaji\u0161\u0165uj\u00ed varov\u00e1n\u00ed ob\u010dan\u016f v\u00a0p\u0159\u00edpad\u011b ohro\u017een\u00ed obyvatelstva nebezpe\u010dn\u00fdmi l\u00e1tkami kategorie CBRN. P\u0159\u00edsp\u011bvek je zam\u011b\u0159en na n\u011bkter\u00e9 specifick\u00e9 ot\u00e1zky komunikace CBRN rizika s\u00a0ve\u0159ejnost\u00ed p\u0159i ochran\u011b proti \u00fa\u010dink\u016fm t\u011bchto nebezpe\u010dn\u00fdch CBRN agens s\u00a0mo\u017enost\u00ed minimalizace \u0161kodliv\u00fdch dopad\u016f formou poskytov\u00e1n\u00ed informac\u00ed a\u00a0instrukc\u00ed t\u00fdkaj\u00edc\u00edch se reakc\u00ed na ohro\u017een\u00ed. P\u0159itom je zvl\u00e1\u0161tn\u00ed pozornost v\u011bnov\u00e1na n\u011bkter\u00fdm konkr\u00e9tn\u011bj\u0161\u00edm postup\u016fm, kter\u00e9 jsou realizov\u00e1ny v\u00a0\u010cR p\u0159i komunikac\u00ed rizika a\u00a0zaji\u0161t\u011bn\u00ed adekv\u00e1tn\u00ed ochrany proti nebezpe\u010d\u00ed oz\u00e1\u0159en\u00ed radioaktivn\u00edmi l\u00e1tkami, je\u017e jsou sou\u010d\u00e1st\u00ed komponent R a\u00a0N, kter\u00e9 pat\u0159\u00ed do kategorie l\u00e1tek CBRN.<\/p>\n<p><strong>Kl\u00ed\u010dov\u00e1 slova:<\/strong> komunikace rizika, ve\u0159ejnost, CBRN, S\u00daJB, S\u00daJCHBO, nebezpe\u010dn\u00e9 l\u00e1tky.<\/p>\n<hr \/>\n<p><a href=\"https:\/\/veda.polac.cz\/?page_id=7514\">Zp\u011bt<\/a><\/p>\n","protected":false},"excerpt":{"rendered":"<p>Resum\u00e9 \u010dl\u00e1nku Z\u00e1sady komunikace rizika CBRN s\u00a0ve\u0159ejnost\u00ed s\u00a0d\u016frazem na oblast radia\u010dn\u00edho a\u00a0jadern\u00e9ho nebezpe\u010d\u00ed v\u00a0\u010cR Ing. Karel Malinovsk\u00fd, Policejn\u00ed akademie \u010cesk\u00e9 republiky v\u00a0Praze, Fakulta bezpe\u010dnostn\u00edho managementu, katedra krizov\u00e9ho \u0159\u00edzen\u00ed doc. Ing. Jozef Sabol, DrSc., Policejn\u00ed akademie \u010cesk\u00e9 republiky v\u00a0Praze, Fakulta bezpe\u010dnostn\u00edho managementu, katedra krizov\u00e9ho \u0159\u00edzen\u00ed Abstrakt V\u00a0p\u0159\u00edsp\u011bvku jsou diskutov\u00e1ny hlavn\u00ed obecn\u00e9 aspekty komunikace s\u00a0ve\u0159ejnost\u00ed v\u00a0oblasti CBRN, [&hellip;]<\/p>\n","protected":false},"author":6,"featured_media":0,"parent":0,"menu_order":0,"comment_status":"closed","ping_status":"closed","template":"","meta":{"footnotes":""},"class_list":["post-7531","page","type-page","status-publish","hentry"],"_links":{"self":[{"href":"https:\/\/veda.polac.cz\/index.php?rest_route=\/wp\/v2\/pages\/7531","targetHints":{"allow":["GET"]}}],"collection":[{"href":"https:\/\/veda.polac.cz\/index.php?rest_route=\/wp\/v2\/pages"}],"about":[{"href":"https:\/\/veda.polac.cz\/index.php?rest_route=\/wp\/v2\/types\/page"}],"author":[{"embeddable":true,"href":"https:\/\/veda.polac.cz\/index.php?rest_route=\/wp\/v2\/users\/6"}],"replies":[{"embeddable":true,"href":"https:\/\/veda.polac.cz\/index.php?rest_route=%2Fwp%2Fv2%2Fcomments&post=7531"}],"version-history":[{"count":1,"href":"https:\/\/veda.polac.cz\/index.php?rest_route=\/wp\/v2\/pages\/7531\/revisions"}],"predecessor-version":[{"id":7532,"href":"https:\/\/veda.polac.cz\/index.php?rest_route=\/wp\/v2\/pages\/7531\/revisions\/7532"}],"wp:attachment":[{"href":"https:\/\/veda.polac.cz\/index.php?rest_route=%2Fwp%2Fv2%2Fmedia&parent=7531"}],"curies":[{"name":"wp","href":"https:\/\/api.w.org\/{rel}","templated":true}]}}