{"id":753,"date":"2018-09-13T20:24:15","date_gmt":"2018-09-13T20:24:15","guid":{"rendered":"http:\/\/veda.polac.cz\/?page_id=753"},"modified":"2018-10-27T18:53:25","modified_gmt":"2018-10-27T18:53:25","slug":"3-2","status":"publish","type":"page","link":"https:\/\/veda.polac.cz\/?page_id=753","title":{"rendered":""},"content":{"rendered":"<p style=\"text-align: center;\">Resum\u00e9 \u010dl\u00e1nku<\/p>\n<p><strong>M\u00e1 policista povinnost sd\u011blit p\u0159i projedn\u00e1v\u00e1n\u00ed jeho deliktu p\u0159\u00edslu\u0161nost k bezpe\u010dnostn\u00edmu sboru?<br \/>\n<\/strong><i>JUDr. Zden\u011bk Fiala, Ph.D., Mgr. Krist\u00fdna Bene\u0161ov\u00e1, Fakulta bezpe\u010dnostn\u00edho managementu PA \u010cR v Praze, katedra ve\u0159ejn\u00e9 spr\u00e1vy<\/p>\n<p><\/i>Tento p\u0159\u00edsp\u011bvek se podrobn\u011b zab\u00fdv\u00e1 problematikou povinnosti p\u0159\u00edslu\u0161n\u00edka Policie \u010cR sd\u011blit spr\u00e1vn\u00edmu org\u00e1nu svou p\u0159\u00edslu\u0161nost k bezpe\u010dnostn\u00edmu sboru v p\u0159\u00edpad\u011b, \u017ee se dopust\u00ed jedn\u00e1n\u00ed, kter\u00e9 m\u00e1 znaky p\u0159estupku.<br \/>\nAuto\u0159i p\u0159\u00edsp\u011bvku se zab\u00fdvaj\u00ed jednak ot\u00e1zkou, zda jsou p\u0159\u00edslu\u0161n\u00edci Policie \u010cR povinni svou p\u0159\u00edslu\u0161nost k bezpe\u010dnostn\u00edmu sboru sd\u011blit a jednak pr\u00e1vn\u00edmi \u00fa\u010dinky rozhodnut\u00ed, kter\u00e9 bylo vyd\u00e1no v\u011bcn\u011b nep\u0159\u00edslu\u0161n\u00fdm spr\u00e1vn\u00edm org\u00e1nem v p\u0159\u00edpad\u011b, \u017ee p\u0159\u00edslu\u0161n\u00edk tuto svou p\u0159\u00edslu\u0161nost k bezpe\u010dnostn\u00edmu sboru zatajil a procesem odstran\u011bn\u00ed t\u00e9to vady.<br \/>\n<strong>Kl\u00ed\u010dov\u00e1 slova:<\/strong>\u00a0p\u0159\u00edslu\u0161n\u00edk bezpe\u010dnostn\u00edho sboru, p\u0159\u00edslu\u0161nost k bezpe\u010dnostn\u00edmu sboru, slu\u017eebn\u00ed pom\u011br, slu\u017eebn\u00ed funkcion\u00e1\u0159, p\u0159estupek, jedn\u00e1n\u00ed maj\u00edc\u00ed znaky p\u0159estupku, nicotnost rozhodnut\u00ed, informa\u010dn\u00ed povinnost, z\u00e1kaz sebeobvin\u011bn\u00ed.<\/p>\n<p><a href=\"https:\/\/veda.polac.cz\/?page_id=747\">04\/2014<\/a><\/p>\n","protected":false},"excerpt":{"rendered":"<p>Resum\u00e9 \u010dl\u00e1nku M\u00e1 policista povinnost sd\u011blit p\u0159i projedn\u00e1v\u00e1n\u00ed jeho deliktu p\u0159\u00edslu\u0161nost k bezpe\u010dnostn\u00edmu sboru? JUDr. Zden\u011bk Fiala, Ph.D., Mgr. Krist\u00fdna Bene\u0161ov\u00e1, Fakulta bezpe\u010dnostn\u00edho managementu PA \u010cR v Praze, katedra ve\u0159ejn\u00e9 spr\u00e1vy Tento p\u0159\u00edsp\u011bvek se podrobn\u011b zab\u00fdv\u00e1 problematikou povinnosti p\u0159\u00edslu\u0161n\u00edka Policie \u010cR sd\u011blit spr\u00e1vn\u00edmu org\u00e1nu svou p\u0159\u00edslu\u0161nost k bezpe\u010dnostn\u00edmu sboru v p\u0159\u00edpad\u011b, \u017ee se dopust\u00ed jedn\u00e1n\u00ed, [&hellip;]<\/p>\n","protected":false},"author":2,"featured_media":0,"parent":747,"menu_order":3,"comment_status":"closed","ping_status":"closed","template":"","meta":{"footnotes":""},"class_list":["post-753","page","type-page","status-publish","hentry"],"_links":{"self":[{"href":"https:\/\/veda.polac.cz\/index.php?rest_route=\/wp\/v2\/pages\/753","targetHints":{"allow":["GET"]}}],"collection":[{"href":"https:\/\/veda.polac.cz\/index.php?rest_route=\/wp\/v2\/pages"}],"about":[{"href":"https:\/\/veda.polac.cz\/index.php?rest_route=\/wp\/v2\/types\/page"}],"author":[{"embeddable":true,"href":"https:\/\/veda.polac.cz\/index.php?rest_route=\/wp\/v2\/users\/2"}],"replies":[{"embeddable":true,"href":"https:\/\/veda.polac.cz\/index.php?rest_route=%2Fwp%2Fv2%2Fcomments&post=753"}],"version-history":[{"count":2,"href":"https:\/\/veda.polac.cz\/index.php?rest_route=\/wp\/v2\/pages\/753\/revisions"}],"predecessor-version":[{"id":784,"href":"https:\/\/veda.polac.cz\/index.php?rest_route=\/wp\/v2\/pages\/753\/revisions\/784"}],"up":[{"embeddable":true,"href":"https:\/\/veda.polac.cz\/index.php?rest_route=\/wp\/v2\/pages\/747"}],"wp:attachment":[{"href":"https:\/\/veda.polac.cz\/index.php?rest_route=%2Fwp%2Fv2%2Fmedia&parent=753"}],"curies":[{"name":"wp","href":"https:\/\/api.w.org\/{rel}","templated":true}]}}