{"id":7529,"date":"2024-12-06T10:15:05","date_gmt":"2024-12-06T10:15:05","guid":{"rendered":"https:\/\/veda.polac.cz\/?page_id=7529"},"modified":"2024-12-06T10:15:05","modified_gmt":"2024-12-06T10:15:05","slug":"7529-2","status":"publish","type":"page","link":"https:\/\/veda.polac.cz\/?page_id=7529","title":{"rendered":""},"content":{"rendered":"<p style=\"text-align: center;\">Resum\u00e9 \u010dl\u00e1nku<\/p>\n<p><strong>Posouzen\u00ed v\u00fdznamu dekontaminace osob po zasa\u017een\u00ed bojov\u00fdmi chemick\u00fdmi l\u00e1tkami teroristick\u00fdm zp\u016fsobem<\/strong><\/p>\n<p><em>Ing. Lubom\u00edr Pol\u00edvka, Policejn\u00ed akademie \u010cesk\u00e9 republiky v\u00a0Praze, Fakulta bezpe\u010dnostn\u00edho managementu, katedra krizov\u00e9ho \u0159\u00edzen\u00ed<\/em><\/p>\n<p><strong>Abstrakt<\/strong><\/p>\n<p>Z\u00e1chrann\u00e9 slo\u017eky disponuj\u00ed v\u0161eobecn\u011b stanoven\u00fdmi postupy p\u0159i kontaminaci osob zasa\u017een\u00fdch nebezpe\u010dn\u00fdmi chemick\u00fdmi l\u00e1tkami, v\u010detn\u011b l\u00e1tek bojov\u00fdch. Z\u00a0hlediska fyzik\u00e1ln\u00edch a\u00a0chemick\u00fdch vlastnost\u00ed t\u011bchto l\u00e1tek s\u00a0d\u016frazem na formu kontaminace (vdechnut\u00ed, p\u0159es k\u016f\u017ei) a\u00a0jejich p\u016fsoben\u00ed na lidsk\u00fd organismus a\u00a0z\u00a0re\u00e1ln\u00e9ho \u010dasov\u00e9ho hlediska zah\u00e1jen\u00ed dekontaminace, pou\u017e\u00edvan\u00e9 dekontamina\u010dn\u00ed l\u00e1tky a\u00a0dal\u0161\u00edch aspekt\u016f se jev\u00ed prov\u00e1d\u011bn\u00ed t\u00e9to dekontaminace a\u00a0jej\u00ed praktick\u00fd v\u00fdznam jako diskutabiln\u00ed. C\u00edlem \u010dl\u00e1nku je posoudit st\u00e1vaj\u00edc\u00ed kapacitn\u00ed a\u00a0dal\u0161\u00ed mo\u017enosti, metody a\u00a0postupy dekontaminace zasa\u017een\u00fdch osob z\u00a0hlediska v\u00fdznamu t\u00e9to dekontaminace p\u0159i prvn\u00ed pomoci kontaminovan\u00fdm osob\u00e1m v\u00a0n\u00e1vaznosti na mo\u017en\u00e9 re\u00e1ln\u00e9 situace vzniku t\u011bchto mimo\u0159\u00e1dn\u00fdch ud\u00e1lost\u00ed a\u00a0d\u00e1le navrhnout re\u00e1lnou mo\u017enost zv\u00fd\u0161en\u00ed po\u010dtu zachr\u00e1n\u011bn\u00fdch osob v\u00a0n\u00e1vaznosti na st\u00e1vaj\u00edc\u00ed stav a\u00a0mo\u017enosti.<\/p>\n<p><strong>Kl\u00ed\u010dov\u00e1 slova: <\/strong>dekontaminace, organofosf\u00e1ty, toxicita, lidsk\u00fd organismus, br\u00e1ny vstupu, antidota.<\/p>\n<hr \/>\n<p><a href=\"https:\/\/veda.polac.cz\/?page_id=7514\">Zp\u011bt<\/a><\/p>\n","protected":false},"excerpt":{"rendered":"<p>Resum\u00e9 \u010dl\u00e1nku Posouzen\u00ed v\u00fdznamu dekontaminace osob po zasa\u017een\u00ed bojov\u00fdmi chemick\u00fdmi l\u00e1tkami teroristick\u00fdm zp\u016fsobem Ing. Lubom\u00edr Pol\u00edvka, Policejn\u00ed akademie \u010cesk\u00e9 republiky v\u00a0Praze, Fakulta bezpe\u010dnostn\u00edho managementu, katedra krizov\u00e9ho \u0159\u00edzen\u00ed Abstrakt Z\u00e1chrann\u00e9 slo\u017eky disponuj\u00ed v\u0161eobecn\u011b stanoven\u00fdmi postupy p\u0159i kontaminaci osob zasa\u017een\u00fdch nebezpe\u010dn\u00fdmi chemick\u00fdmi l\u00e1tkami, v\u010detn\u011b l\u00e1tek bojov\u00fdch. Z\u00a0hlediska fyzik\u00e1ln\u00edch a\u00a0chemick\u00fdch vlastnost\u00ed t\u011bchto l\u00e1tek s\u00a0d\u016frazem na formu kontaminace (vdechnut\u00ed, [&hellip;]<\/p>\n","protected":false},"author":6,"featured_media":0,"parent":0,"menu_order":0,"comment_status":"closed","ping_status":"closed","template":"","meta":{"footnotes":""},"class_list":["post-7529","page","type-page","status-publish","hentry"],"_links":{"self":[{"href":"https:\/\/veda.polac.cz\/index.php?rest_route=\/wp\/v2\/pages\/7529","targetHints":{"allow":["GET"]}}],"collection":[{"href":"https:\/\/veda.polac.cz\/index.php?rest_route=\/wp\/v2\/pages"}],"about":[{"href":"https:\/\/veda.polac.cz\/index.php?rest_route=\/wp\/v2\/types\/page"}],"author":[{"embeddable":true,"href":"https:\/\/veda.polac.cz\/index.php?rest_route=\/wp\/v2\/users\/6"}],"replies":[{"embeddable":true,"href":"https:\/\/veda.polac.cz\/index.php?rest_route=%2Fwp%2Fv2%2Fcomments&post=7529"}],"version-history":[{"count":1,"href":"https:\/\/veda.polac.cz\/index.php?rest_route=\/wp\/v2\/pages\/7529\/revisions"}],"predecessor-version":[{"id":7530,"href":"https:\/\/veda.polac.cz\/index.php?rest_route=\/wp\/v2\/pages\/7529\/revisions\/7530"}],"wp:attachment":[{"href":"https:\/\/veda.polac.cz\/index.php?rest_route=%2Fwp%2Fv2%2Fmedia&parent=7529"}],"curies":[{"name":"wp","href":"https:\/\/api.w.org\/{rel}","templated":true}]}}