{"id":7524,"date":"2024-12-06T09:58:02","date_gmt":"2024-12-06T09:58:02","guid":{"rendered":"https:\/\/veda.polac.cz\/?page_id=7524"},"modified":"2024-12-06T09:58:02","modified_gmt":"2024-12-06T09:58:02","slug":"7524-2","status":"publish","type":"page","link":"https:\/\/veda.polac.cz\/?page_id=7524","title":{"rendered":""},"content":{"rendered":"<p style=\"text-align: center;\">Resum\u00e9 \u010dl\u00e1nku<\/p>\n<p><strong>Kvalitativn\u00ed posilov\u00e1n\u00ed trestn\u011bpr\u00e1vn\u00ed ochrany p\u0159ed n\u00e1sil\u00edm v\u016f\u010di \u017een\u00e1m a\u00a0dom\u00e1c\u00edho n\u00e1sil\u00ed v EU<\/strong><\/p>\n<p><em>JUDr. Mgr. Bc. \u0160t\u011bp\u00e1n Ko\u0159\u00ednek, Univerzita Mateja Bela v Banskej Bystrici, Slovensk\u00e1 republika, Pr\u00e1vnick\u00e1 fakulta, katedra trestn\u00e9ho pr\u00e1va, kriminol\u00f3gie, kriminalistiky a\u00a0forenzn\u00fdch discipl\u00edn<\/em><\/p>\n<p><strong>Abstrakt<\/strong><\/p>\n<p>N\u00e1siln\u00e9 jedn\u00e1n\u00ed se projevuje v\u00a0mnoha form\u00e1ch a\u00a0dot\u00fdk\u00e1 se r\u016fzn\u00fdch ob\u011bt\u00ed. Na z\u00e1klad\u011b empirick\u00fdch dat bylo opakovan\u011b pouk\u00e1z\u00e1no na fakt, \u017ee v\u00a0nepom\u011brn\u011b vy\u0161\u0161\u00ed m\u00ed\u0159e dopad\u00e1 na \u017eenskou \u010d\u00e1st sv\u011btov\u00e9 populace. Ot\u00e1zk\u00e1m n\u00e1sil\u00ed p\u00e1chan\u00e9ho na \u017een\u00e1ch, jako\u017e i\u00a0dom\u00e1c\u00edmu n\u00e1sil\u00ed, byla a\u00a0z\u016fst\u00e1v\u00e1 v\u011bnov\u00e1na nemal\u00e1 mezin\u00e1rodn\u00ed pozornost. Pr\u016flom nastal p\u0159ijet\u00edm Istanbulsk\u00e9 \u00famluvy, kterou v\u0161ak n\u011bkter\u00e9 zem\u011b, v\u010detn\u011b \u010cesk\u00e9 republiky, neratifikovaly. Za sledov\u00e1n\u00ed \u00fa\u010delu pos\u00edlen\u00ed ochrany p\u0159ed n\u00e1sil\u00edm p\u00e1chan\u00fdm na \u017een\u00e1ch, jako\u017e i\u00a0dom\u00e1c\u00edm n\u00e1sil\u00edm, pak Evropsk\u00e1 unie p\u0159edstavila vlastn\u00ed iniciativu, a\u00a0to n\u00e1vrh sm\u011brnice o\u00a0pot\u00edr\u00e1n\u00ed n\u00e1sil\u00ed v\u016f\u010di \u017een\u00e1m a\u00a0dom\u00e1c\u00edho n\u00e1sil\u00ed. Tento p\u0159\u00edsp\u011bvek si proto klade za c\u00edl p\u0159edstavit a\u00a0rozv\u00e9st zm\u00edn\u011bn\u00fd n\u00e1vrh z\u00a0hlediska jeho trestn\u011bpr\u00e1vn\u00edho obsahu. Vedle toho m\u00e1 pouk\u00e1zat i\u00a0na recentn\u00ed pr\u00e1vn\u00ed \u00fapravu problematiky dom\u00e1c\u00edho n\u00e1sil\u00ed v\u00a0\u010cesk\u00e9 republice. P\u0159\u00edsp\u011bvek je rozd\u011blen do dvou \u010d\u00e1st\u00ed. Prvn\u00ed \u010d\u00e1st se zab\u00fdv\u00e1 recentn\u00ed ochranou \u017een p\u0159ed n\u00e1sil\u00edm, jako\u017e i\u00a0dom\u00e1c\u00edm n\u00e1sil\u00edm, to z\u00a0pohledu vybran\u00fdch \u010d\u00e1st\u00ed platn\u00e9 a\u00a0\u00fa\u010dinn\u00e9 pr\u00e1vn\u00ed \u00fapravy. Druh\u00e1 \u010d\u00e1st se v\u011bnuje anal\u00fdze n\u00e1vrhu nov\u00e9 sm\u011brnice o\u00a0pot\u00edr\u00e1n\u00ed n\u00e1sil\u00ed v\u016f\u010di \u017een\u00e1m a\u00a0dom\u00e1c\u00edho n\u00e1sil\u00ed.<\/p>\n<p><strong>Kl\u00ed\u010dov\u00e1 slova: <\/strong>dom\u00e1c\u00ed n\u00e1sil\u00ed, Evropsk\u00e1 unie, n\u00e1sil\u00ed v\u016f\u010di \u017een\u00e1m, rodina, trestn\u00ed pr\u00e1vo.<\/p>\n<hr \/>\n<p><a href=\"https:\/\/veda.polac.cz\/?page_id=7514\">Zp\u011bt<\/a><\/p>\n","protected":false},"excerpt":{"rendered":"<p>Resum\u00e9 \u010dl\u00e1nku Kvalitativn\u00ed posilov\u00e1n\u00ed trestn\u011bpr\u00e1vn\u00ed ochrany p\u0159ed n\u00e1sil\u00edm v\u016f\u010di \u017een\u00e1m a\u00a0dom\u00e1c\u00edho n\u00e1sil\u00ed v EU JUDr. Mgr. Bc. \u0160t\u011bp\u00e1n Ko\u0159\u00ednek, Univerzita Mateja Bela v Banskej Bystrici, Slovensk\u00e1 republika, Pr\u00e1vnick\u00e1 fakulta, katedra trestn\u00e9ho pr\u00e1va, kriminol\u00f3gie, kriminalistiky a\u00a0forenzn\u00fdch discipl\u00edn Abstrakt N\u00e1siln\u00e9 jedn\u00e1n\u00ed se projevuje v\u00a0mnoha form\u00e1ch a\u00a0dot\u00fdk\u00e1 se r\u016fzn\u00fdch ob\u011bt\u00ed. Na z\u00e1klad\u011b empirick\u00fdch dat bylo opakovan\u011b pouk\u00e1z\u00e1no na [&hellip;]<\/p>\n","protected":false},"author":6,"featured_media":0,"parent":0,"menu_order":0,"comment_status":"closed","ping_status":"closed","template":"","meta":{"footnotes":""},"class_list":["post-7524","page","type-page","status-publish","hentry"],"_links":{"self":[{"href":"https:\/\/veda.polac.cz\/index.php?rest_route=\/wp\/v2\/pages\/7524","targetHints":{"allow":["GET"]}}],"collection":[{"href":"https:\/\/veda.polac.cz\/index.php?rest_route=\/wp\/v2\/pages"}],"about":[{"href":"https:\/\/veda.polac.cz\/index.php?rest_route=\/wp\/v2\/types\/page"}],"author":[{"embeddable":true,"href":"https:\/\/veda.polac.cz\/index.php?rest_route=\/wp\/v2\/users\/6"}],"replies":[{"embeddable":true,"href":"https:\/\/veda.polac.cz\/index.php?rest_route=%2Fwp%2Fv2%2Fcomments&post=7524"}],"version-history":[{"count":1,"href":"https:\/\/veda.polac.cz\/index.php?rest_route=\/wp\/v2\/pages\/7524\/revisions"}],"predecessor-version":[{"id":7525,"href":"https:\/\/veda.polac.cz\/index.php?rest_route=\/wp\/v2\/pages\/7524\/revisions\/7525"}],"wp:attachment":[{"href":"https:\/\/veda.polac.cz\/index.php?rest_route=%2Fwp%2Fv2%2Fmedia&parent=7524"}],"curies":[{"name":"wp","href":"https:\/\/api.w.org\/{rel}","templated":true}]}}